{"id":3852,"date":"2017-02-24T22:57:56","date_gmt":"2017-02-24T22:57:56","guid":{"rendered":"http:\/\/www.haatik.com\/konpainia\/"},"modified":"2024-11-01T12:18:05","modified_gmt":"2024-11-01T12:18:05","slug":"konpainia","status":"publish","type":"page","link":"https:\/\/www.haatik.com\/fr\/konpainia\/","title":{"rendered":"COMPAGNIE"},"content":{"rendered":"<p><strong>Hatik Dantza Konpainiak<\/strong> a \u00e9t\u00e9 fond\u00e9e en 2011 par Aiert Beobide Ega\u00f1a dans le but d&#8217;apporter une perspective nouvelle et vari\u00e9e dans le monde de la danse. Au fil des ann\u00e9es, la compagnie a explor\u00e9 diff\u00e9rents styles, alliant la d\u00e9licatesse des danses classiques \u00e0 l&#8217;expressivit\u00e9 de la danse contemporaine, tout en pr\u00e9servant et en c\u00e9l\u00e9brant <strong>l&#8217;essence des danses basques.<\/strong><\/p>\n<p><strong>La langue basque et la culture basque<\/strong> constituent les fondements de l&#8217;identit\u00e9 de Hatik Dantza Konpainiak. Nos cr\u00e9ations \u00e9tablissent des ponts entre les racines et le langage contemporain, fusionnant tradition et innovation pour offrir au public une exp\u00e9rience artistique unique. Dans nos \u0153uvres, la danse devient un langage universel, le principal outil pour \u00e9mouvoir le public et raconter des histoires \u00e0 travers le mouvement.<\/p>\n<p>Les spectacles que nous avons pr\u00e9sent\u00e9s sur les sc\u00e8nes nationales et internationales refl\u00e8tent notre philosophie : allier tradition et innovation, inspirer le public et explorer l&#8217;art de la danse de mani\u00e8re nouvelle. Nous avons \u00e9t\u00e9 invit\u00e9s \u00e0 nous produire dans la <strong>p\u00e9ninsule espagnole, aux \u00eeles Canaries, en France et m\u00eame au Portugal.<\/strong> Nos derniers travaux ont re\u00e7u cinq nominations aux<strong> prix Max<\/strong> et ont \u00e9t\u00e9 s\u00e9lectionn\u00e9s par le r\u00e9seau de festivals de danse contemporaine <strong>ACIELOABIERTO.<\/strong><\/p>\n<p>\u00c0 travers le projet <strong>HIKDANTZA,<\/strong> nous travaillons sur la formation, la sensibilisation et la diffusion de la danse, en abordant le travail en \u00e9quipe, la discipline artistique, l&#8217;inclusivit\u00e9 et l&#8217;\u00e9volution constante de la danse pour rapprocher cette art de la soci\u00e9t\u00e9 et r\u00e9pondre <strong>aux besoins du secteur des arts de la sc\u00e8ne<\/strong>. Ce projet vise \u00e0 renforcer la communaut\u00e9 artistique et \u00e0 \u00e9largir la pr\u00e9sence de la danse.<\/p>\n","protected":false},"excerpt":{"rendered":"<p>Hatik Dantza Konpainiak a \u00e9t\u00e9 fond\u00e9e en 2011 par Aiert Beobide Ega\u00f1a dans le but d&#8217;apporter une perspective nouvelle et [&hellip;]<\/p>\n","protected":false},"author":1,"featured_media":11773,"parent":0,"menu_order":0,"comment_status":"closed","ping_status":"closed","template":"","meta":{"_acf_changed":false,"footnotes":""},"class_list":["post-3852","page","type-page","status-publish","has-post-thumbnail","hentry"],"acf":[],"yoast_head":"<!-- This site is optimized with the Yoast SEO plugin v24.2 - https:\/\/yoast.com\/wordpress\/plugins\/seo\/ -->\n<title>Haatik Dantza Konpainia I Euskal Dantza Garaikidea<\/title>\n<meta name=\"description\" content=\"2011. urtetik, Dantza konpainia gipuzkoarrak sorkuntza propioetan lan egiteaz gain, hainbat sortzaileekin elkarlanean aritzen da. Haatik Dantza Konpainia\" \/>\n<meta name=\"robots\" content=\"index, follow, max-snippet:-1, max-image-preview:large, max-video-preview:-1\" \/>\n<link rel=\"canonical\" href=\"https:\/\/www.haatik.com\/eu\/konpainia\/\" \/>\n<meta property=\"og:locale\" content=\"fr_FR\" \/>\n<meta property=\"og:type\" content=\"article\" \/>\n<meta property=\"og:title\" content=\"Haatik Dantza Konpainia I Euskal Dantza Garaikidea\" \/>\n<meta property=\"og:description\" content=\"2011. urtetik, Dantza konpainia gipuzkoarrak sorkuntza propioetan lan egiteaz gain, hainbat sortzaileekin elkarlanean aritzen da. Haatik Dantza Konpainia\" \/>\n<meta property=\"og:url\" content=\"https:\/\/www.haatik.com\/eu\/konpainia\/\" \/>\n<meta property=\"og:site_name\" content=\"haatik\" \/>\n<meta property=\"article:publisher\" content=\"https:\/\/www.facebook.com\/HaatikDantzaKonpainia\/\" \/>\n<meta property=\"article:modified_time\" content=\"2024-11-01T12:18:05+00:00\" \/>\n<meta property=\"og:image\" content=\"https:\/\/www.haatik.com\/wp-content\/uploads\/463058115_1074187327968514_5558928018995265853_n.jpg\" \/>\n\t<meta property=\"og:image:width\" content=\"1334\" \/>\n\t<meta property=\"og:image:height\" content=\"750\" \/>\n\t<meta property=\"og:image:type\" content=\"image\/jpeg\" \/>\n<meta name=\"twitter:card\" content=\"summary_large_image\" \/>\n<meta name=\"twitter:site\" content=\"@Haatik_Dantza\" \/>\n<meta name=\"twitter:label1\" content=\"Est. reading time\" \/>\n\t<meta name=\"twitter:data1\" content=\"1 minute\" \/>\n<script type=\"application\/ld+json\" class=\"yoast-schema-graph\">{\"@context\":\"https:\/\/schema.org\",\"@graph\":[{\"@type\":\"WebPage\",\"@id\":\"https:\/\/www.haatik.com\/eu\/konpainia\/\",\"url\":\"https:\/\/www.haatik.com\/eu\/konpainia\/\",\"name\":\"Haatik Dantza Konpainia I Euskal Dantza Garaikidea\",\"isPartOf\":{\"@id\":\"https:\/\/www.haatik.com\/eu\/#website\"},\"primaryImageOfPage\":{\"@id\":\"https:\/\/www.haatik.com\/eu\/konpainia\/#primaryimage\"},\"image\":{\"@id\":\"https:\/\/www.haatik.com\/eu\/konpainia\/#primaryimage\"},\"thumbnailUrl\":\"https:\/\/www.haatik.com\/wp-content\/uploads\/463058115_1074187327968514_5558928018995265853_n.jpg\",\"datePublished\":\"2017-02-24T22:57:56+00:00\",\"dateModified\":\"2024-11-01T12:18:05+00:00\",\"description\":\"2011. urtetik, Dantza konpainia gipuzkoarrak sorkuntza propioetan lan egiteaz gain, hainbat sortzaileekin elkarlanean aritzen da. Haatik Dantza Konpainia\",\"breadcrumb\":{\"@id\":\"https:\/\/www.haatik.com\/eu\/konpainia\/#breadcrumb\"},\"inLanguage\":\"fr-FR\",\"potentialAction\":[{\"@type\":\"ReadAction\",\"target\":[\"https:\/\/www.haatik.com\/eu\/konpainia\/\"]}]},{\"@type\":\"ImageObject\",\"inLanguage\":\"fr-FR\",\"@id\":\"https:\/\/www.haatik.com\/eu\/konpainia\/#primaryimage\",\"url\":\"https:\/\/www.haatik.com\/wp-content\/uploads\/463058115_1074187327968514_5558928018995265853_n.jpg\",\"contentUrl\":\"https:\/\/www.haatik.com\/wp-content\/uploads\/463058115_1074187327968514_5558928018995265853_n.jpg\",\"width\":1334,\"height\":750},{\"@type\":\"BreadcrumbList\",\"@id\":\"https:\/\/www.haatik.com\/eu\/konpainia\/#breadcrumb\",\"itemListElement\":[{\"@type\":\"ListItem\",\"position\":1,\"name\":\"Home\",\"item\":\"https:\/\/www.haatik.com\/fr\/\"},{\"@type\":\"ListItem\",\"position\":2,\"name\":\"COMPAGNIE\"}]},{\"@type\":\"WebSite\",\"@id\":\"https:\/\/www.haatik.com\/eu\/#website\",\"url\":\"https:\/\/www.haatik.com\/eu\/\",\"name\":\"haatik\",\"description\":\"haatik dantza konpainia\",\"publisher\":{\"@id\":\"https:\/\/www.haatik.com\/eu\/#organization\"},\"potentialAction\":[{\"@type\":\"SearchAction\",\"target\":{\"@type\":\"EntryPoint\",\"urlTemplate\":\"https:\/\/www.haatik.com\/eu\/?s={search_term_string}\"},\"query-input\":{\"@type\":\"PropertyValueSpecification\",\"valueRequired\":true,\"valueName\":\"search_term_string\"}}],\"inLanguage\":\"fr-FR\"},{\"@type\":\"Organization\",\"@id\":\"https:\/\/www.haatik.com\/eu\/#organization\",\"name\":\"haatik\",\"url\":\"https:\/\/www.haatik.com\/eu\/\",\"logo\":{\"@type\":\"ImageObject\",\"inLanguage\":\"fr-FR\",\"@id\":\"https:\/\/www.haatik.com\/eu\/#\/schema\/logo\/image\/\",\"url\":\"https:\/\/www.haatik.com\/wp-content\/uploads\/logo_haatik_2016-01.png\",\"contentUrl\":\"https:\/\/www.haatik.com\/wp-content\/uploads\/logo_haatik_2016-01.png\",\"width\":1036,\"height\":493,\"caption\":\"haatik\"},\"image\":{\"@id\":\"https:\/\/www.haatik.com\/eu\/#\/schema\/logo\/image\/\"},\"sameAs\":[\"https:\/\/www.facebook.com\/HaatikDantzaKonpainia\/\",\"https:\/\/x.com\/Haatik_Dantza\",\"https:\/\/instagram.com\/haatikdantzakonpainia\"]}]}<\/script>\n<!-- \/ Yoast SEO plugin. -->","yoast_head_json":{"title":"Haatik Dantza Konpainia I Euskal Dantza Garaikidea","description":"2011. urtetik, Dantza konpainia gipuzkoarrak sorkuntza propioetan lan egiteaz gain, hainbat sortzaileekin elkarlanean aritzen da. Haatik Dantza Konpainia","robots":{"index":"index","follow":"follow","max-snippet":"max-snippet:-1","max-image-preview":"max-image-preview:large","max-video-preview":"max-video-preview:-1"},"canonical":"https:\/\/www.haatik.com\/eu\/konpainia\/","og_locale":"fr_FR","og_type":"article","og_title":"Haatik Dantza Konpainia I Euskal Dantza Garaikidea","og_description":"2011. urtetik, Dantza konpainia gipuzkoarrak sorkuntza propioetan lan egiteaz gain, hainbat sortzaileekin elkarlanean aritzen da. Haatik Dantza Konpainia","og_url":"https:\/\/www.haatik.com\/eu\/konpainia\/","og_site_name":"haatik","article_publisher":"https:\/\/www.facebook.com\/HaatikDantzaKonpainia\/","article_modified_time":"2024-11-01T12:18:05+00:00","og_image":[{"width":1334,"height":750,"url":"https:\/\/www.haatik.com\/wp-content\/uploads\/463058115_1074187327968514_5558928018995265853_n.jpg","type":"image\/jpeg"}],"twitter_card":"summary_large_image","twitter_site":"@Haatik_Dantza","twitter_misc":{"Est. reading time":"1 minute"},"schema":{"@context":"https:\/\/schema.org","@graph":[{"@type":"WebPage","@id":"https:\/\/www.haatik.com\/eu\/konpainia\/","url":"https:\/\/www.haatik.com\/eu\/konpainia\/","name":"Haatik Dantza Konpainia I Euskal Dantza Garaikidea","isPartOf":{"@id":"https:\/\/www.haatik.com\/eu\/#website"},"primaryImageOfPage":{"@id":"https:\/\/www.haatik.com\/eu\/konpainia\/#primaryimage"},"image":{"@id":"https:\/\/www.haatik.com\/eu\/konpainia\/#primaryimage"},"thumbnailUrl":"https:\/\/www.haatik.com\/wp-content\/uploads\/463058115_1074187327968514_5558928018995265853_n.jpg","datePublished":"2017-02-24T22:57:56+00:00","dateModified":"2024-11-01T12:18:05+00:00","description":"2011. urtetik, Dantza konpainia gipuzkoarrak sorkuntza propioetan lan egiteaz gain, hainbat sortzaileekin elkarlanean aritzen da. Haatik Dantza Konpainia","breadcrumb":{"@id":"https:\/\/www.haatik.com\/eu\/konpainia\/#breadcrumb"},"inLanguage":"fr-FR","potentialAction":[{"@type":"ReadAction","target":["https:\/\/www.haatik.com\/eu\/konpainia\/"]}]},{"@type":"ImageObject","inLanguage":"fr-FR","@id":"https:\/\/www.haatik.com\/eu\/konpainia\/#primaryimage","url":"https:\/\/www.haatik.com\/wp-content\/uploads\/463058115_1074187327968514_5558928018995265853_n.jpg","contentUrl":"https:\/\/www.haatik.com\/wp-content\/uploads\/463058115_1074187327968514_5558928018995265853_n.jpg","width":1334,"height":750},{"@type":"BreadcrumbList","@id":"https:\/\/www.haatik.com\/eu\/konpainia\/#breadcrumb","itemListElement":[{"@type":"ListItem","position":1,"name":"Home","item":"https:\/\/www.haatik.com\/fr\/"},{"@type":"ListItem","position":2,"name":"COMPAGNIE"}]},{"@type":"WebSite","@id":"https:\/\/www.haatik.com\/eu\/#website","url":"https:\/\/www.haatik.com\/eu\/","name":"haatik","description":"haatik dantza konpainia","publisher":{"@id":"https:\/\/www.haatik.com\/eu\/#organization"},"potentialAction":[{"@type":"SearchAction","target":{"@type":"EntryPoint","urlTemplate":"https:\/\/www.haatik.com\/eu\/?s={search_term_string}"},"query-input":{"@type":"PropertyValueSpecification","valueRequired":true,"valueName":"search_term_string"}}],"inLanguage":"fr-FR"},{"@type":"Organization","@id":"https:\/\/www.haatik.com\/eu\/#organization","name":"haatik","url":"https:\/\/www.haatik.com\/eu\/","logo":{"@type":"ImageObject","inLanguage":"fr-FR","@id":"https:\/\/www.haatik.com\/eu\/#\/schema\/logo\/image\/","url":"https:\/\/www.haatik.com\/wp-content\/uploads\/logo_haatik_2016-01.png","contentUrl":"https:\/\/www.haatik.com\/wp-content\/uploads\/logo_haatik_2016-01.png","width":1036,"height":493,"caption":"haatik"},"image":{"@id":"https:\/\/www.haatik.com\/eu\/#\/schema\/logo\/image\/"},"sameAs":["https:\/\/www.facebook.com\/HaatikDantzaKonpainia\/","https:\/\/x.com\/Haatik_Dantza","https:\/\/instagram.com\/haatikdantzakonpainia"]}]}},"_links":{"self":[{"href":"https:\/\/www.haatik.com\/fr\/wp-json\/wp\/v2\/pages\/3852","targetHints":{"allow":["GET"]}}],"collection":[{"href":"https:\/\/www.haatik.com\/fr\/wp-json\/wp\/v2\/pages"}],"about":[{"href":"https:\/\/www.haatik.com\/fr\/wp-json\/wp\/v2\/types\/page"}],"author":[{"embeddable":true,"href":"https:\/\/www.haatik.com\/fr\/wp-json\/wp\/v2\/users\/1"}],"replies":[{"embeddable":true,"href":"https:\/\/www.haatik.com\/fr\/wp-json\/wp\/v2\/comments?post=3852"}],"version-history":[{"count":25,"href":"https:\/\/www.haatik.com\/fr\/wp-json\/wp\/v2\/pages\/3852\/revisions"}],"predecessor-version":[{"id":9342,"href":"https:\/\/www.haatik.com\/fr\/wp-json\/wp\/v2\/pages\/3852\/revisions\/9342"}],"wp:featuredmedia":[{"embeddable":true,"href":"https:\/\/www.haatik.com\/fr\/wp-json\/wp\/v2\/media\/11773"}],"wp:attachment":[{"href":"https:\/\/www.haatik.com\/fr\/wp-json\/wp\/v2\/media?parent=3852"}],"curies":[{"name":"wp","href":"https:\/\/api.w.org\/{rel}","templated":true}]}}