{"id":9599,"date":"2024-12-04T17:26:36","date_gmt":"2024-12-04T17:26:36","guid":{"rendered":"http:\/\/www.haatik.com\/?page_id=9599"},"modified":"2025-10-29T09:46:32","modified_gmt":"2025-10-29T09:46:32","slug":"ots-programatzaile-gunea","status":"publish","type":"page","link":"https:\/\/www.haatik.com\/eu\/ots-programatzaile-gunea\/","title":{"rendered":"OTS: PROGRAMATZAILE GUNEA"},"content":{"rendered":"<h1><strong><span style=\"color: #0000ff;\">TXOSTENA\u00a0<\/span><\/strong><span style=\"color: #0000ff;\"><strong>\u00b7\u00a0<\/strong><\/span><strong><span style=\"color: #0000ff;\">DOSSIER<\/span><\/strong><\/h1>\n<h5><span style=\"color: #0000ff;\"><strong>PDF<\/strong><\/span><\/h5>\n<ul>\n<li><span style=\"color: #333333;\"><a style=\"color: #333333;\" href=\"https:\/\/drive.google.com\/file\/d\/1Q4PyH0v4Bd4oL3ysDIQ-I_6TB_RGnkDW\/view?usp=share_link\" target=\"_blank\" rel=\"noopener noreferrer\">TXOSTENA (EUS<\/a>)<\/span><\/li>\n<li><span style=\"color: #808080;\"><a style=\"color: #808080;\" href=\"https:\/\/drive.google.com\/file\/d\/1ADn85ykYYBtUCf8Aj69C423B2uVlvaJp\/view?usp=share_link\" target=\"_blank\" rel=\"noopener noreferrer\">DOSIER (ES)<\/a><\/span><\/li>\n<li><a href=\"https:\/\/drive.google.com\/file\/d\/1tkegrHpYXIkVzOHlHZ9Win-4G-4Qc7l2\/view?usp=share_link\" target=\"_blank\" rel=\"noopener\"><span style=\"color: #333399;\">DOSSIER (FR)<\/span><\/a><\/li>\n<li><a href=\"https:\/\/drive.google.com\/file\/d\/1dr4UoxPTkyxwQlnDd5ZWoysPaMuaf0_D\/view?usp=share_link\" target=\"_blank\" rel=\"noopener\"><span style=\"color: #993300;\">DOSSIER (EN)<\/span><\/a><\/li>\n<\/ul>\n<hr \/>\n<h2><strong style=\"color: #0000ff;\">TXT<\/strong><\/h2>\n<h2><strong style=\"color: #0000ff; font-size: 16px;\">Formaturik gabeko testua \/ Texto sin formato \/ Texte brut \/ Plain text<\/strong><\/h2>\n<ul>\n<li><span style=\"color: #333333;\"><a style=\"color: #333333;\" href=\"https:\/\/drive.google.com\/file\/d\/1BObus1l5Vg6TR9EjqjjUvQgG4rio1o3Y\/view?usp=share_link\" target=\"_blank\" rel=\"noopener noreferrer\">ZABALKUNDERAKO TESTUAK (EUS)<\/a><\/span><\/li>\n<li><span style=\"color: #808080;\"><a style=\"color: #808080;\" href=\"https:\/\/drive.google.com\/file\/d\/1QwAVy6CqVpa-e3MtUVbMMkO1S0ngW24c\/view?usp=share_link\" target=\"_blank\" rel=\"noopener noreferrer\">TEXTOS PARA DIFUSI\u00d3N (ES)<\/a><\/span><\/li>\n<li><span style=\"color: #000080;\"><a style=\"color: #000080;\" href=\"https:\/\/drive.google.com\/file\/d\/1yEUQVrqLv1QRgBj6K1Xe2a02F9TOqJFH\/view?usp=share_link\" target=\"_blank\" rel=\"noopener\">TEXTES POUR DIFFUSION (FR)<\/a><\/span><\/li>\n<li><a href=\"https:\/\/drive.google.com\/file\/d\/1Zk1aHA7JQL0ZzzKyVxd92yi_icO5ywL2\/view?usp=share_link\" target=\"_blank\" rel=\"noopener\"><span style=\"color: #993300;\">TEXTS FOR DISTRIBUTION (EN)<\/span><\/a><\/li>\n<\/ul>\n<hr \/>\n<h2><\/h2>\n<h2><span style=\"color: #0000ff;\"><strong>TEASER<\/strong><\/span><\/h2>\n<div style=\"display: flex; gap: 40px; align-items: flex-start;\">\n<div style=\"flex: 2; min-width: 350px;\">\n<p>&nbsp;<\/p>\n<ul>\n<li style=\"text-align: left;\"><span style=\"color: #000000;\"><a style=\"color: #000000;\" href=\"https:\/\/vimeo.com\/1069120137\" target=\"_blank\" rel=\"noopener\">IKUSI, TXERTATU, DESKARGATU \/ <\/a><\/span><\/li>\n<li style=\"text-align: left;\"><a href=\"https:\/\/vimeo.com\/1069120137\" target=\"_blank\" rel=\"noopener\"><span style=\"color: #808080;\">VER, INSERTAR, DESCARGAR \/\u00a0<\/span><\/a><\/li>\n<li style=\"text-align: left;\"><a href=\"https:\/\/vimeo.com\/1069120137\" target=\"_blank\" rel=\"noopener\"><span style=\"color: ##000080;\"><span style=\"color: #000080;\">REGARDER, INS\u00c9RER, T\u00c9L\u00c9CHARGER \/<\/span><\/span><\/a><\/li>\n<li style=\"text-align: left;\"><a href=\"https:\/\/vimeo.com\/1069120137\" target=\"_blank\" rel=\"noopener\"><span style=\"color: #993300;\">WATCH, EMBED, DOWNLOAD\/<\/span><\/a><\/li>\n<\/ul>\n<\/div>\n<p><!-- Eskuineko zutabea: bideoaren aurreikuspena --><\/p>\n<div style=\"flex: 3; min-width: 400px;\"><iframe loading=\"lazy\" src=\"https:\/\/player.vimeo.com\/video\/1069120137\" width=\"100%\" height=\"250\" frameborder=\"0\" allowfullscreen=\"allowfullscreen\"><br \/>\n<\/iframe><\/div>\n<\/div>\n<p>&nbsp;<\/p>\n<hr \/>\n<h2><span style=\"color: #0000ff;\"><strong>KARTELA\u00a0\u00b7 CARTEL \u00b7 AFFICHE \u00b7 POSTER<\/strong><\/span><\/h2>\n<h5><span style=\"color: #0000ff;\"><strong>A3 \/ RGB<\/strong><\/span><\/h5>\n<p><a href=\"https:\/\/drive.google.com\/file\/d\/1WRa9nviUL8G-yt962aTlb0OPYoGkQnQz\/view?usp=share_link\"><img loading=\"lazy\" decoding=\"async\" class=\"wp-image-12364 alignleft\" src=\"https:\/\/www.haatik.com\/wp-content\/uploads\/OTS-kartela-A3-750x1060.jpg\" alt=\"\" width=\"300\" height=\"424\" srcset=\"https:\/\/www.haatik.com\/wp-content\/uploads\/OTS-kartela-A3-750x1060.jpg 750w, https:\/\/www.haatik.com\/wp-content\/uploads\/OTS-kartela-A3-724x1024.jpg 724w, https:\/\/www.haatik.com\/wp-content\/uploads\/OTS-kartela-A3-768x1086.jpg 768w, https:\/\/www.haatik.com\/wp-content\/uploads\/OTS-kartela-A3-1086x1536.jpg 1086w, https:\/\/www.haatik.com\/wp-content\/uploads\/OTS-kartela-A3-1449x2048.jpg 1449w, https:\/\/www.haatik.com\/wp-content\/uploads\/OTS-kartela-A3-1415x2000.jpg 1415w, https:\/\/www.haatik.com\/wp-content\/uploads\/OTS-kartela-A3-scaled.jpg 1811w\" sizes=\"auto, (max-width: 300px) 100vw, 300px\" \/><\/a><\/p>\n<hr \/>\n<h2><\/h2>\n<h2><\/h2>\n<h2><\/h2>\n<h2><\/h2>\n<h2><\/h2>\n<h2><\/h2>\n<h2><\/h2>\n<h2><\/h2>\n<h2><span style=\"color: #0000ff;\"><strong>IRUDIAK \u00b7 IM\u00c1GENES \u00b7 IMAGES<\/strong><\/span><\/h2>\n<p>\u00a9 Iker Gozategi<br \/>\n<a href=\"https:\/\/drive.google.com\/file\/d\/1wCqzgHpUiDLop8rIWXQup3YhZpHx8F9X\/view?usp=share_link\" target=\"_blank\" rel=\"noopener\"><img loading=\"lazy\" decoding=\"async\" class=\"alignleft wp-image-12464 size-thumbnail\" src=\"https:\/\/www.haatik.com\/wp-content\/uploads\/01-OTS_\u00a9IkerGozategi-s-150x150.jpg\" alt=\"\" width=\"150\" height=\"150\" srcset=\"https:\/\/www.haatik.com\/wp-content\/uploads\/01-OTS_\u00a9IkerGozategi-s-150x150.jpg 150w, https:\/\/www.haatik.com\/wp-content\/uploads\/01-OTS_\u00a9IkerGozategi-s-360x360.jpg 360w, https:\/\/www.haatik.com\/wp-content\/uploads\/01-OTS_\u00a9IkerGozategi-s-300x300.jpg 300w\" sizes=\"auto, (max-width: 150px) 100vw, 150px\" \/><\/a> \u00a0<a href=\"https:\/\/drive.google.com\/file\/d\/16mbECDRsC9PB2-5dGEBUrrsOQ-_U04-J\/view?usp=share_link\" target=\"_blank\" rel=\"noopener\"><img loading=\"lazy\" decoding=\"async\" class=\"alignleft wp-image-12468 size-thumbnail\" src=\"https:\/\/www.haatik.com\/wp-content\/uploads\/02-OTS_\u00a9IkerGozategi-s-150x150.jpg\" alt=\"\" width=\"150\" height=\"150\" srcset=\"https:\/\/www.haatik.com\/wp-content\/uploads\/02-OTS_\u00a9IkerGozategi-s-150x150.jpg 150w, https:\/\/www.haatik.com\/wp-content\/uploads\/02-OTS_\u00a9IkerGozategi-s-360x360.jpg 360w, https:\/\/www.haatik.com\/wp-content\/uploads\/02-OTS_\u00a9IkerGozategi-s-300x300.jpg 300w\" sizes=\"auto, (max-width: 150px) 100vw, 150px\" \/><\/a> \u00a0<a href=\"https:\/\/drive.google.com\/file\/d\/1_2NbQJ_o53GhHVC9PAV1TgXTy078NzER\/view?usp=share_link\" target=\"_blank\" rel=\"noopener\"><img loading=\"lazy\" decoding=\"async\" class=\"alignleft wp-image-12476 size-thumbnail\" src=\"https:\/\/www.haatik.com\/wp-content\/uploads\/04-OTS_\u00a9IkerGozategi-s-150x150.jpg\" alt=\"\" width=\"150\" height=\"150\" srcset=\"https:\/\/www.haatik.com\/wp-content\/uploads\/04-OTS_\u00a9IkerGozategi-s-150x150.jpg 150w, https:\/\/www.haatik.com\/wp-content\/uploads\/04-OTS_\u00a9IkerGozategi-s-360x360.jpg 360w, https:\/\/www.haatik.com\/wp-content\/uploads\/04-OTS_\u00a9IkerGozategi-s-300x300.jpg 300w\" sizes=\"auto, (max-width: 150px) 100vw, 150px\" \/><\/a>. <a href=\"https:\/\/drive.google.com\/file\/d\/1YGoPbCPwjs41YHCpbVnrdxeAHmxZmXQK\/view?usp=share_link\" target=\"_blank\" rel=\"noopener\"><img loading=\"lazy\" decoding=\"async\" class=\"wp-image-12500 size-thumbnail alignleft\" src=\"https:\/\/www.haatik.com\/wp-content\/uploads\/10-OTS_\u00a9IkerGozategi-s-150x150.jpg\" alt=\"\" width=\"150\" height=\"150\" srcset=\"https:\/\/www.haatik.com\/wp-content\/uploads\/10-OTS_\u00a9IkerGozategi-s-150x150.jpg 150w, https:\/\/www.haatik.com\/wp-content\/uploads\/10-OTS_\u00a9IkerGozategi-s-360x360.jpg 360w, https:\/\/www.haatik.com\/wp-content\/uploads\/10-OTS_\u00a9IkerGozategi-s-300x300.jpg 300w\" sizes=\"auto, (max-width: 150px) 100vw, 150px\" \/><\/a><\/p>\n<p>\u00a9 David Herranz_Loraldia<br \/>\n<a href=\"https:\/\/drive.google.com\/file\/d\/1HYXlsblfOhdrofjWYzcRWZi5YXSHgXtx\/view?usp=share_link\" target=\"_blank\" rel=\"noopener\"><img loading=\"lazy\" decoding=\"async\" class=\"alignleft wp-image-13008 size-thumbnail\" src=\"https:\/\/www.haatik.com\/wp-content\/uploads\/LORALDIA_15032025_david_herranz_25938-150x150.jpg\" alt=\"\" width=\"150\" height=\"150\" srcset=\"https:\/\/www.haatik.com\/wp-content\/uploads\/LORALDIA_15032025_david_herranz_25938-150x150.jpg 150w, https:\/\/www.haatik.com\/wp-content\/uploads\/LORALDIA_15032025_david_herranz_25938-360x360.jpg 360w, https:\/\/www.haatik.com\/wp-content\/uploads\/LORALDIA_15032025_david_herranz_25938-300x300.jpg 300w\" sizes=\"auto, (max-width: 150px) 100vw, 150px\" \/><\/a> \u00a0<a href=\"https:\/\/drive.google.com\/file\/d\/1DJKQt2BMVtgUcgXCa5rilwqQNxT2ZDFZ\/view?usp=share_link\" target=\"_blank\" rel=\"noopener\"><img loading=\"lazy\" decoding=\"async\" class=\"alignleft wp-image-13004 size-thumbnail\" src=\"https:\/\/www.haatik.com\/wp-content\/uploads\/LORALDIA_15032025_david_herranz_25933-150x150.jpg\" alt=\"\" width=\"150\" height=\"150\" srcset=\"https:\/\/www.haatik.com\/wp-content\/uploads\/LORALDIA_15032025_david_herranz_25933-150x150.jpg 150w, https:\/\/www.haatik.com\/wp-content\/uploads\/LORALDIA_15032025_david_herranz_25933-360x360.jpg 360w, https:\/\/www.haatik.com\/wp-content\/uploads\/LORALDIA_15032025_david_herranz_25933-300x300.jpg 300w\" sizes=\"auto, (max-width: 150px) 100vw, 150px\" \/><\/a> \u00a0<a href=\"https:\/\/drive.google.com\/file\/d\/1tOdwTOHeydv5rFcRPtNH4PSkNnfcxsgF\/view?usp=share_link\" target=\"_blank\" rel=\"noopener\"><img loading=\"lazy\" decoding=\"async\" class=\"alignleft wp-image-13000 size-thumbnail\" src=\"https:\/\/www.haatik.com\/wp-content\/uploads\/LORALDIA_15032025_david_herranz_25866-150x150.jpg\" alt=\"\" width=\"150\" height=\"150\" srcset=\"https:\/\/www.haatik.com\/wp-content\/uploads\/LORALDIA_15032025_david_herranz_25866-150x150.jpg 150w, https:\/\/www.haatik.com\/wp-content\/uploads\/LORALDIA_15032025_david_herranz_25866-360x360.jpg 360w, https:\/\/www.haatik.com\/wp-content\/uploads\/LORALDIA_15032025_david_herranz_25866-300x300.jpg 300w\" sizes=\"auto, (max-width: 150px) 100vw, 150px\" \/><\/a> \u00a0<a href=\"https:\/\/drive.google.com\/file\/d\/1lNmlOU8BenmxRaqgLxa8JeR1doAO2Y-P\/view?usp=share_link\" target=\"_blank\" rel=\"noopener\"><img loading=\"lazy\" decoding=\"async\" class=\"alignleft wp-image-12996 size-thumbnail\" src=\"https:\/\/www.haatik.com\/wp-content\/uploads\/LORALDIA_15032025_david_herranz_25856-150x150.jpg\" alt=\"\" width=\"150\" height=\"150\" srcset=\"https:\/\/www.haatik.com\/wp-content\/uploads\/LORALDIA_15032025_david_herranz_25856-150x150.jpg 150w, https:\/\/www.haatik.com\/wp-content\/uploads\/LORALDIA_15032025_david_herranz_25856-360x360.jpg 360w, https:\/\/www.haatik.com\/wp-content\/uploads\/LORALDIA_15032025_david_herranz_25856-300x300.jpg 300w\" sizes=\"auto, (max-width: 150px) 100vw, 150px\" \/><\/a>.<\/p>\n<p>\u00a9 David Argindar_Bastero<br \/>\n<a href=\"https:\/\/drive.google.com\/file\/d\/1pgMf0x0-7dzXcrX--r6O7eF38DaROEMD\/view?usp=sharing\" target=\"_blank\" rel=\"noopener\"><img loading=\"lazy\" decoding=\"async\" class=\"alignleft wp-image-13012 size-thumbnail\" src=\"https:\/\/www.haatik.com\/wp-content\/uploads\/OtsHaatik-Dantza-Konpainia-1922-7-150x150.jpg\" alt=\"\" width=\"150\" height=\"150\" srcset=\"https:\/\/www.haatik.com\/wp-content\/uploads\/OtsHaatik-Dantza-Konpainia-1922-7-150x150.jpg 150w, https:\/\/www.haatik.com\/wp-content\/uploads\/OtsHaatik-Dantza-Konpainia-1922-7-360x360.jpg 360w, https:\/\/www.haatik.com\/wp-content\/uploads\/OtsHaatik-Dantza-Konpainia-1922-7-300x300.jpg 300w\" sizes=\"auto, (max-width: 150px) 100vw, 150px\" \/><\/a> \u00a0<a href=\"https:\/\/drive.google.com\/file\/d\/1fBtZK4UZMDiF7FkJKiqI5_C3sQInyyDn\/view?usp=share_link\" target=\"_blank\" rel=\"noopener\"><img loading=\"lazy\" decoding=\"async\" class=\"alignleft wp-image-13016 size-thumbnail\" src=\"https:\/\/www.haatik.com\/wp-content\/uploads\/OtsHaatik-Dantza-Konpainia-1948-11-150x150.jpg\" alt=\"\" width=\"150\" height=\"150\" srcset=\"https:\/\/www.haatik.com\/wp-content\/uploads\/OtsHaatik-Dantza-Konpainia-1948-11-150x150.jpg 150w, https:\/\/www.haatik.com\/wp-content\/uploads\/OtsHaatik-Dantza-Konpainia-1948-11-360x360.jpg 360w, https:\/\/www.haatik.com\/wp-content\/uploads\/OtsHaatik-Dantza-Konpainia-1948-11-300x300.jpg 300w\" sizes=\"auto, (max-width: 150px) 100vw, 150px\" \/><\/a> \u00a0<a href=\"https:\/\/drive.google.com\/file\/d\/1j4XNZUxrhlFeihP1_w-GRxLuIsBmmee0\/view?usp=share_link\" target=\"_blank\" rel=\"noopener\"><img loading=\"lazy\" decoding=\"async\" class=\"alignleft wp-image-13020 size-thumbnail\" src=\"https:\/\/www.haatik.com\/wp-content\/uploads\/OtsHaatik-Dantza-Konpainia-1971-16-150x150.jpg\" alt=\"\" width=\"150\" height=\"150\" srcset=\"https:\/\/www.haatik.com\/wp-content\/uploads\/OtsHaatik-Dantza-Konpainia-1971-16-150x150.jpg 150w, https:\/\/www.haatik.com\/wp-content\/uploads\/OtsHaatik-Dantza-Konpainia-1971-16-360x360.jpg 360w, https:\/\/www.haatik.com\/wp-content\/uploads\/OtsHaatik-Dantza-Konpainia-1971-16-300x300.jpg 300w\" sizes=\"auto, (max-width: 150px) 100vw, 150px\" \/><\/a> \u00a0<a href=\"https:\/\/drive.google.com\/file\/d\/1Vq0Vppvb05Oh8WpiidfteX4h4EX5U97Z\/view?usp=share_link\" target=\"_blank\" rel=\"noopener\"><img loading=\"lazy\" decoding=\"async\" class=\"alignleft wp-image-13024 size-thumbnail\" src=\"https:\/\/www.haatik.com\/wp-content\/uploads\/OtsHaatik-Dantza-Konpainia-2009-22-150x150.jpg\" alt=\"\" width=\"150\" height=\"150\" srcset=\"https:\/\/www.haatik.com\/wp-content\/uploads\/OtsHaatik-Dantza-Konpainia-2009-22-150x150.jpg 150w, https:\/\/www.haatik.com\/wp-content\/uploads\/OtsHaatik-Dantza-Konpainia-2009-22-360x360.jpg 360w, https:\/\/www.haatik.com\/wp-content\/uploads\/OtsHaatik-Dantza-Konpainia-2009-22-300x300.jpg 300w\" sizes=\"auto, (max-width: 150px) 100vw, 150px\" \/><\/a><\/p>\n<p>&nbsp;<\/p>\n<p>&nbsp;<\/p>\n<hr \/>\n<h2><span style=\"color: #0000ff;\"><strong>FITXA\u00a0TEKNIKOA \u00b7 FICHA T\u00c9CNICA \u00b7 FICHE TECHNIQUE \u00b7 TECHNICAL SHEET<\/strong><\/span><\/h2>\n<h5><span style=\"color: #0000ff;\"><strong>PDF\u00a0<\/strong><\/span><\/h5>\n<ul>\n<li><span style=\"color: #000000;\"><a style=\"color: #000000;\" href=\"https:\/\/drive.google.com\/file\/d\/1dQnCUOsyLCG0z4kEXfIrZBw-5x-qSGVS\/view?usp=sharing\" target=\"_blank\" rel=\"noopener noreferrer\">FITXA TEKNIKOA &#8211; FICHA T\u00c9CNICA (EUS-ES)<\/a><\/span><\/li>\n<li><a href=\"https:\/\/drive.google.com\/file\/d\/1zVjLW4uNQAYLVmvLC9-zgvKKj1htWkX3\/view?usp=share_link\" target=\"_blank\" rel=\"noopener\"><span style=\"color: #808080;\">FITXA TEKNIKOA \u00a0&#8211; FICHE TECHNIQUE\u00a0(EUS-FR)<\/span><\/a><\/li>\n<li><span style=\"color: #993300;\">TECHNICAL SHEET (EN)<\/span><\/li>\n<\/ul>\n<p>&nbsp;<\/p>\n","protected":false},"excerpt":{"rendered":"<p>TXOSTENA\u00a0\u00b7\u00a0DOSSIER PDF TXOSTENA (EUS) DOSIER (ES) DOSSIER (FR) DOSSIER (EN) TXT Formaturik gabeko testua \/ Texto sin formato \/ Texte [&hellip;]<\/p>\n","protected":false},"author":3,"featured_media":12388,"parent":0,"menu_order":0,"comment_status":"closed","ping_status":"closed","template":"","meta":{"_acf_changed":false,"footnotes":""},"class_list":["post-9599","page","type-page","status-publish","has-post-thumbnail","hentry"],"acf":[],"yoast_head":"<!-- This site is optimized with the Yoast SEO plugin v24.2 - https:\/\/yoast.com\/wordpress\/plugins\/seo\/ -->\n<title>OTS: PROGRAMATZAILE GUNEA |<\/title>\n<meta name=\"robots\" content=\"noindex, nofollow\" \/>\n<meta property=\"og:locale\" content=\"eu_ES\" \/>\n<meta property=\"og:type\" content=\"article\" \/>\n<meta property=\"og:title\" content=\"OTS: PROGRAMATZAILE GUNEA |\" \/>\n<meta property=\"og:description\" content=\"TXOSTENA\u00a0\u00b7\u00a0DOSSIER PDF TXOSTENA (EUS) DOSIER (ES) DOSSIER (FR) DOSSIER (EN) TXT Formaturik gabeko testua \/ Texto sin formato \/ Texte [&hellip;]\" \/>\n<meta property=\"og:url\" content=\"https:\/\/www.haatik.com\/eu\/ots-programatzaile-gunea\/\" \/>\n<meta property=\"og:site_name\" content=\"haatik\" \/>\n<meta property=\"article:publisher\" content=\"https:\/\/www.facebook.com\/HaatikDantzaKonpainia\/\" \/>\n<meta property=\"article:modified_time\" content=\"2025-10-29T09:46:32+00:00\" \/>\n<meta property=\"og:image\" content=\"https:\/\/www.haatik.com\/wp-content\/uploads\/OTS-web-burua-04-1024x528.jpg\" \/>\n\t<meta property=\"og:image:width\" content=\"1024\" \/>\n\t<meta property=\"og:image:height\" content=\"528\" \/>\n\t<meta property=\"og:image:type\" content=\"image\/jpeg\" \/>\n<meta name=\"twitter:card\" content=\"summary_large_image\" \/>\n<meta name=\"twitter:site\" content=\"@Haatik_Dantza\" \/>\n<meta name=\"twitter:label1\" content=\"Est. reading time\" \/>\n\t<meta name=\"twitter:data1\" content=\"4 minutes\" \/>\n<script type=\"application\/ld+json\" class=\"yoast-schema-graph\">{\"@context\":\"https:\/\/schema.org\",\"@graph\":[{\"@type\":\"WebPage\",\"@id\":\"https:\/\/www.haatik.com\/eu\/ots-programatzaile-gunea\/\",\"url\":\"https:\/\/www.haatik.com\/eu\/ots-programatzaile-gunea\/\",\"name\":\"OTS: PROGRAMATZAILE GUNEA |\",\"isPartOf\":{\"@id\":\"https:\/\/www.haatik.com\/eu\/#website\"},\"primaryImageOfPage\":{\"@id\":\"https:\/\/www.haatik.com\/eu\/ots-programatzaile-gunea\/#primaryimage\"},\"image\":{\"@id\":\"https:\/\/www.haatik.com\/eu\/ots-programatzaile-gunea\/#primaryimage\"},\"thumbnailUrl\":\"https:\/\/www.haatik.com\/wp-content\/uploads\/OTS-web-burua-04.jpg\",\"datePublished\":\"2024-12-04T17:26:36+00:00\",\"dateModified\":\"2025-10-29T09:46:32+00:00\",\"breadcrumb\":{\"@id\":\"https:\/\/www.haatik.com\/eu\/ots-programatzaile-gunea\/#breadcrumb\"},\"inLanguage\":\"eu-ES\",\"potentialAction\":[{\"@type\":\"ReadAction\",\"target\":[\"https:\/\/www.haatik.com\/eu\/ots-programatzaile-gunea\/\"]}]},{\"@type\":\"ImageObject\",\"inLanguage\":\"eu-ES\",\"@id\":\"https:\/\/www.haatik.com\/eu\/ots-programatzaile-gunea\/#primaryimage\",\"url\":\"https:\/\/www.haatik.com\/wp-content\/uploads\/OTS-web-burua-04.jpg\",\"contentUrl\":\"https:\/\/www.haatik.com\/wp-content\/uploads\/OTS-web-burua-04.jpg\",\"width\":2339,\"height\":1206},{\"@type\":\"BreadcrumbList\",\"@id\":\"https:\/\/www.haatik.com\/eu\/ots-programatzaile-gunea\/#breadcrumb\",\"itemListElement\":[{\"@type\":\"ListItem\",\"position\":1,\"name\":\"Home\",\"item\":\"https:\/\/www.haatik.com\/eu\/\"},{\"@type\":\"ListItem\",\"position\":2,\"name\":\"OTS: PROGRAMATZAILE GUNEA\"}]},{\"@type\":\"WebSite\",\"@id\":\"https:\/\/www.haatik.com\/eu\/#website\",\"url\":\"https:\/\/www.haatik.com\/eu\/\",\"name\":\"haatik\",\"description\":\"haatik dantza konpainia\",\"publisher\":{\"@id\":\"https:\/\/www.haatik.com\/eu\/#organization\"},\"potentialAction\":[{\"@type\":\"SearchAction\",\"target\":{\"@type\":\"EntryPoint\",\"urlTemplate\":\"https:\/\/www.haatik.com\/eu\/?s={search_term_string}\"},\"query-input\":{\"@type\":\"PropertyValueSpecification\",\"valueRequired\":true,\"valueName\":\"search_term_string\"}}],\"inLanguage\":\"eu-ES\"},{\"@type\":\"Organization\",\"@id\":\"https:\/\/www.haatik.com\/eu\/#organization\",\"name\":\"haatik\",\"url\":\"https:\/\/www.haatik.com\/eu\/\",\"logo\":{\"@type\":\"ImageObject\",\"inLanguage\":\"eu-ES\",\"@id\":\"https:\/\/www.haatik.com\/eu\/#\/schema\/logo\/image\/\",\"url\":\"https:\/\/www.haatik.com\/wp-content\/uploads\/logo_haatik_2016-01.png\",\"contentUrl\":\"https:\/\/www.haatik.com\/wp-content\/uploads\/logo_haatik_2016-01.png\",\"width\":1036,\"height\":493,\"caption\":\"haatik\"},\"image\":{\"@id\":\"https:\/\/www.haatik.com\/eu\/#\/schema\/logo\/image\/\"},\"sameAs\":[\"https:\/\/www.facebook.com\/HaatikDantzaKonpainia\/\",\"https:\/\/x.com\/Haatik_Dantza\",\"https:\/\/instagram.com\/haatikdantzakonpainia\"]}]}<\/script>\n<!-- \/ Yoast SEO plugin. -->","yoast_head_json":{"title":"OTS: PROGRAMATZAILE GUNEA |","robots":{"index":"noindex","follow":"nofollow"},"og_locale":"eu_ES","og_type":"article","og_title":"OTS: PROGRAMATZAILE GUNEA |","og_description":"TXOSTENA\u00a0\u00b7\u00a0DOSSIER PDF TXOSTENA (EUS) DOSIER (ES) DOSSIER (FR) DOSSIER (EN) TXT Formaturik gabeko testua \/ Texto sin formato \/ Texte [&hellip;]","og_url":"https:\/\/www.haatik.com\/eu\/ots-programatzaile-gunea\/","og_site_name":"haatik","article_publisher":"https:\/\/www.facebook.com\/HaatikDantzaKonpainia\/","article_modified_time":"2025-10-29T09:46:32+00:00","og_image":[{"width":1024,"height":528,"url":"https:\/\/www.haatik.com\/wp-content\/uploads\/OTS-web-burua-04-1024x528.jpg","type":"image\/jpeg"}],"twitter_card":"summary_large_image","twitter_site":"@Haatik_Dantza","twitter_misc":{"Est. reading time":"4 minutes"},"schema":{"@context":"https:\/\/schema.org","@graph":[{"@type":"WebPage","@id":"https:\/\/www.haatik.com\/eu\/ots-programatzaile-gunea\/","url":"https:\/\/www.haatik.com\/eu\/ots-programatzaile-gunea\/","name":"OTS: PROGRAMATZAILE GUNEA |","isPartOf":{"@id":"https:\/\/www.haatik.com\/eu\/#website"},"primaryImageOfPage":{"@id":"https:\/\/www.haatik.com\/eu\/ots-programatzaile-gunea\/#primaryimage"},"image":{"@id":"https:\/\/www.haatik.com\/eu\/ots-programatzaile-gunea\/#primaryimage"},"thumbnailUrl":"https:\/\/www.haatik.com\/wp-content\/uploads\/OTS-web-burua-04.jpg","datePublished":"2024-12-04T17:26:36+00:00","dateModified":"2025-10-29T09:46:32+00:00","breadcrumb":{"@id":"https:\/\/www.haatik.com\/eu\/ots-programatzaile-gunea\/#breadcrumb"},"inLanguage":"eu-ES","potentialAction":[{"@type":"ReadAction","target":["https:\/\/www.haatik.com\/eu\/ots-programatzaile-gunea\/"]}]},{"@type":"ImageObject","inLanguage":"eu-ES","@id":"https:\/\/www.haatik.com\/eu\/ots-programatzaile-gunea\/#primaryimage","url":"https:\/\/www.haatik.com\/wp-content\/uploads\/OTS-web-burua-04.jpg","contentUrl":"https:\/\/www.haatik.com\/wp-content\/uploads\/OTS-web-burua-04.jpg","width":2339,"height":1206},{"@type":"BreadcrumbList","@id":"https:\/\/www.haatik.com\/eu\/ots-programatzaile-gunea\/#breadcrumb","itemListElement":[{"@type":"ListItem","position":1,"name":"Home","item":"https:\/\/www.haatik.com\/eu\/"},{"@type":"ListItem","position":2,"name":"OTS: PROGRAMATZAILE GUNEA"}]},{"@type":"WebSite","@id":"https:\/\/www.haatik.com\/eu\/#website","url":"https:\/\/www.haatik.com\/eu\/","name":"haatik","description":"haatik dantza konpainia","publisher":{"@id":"https:\/\/www.haatik.com\/eu\/#organization"},"potentialAction":[{"@type":"SearchAction","target":{"@type":"EntryPoint","urlTemplate":"https:\/\/www.haatik.com\/eu\/?s={search_term_string}"},"query-input":{"@type":"PropertyValueSpecification","valueRequired":true,"valueName":"search_term_string"}}],"inLanguage":"eu-ES"},{"@type":"Organization","@id":"https:\/\/www.haatik.com\/eu\/#organization","name":"haatik","url":"https:\/\/www.haatik.com\/eu\/","logo":{"@type":"ImageObject","inLanguage":"eu-ES","@id":"https:\/\/www.haatik.com\/eu\/#\/schema\/logo\/image\/","url":"https:\/\/www.haatik.com\/wp-content\/uploads\/logo_haatik_2016-01.png","contentUrl":"https:\/\/www.haatik.com\/wp-content\/uploads\/logo_haatik_2016-01.png","width":1036,"height":493,"caption":"haatik"},"image":{"@id":"https:\/\/www.haatik.com\/eu\/#\/schema\/logo\/image\/"},"sameAs":["https:\/\/www.facebook.com\/HaatikDantzaKonpainia\/","https:\/\/x.com\/Haatik_Dantza","https:\/\/instagram.com\/haatikdantzakonpainia"]}]}},"_links":{"self":[{"href":"https:\/\/www.haatik.com\/eu\/wp-json\/wp\/v2\/pages\/9599","targetHints":{"allow":["GET"]}}],"collection":[{"href":"https:\/\/www.haatik.com\/eu\/wp-json\/wp\/v2\/pages"}],"about":[{"href":"https:\/\/www.haatik.com\/eu\/wp-json\/wp\/v2\/types\/page"}],"author":[{"embeddable":true,"href":"https:\/\/www.haatik.com\/eu\/wp-json\/wp\/v2\/users\/3"}],"replies":[{"embeddable":true,"href":"https:\/\/www.haatik.com\/eu\/wp-json\/wp\/v2\/comments?post=9599"}],"version-history":[{"count":140,"href":"https:\/\/www.haatik.com\/eu\/wp-json\/wp\/v2\/pages\/9599\/revisions"}],"predecessor-version":[{"id":13257,"href":"https:\/\/www.haatik.com\/eu\/wp-json\/wp\/v2\/pages\/9599\/revisions\/13257"}],"wp:featuredmedia":[{"embeddable":true,"href":"https:\/\/www.haatik.com\/eu\/wp-json\/wp\/v2\/media\/12388"}],"wp:attachment":[{"href":"https:\/\/www.haatik.com\/eu\/wp-json\/wp\/v2\/media?parent=9599"}],"curies":[{"name":"wp","href":"https:\/\/api.w.org\/{rel}","templated":true}]}}