{"id":7400,"date":"2022-03-29T09:24:52","date_gmt":"2022-03-29T09:24:52","guid":{"rendered":"http:\/\/www.haatik.com\/?page_id=7400"},"modified":"2024-10-21T19:07:42","modified_gmt":"2024-10-21T19:07:42","slug":"rober-gomez","status":"publish","type":"page","link":"https:\/\/www.haatik.com\/eu\/hik-dantza\/landu\/rober-gomez\/","title":{"rendered":"Rober Gomez"},"content":{"rendered":"<p><b style=\"font-family: Georgia, 'Times New Roman', 'Bitstream Charter', Times, serif;\">\u201cMugimenduan dauden gorputzen baldintzapen, analisi, sokuntza eta elkartrukea\u201d<\/b><\/p>\n<div>\n<p><b>Ikastaroko lan-metodoa<\/b><\/p>\n<\/div>\n<p>Inprobisazioan eta gorputzaren baldintzapenean oinarritzen diren klaseak dira. Helburua gorputza espazioan prestatzea da, imaginarioa martxan jartzea edozein motako entseguri aurre egiteko. Informazio eta norabide sorta zabal batekin, Roberrek klasea gidatuko du dantza klasikoaren, garaikidearen, yogaren eta gaga teknikaren errekurtsoak erabiliz. Mugimenduari lotuta, erakargarriak diren teknikak izaten jarraitzen dute Roberrentzat.<span class=\"Apple-converted-space\">\u00a0<\/span><\/p>\n<p>Klaseen ikuspegia, teknika lantzeaz gain eta beroketa lana egiteaz gain, honakoa izango da: zein da gorputzaren sarrerako atea? Egunero gorputz ezberdina izan ohi dugu, uneoro aldatzen eta nekaturik daukagun dantzarion gorputza onartu. Nola lan egin edozein direla baldintzak, edozein egoeratik edo lesiotik.<span class=\"Apple-converted-space\">\u00a0 <\/span>Guztiak gehitu dezake. Gorputz libre edo lesionatu batek erraminta eta ezagutza nahikoa izanik, modu egokian burutu dezake eskatutako lana. Pentsatzen duen gorputza eta intuizioa duen burua.<\/p>\n<hr \/>\n<p><strong>Rober G\u00f3mez:<\/strong><\/p>\n<p>Rober Gomez Figueresekoa da, Gironakoa hain zuzen ere. Bartzelonako Institut del Teatren 2005ean dantza garaikidean graduatua eta Suizako Lausanne hiriko Rudra B\u00e8jart eskola famatutik igarotakoa.<span class=\"Apple-converted-space\">\u00a0<\/span><\/p>\n<p>Bere ibilbide profesionala It Dansan hasten du. IT-n graduondokoa egin ostean, Bonachela Dance Companyn,<span class=\"Apple-converted-space\">\u00a0 <\/span>Galili Dancen, Club Guy and Roni konpainian, Gelabert-Azzopardi<span class=\"Apple-converted-space\">\u00a0 <\/span>konpainian, Staatstheater Oldenburg konpainian, Maura Morales kooperatiban, Staatstheater Mainzen, La Veronalen, Sol Pic\u00f3 konpainian, Siberian\u2026egiten du lan.<\/p>\n<p>Errepikatzaile bezala Ballet Konzert Bern konpainian eta Amsterdamgo Goi-mailako Arte Eskolan ere aritu da.<\/p>\n<p>Duela lau urte, Hotel Col.lectiu Esc\u00e8nic kolektiboaren zuzendaritza hartzen du, beste interprete eta zuzendari batzuekin batera. Estreinatu berri dute beraien laugarren sorkuntza:<span class=\"Apple-converted-space\">\u00a0 <\/span>Habitaci\u00f3n 11: LA HONTE, Lisi Estarasek zuzendua Mercat de les Florsen.<span class=\"Apple-converted-space\">\u00a0<\/span><\/p>\n<p>Irakasle modura, Nunart Guinard\u00f3, La Caldera, \u00c0rea espai de dansa i creaci\u00f3, La Casa del Moviment, Valentziako Goi-Mailako kontserbatorioan, Badalonako Escola Ritmes eta abar luze batean aritu da.<span class=\"Apple-converted-space\">\u00a0<\/span><\/p>\n<p>Bere dantzarenganako pasioa yogaren ikasketarekin batera egiten du, Asthanga Rocket Yogan formatua baitago. Klase erregularrak ematen ditu Bartzelonan eta penintsula osoan zehar ikastaro trinkoak ematen ditu.<\/p>\n","protected":false},"excerpt":{"rendered":"<p>\u201cMugimenduan dauden gorputzen baldintzapen, analisi, sokuntza eta elkartrukea\u201d Ikastaroko lan-metodoa Inprobisazioan eta gorputzaren baldintzapenean oinarritzen diren klaseak dira. Helburua gorputza [&hellip;]<\/p>\n","protected":false},"author":3,"featured_media":7401,"parent":6012,"menu_order":0,"comment_status":"closed","ping_status":"closed","template":"","meta":{"_acf_changed":false,"footnotes":""},"class_list":["post-7400","page","type-page","status-publish","has-post-thumbnail","hentry"],"acf":[],"yoast_head":"<!-- This site is optimized with the Yoast SEO plugin v24.2 - https:\/\/yoast.com\/wordpress\/plugins\/seo\/ -->\n<title>Rober Gomez | haatik<\/title>\n<meta name=\"robots\" content=\"index, follow, max-snippet:-1, max-image-preview:large, max-video-preview:-1\" \/>\n<link rel=\"canonical\" href=\"https:\/\/www.haatik.com\/eu\/hik-dantza\/landu\/rober-gomez\/\" \/>\n<meta property=\"og:locale\" content=\"eu_ES\" \/>\n<meta property=\"og:type\" content=\"article\" \/>\n<meta property=\"og:title\" content=\"Rober Gomez | haatik\" \/>\n<meta property=\"og:description\" content=\"\u201cMugimenduan dauden gorputzen baldintzapen, analisi, sokuntza eta elkartrukea\u201d Ikastaroko lan-metodoa Inprobisazioan eta gorputzaren baldintzapenean oinarritzen diren klaseak dira. Helburua gorputza [&hellip;]\" \/>\n<meta property=\"og:url\" content=\"https:\/\/www.haatik.com\/eu\/hik-dantza\/landu\/rober-gomez\/\" \/>\n<meta property=\"og:site_name\" content=\"haatik\" \/>\n<meta property=\"article:publisher\" content=\"https:\/\/www.facebook.com\/HaatikDantzaKonpainia\/\" \/>\n<meta property=\"article:modified_time\" content=\"2024-10-21T19:07:42+00:00\" \/>\n<meta property=\"og:image\" content=\"https:\/\/www.haatik.com\/wp-content\/uploads\/web_HIK_DANTZA_LANDU_2022-06_Mesa-de-trabajo-1-copia-4-scaled.jpg\" \/>\n\t<meta property=\"og:image:width\" content=\"2560\" \/>\n\t<meta property=\"og:image:height\" content=\"960\" \/>\n\t<meta property=\"og:image:type\" content=\"image\/jpeg\" \/>\n<meta name=\"twitter:card\" content=\"summary_large_image\" \/>\n<meta name=\"twitter:site\" content=\"@Haatik_Dantza\" \/>\n<meta name=\"twitter:label1\" content=\"Est. reading time\" \/>\n\t<meta name=\"twitter:data1\" content=\"1 minute\" \/>\n<script type=\"application\/ld+json\" class=\"yoast-schema-graph\">{\"@context\":\"https:\/\/schema.org\",\"@graph\":[{\"@type\":\"WebPage\",\"@id\":\"https:\/\/www.haatik.com\/eu\/hik-dantza\/landu\/rober-gomez\/\",\"url\":\"https:\/\/www.haatik.com\/eu\/hik-dantza\/landu\/rober-gomez\/\",\"name\":\"Rober Gomez | haatik\",\"isPartOf\":{\"@id\":\"https:\/\/www.haatik.com\/eu\/#website\"},\"primaryImageOfPage\":{\"@id\":\"https:\/\/www.haatik.com\/eu\/hik-dantza\/landu\/rober-gomez\/#primaryimage\"},\"image\":{\"@id\":\"https:\/\/www.haatik.com\/eu\/hik-dantza\/landu\/rober-gomez\/#primaryimage\"},\"thumbnailUrl\":\"https:\/\/www.haatik.com\/wp-content\/uploads\/web_HIK_DANTZA_LANDU_2022-06_Mesa-de-trabajo-1-copia-4-scaled.jpg\",\"datePublished\":\"2022-03-29T09:24:52+00:00\",\"dateModified\":\"2024-10-21T19:07:42+00:00\",\"breadcrumb\":{\"@id\":\"https:\/\/www.haatik.com\/eu\/hik-dantza\/landu\/rober-gomez\/#breadcrumb\"},\"inLanguage\":\"eu-ES\",\"potentialAction\":[{\"@type\":\"ReadAction\",\"target\":[\"https:\/\/www.haatik.com\/eu\/hik-dantza\/landu\/rober-gomez\/\"]}]},{\"@type\":\"ImageObject\",\"inLanguage\":\"eu-ES\",\"@id\":\"https:\/\/www.haatik.com\/eu\/hik-dantza\/landu\/rober-gomez\/#primaryimage\",\"url\":\"https:\/\/www.haatik.com\/wp-content\/uploads\/web_HIK_DANTZA_LANDU_2022-06_Mesa-de-trabajo-1-copia-4-scaled.jpg\",\"contentUrl\":\"https:\/\/www.haatik.com\/wp-content\/uploads\/web_HIK_DANTZA_LANDU_2022-06_Mesa-de-trabajo-1-copia-4-scaled.jpg\",\"width\":2560,\"height\":960},{\"@type\":\"BreadcrumbList\",\"@id\":\"https:\/\/www.haatik.com\/eu\/hik-dantza\/landu\/rober-gomez\/#breadcrumb\",\"itemListElement\":[{\"@type\":\"ListItem\",\"position\":1,\"name\":\"Home\",\"item\":\"https:\/\/www.haatik.com\/eu\/\"},{\"@type\":\"ListItem\",\"position\":2,\"name\":\"HikDantza\",\"item\":\"https:\/\/www.haatik.com\/eu\/hik-dantza\/\"},{\"@type\":\"ListItem\",\"position\":3,\"name\":\"Landu\",\"item\":\"https:\/\/www.haatik.com\/eu\/hik-dantza\/landu\/\"},{\"@type\":\"ListItem\",\"position\":4,\"name\":\"Rober Gomez\"}]},{\"@type\":\"WebSite\",\"@id\":\"https:\/\/www.haatik.com\/eu\/#website\",\"url\":\"https:\/\/www.haatik.com\/eu\/\",\"name\":\"haatik\",\"description\":\"haatik dantza konpainia\",\"publisher\":{\"@id\":\"https:\/\/www.haatik.com\/eu\/#organization\"},\"potentialAction\":[{\"@type\":\"SearchAction\",\"target\":{\"@type\":\"EntryPoint\",\"urlTemplate\":\"https:\/\/www.haatik.com\/eu\/?s={search_term_string}\"},\"query-input\":{\"@type\":\"PropertyValueSpecification\",\"valueRequired\":true,\"valueName\":\"search_term_string\"}}],\"inLanguage\":\"eu-ES\"},{\"@type\":\"Organization\",\"@id\":\"https:\/\/www.haatik.com\/eu\/#organization\",\"name\":\"haatik\",\"url\":\"https:\/\/www.haatik.com\/eu\/\",\"logo\":{\"@type\":\"ImageObject\",\"inLanguage\":\"eu-ES\",\"@id\":\"https:\/\/www.haatik.com\/eu\/#\/schema\/logo\/image\/\",\"url\":\"https:\/\/www.haatik.com\/wp-content\/uploads\/logo_haatik_2016-01.png\",\"contentUrl\":\"https:\/\/www.haatik.com\/wp-content\/uploads\/logo_haatik_2016-01.png\",\"width\":1036,\"height\":493,\"caption\":\"haatik\"},\"image\":{\"@id\":\"https:\/\/www.haatik.com\/eu\/#\/schema\/logo\/image\/\"},\"sameAs\":[\"https:\/\/www.facebook.com\/HaatikDantzaKonpainia\/\",\"https:\/\/x.com\/Haatik_Dantza\",\"https:\/\/instagram.com\/haatikdantzakonpainia\"]}]}<\/script>\n<!-- \/ Yoast SEO plugin. -->","yoast_head_json":{"title":"Rober Gomez | haatik","robots":{"index":"index","follow":"follow","max-snippet":"max-snippet:-1","max-image-preview":"max-image-preview:large","max-video-preview":"max-video-preview:-1"},"canonical":"https:\/\/www.haatik.com\/eu\/hik-dantza\/landu\/rober-gomez\/","og_locale":"eu_ES","og_type":"article","og_title":"Rober Gomez | haatik","og_description":"\u201cMugimenduan dauden gorputzen baldintzapen, analisi, sokuntza eta elkartrukea\u201d Ikastaroko lan-metodoa Inprobisazioan eta gorputzaren baldintzapenean oinarritzen diren klaseak dira. Helburua gorputza [&hellip;]","og_url":"https:\/\/www.haatik.com\/eu\/hik-dantza\/landu\/rober-gomez\/","og_site_name":"haatik","article_publisher":"https:\/\/www.facebook.com\/HaatikDantzaKonpainia\/","article_modified_time":"2024-10-21T19:07:42+00:00","og_image":[{"width":2560,"height":960,"url":"https:\/\/www.haatik.com\/wp-content\/uploads\/web_HIK_DANTZA_LANDU_2022-06_Mesa-de-trabajo-1-copia-4-scaled.jpg","type":"image\/jpeg"}],"twitter_card":"summary_large_image","twitter_site":"@Haatik_Dantza","twitter_misc":{"Est. reading time":"1 minute"},"schema":{"@context":"https:\/\/schema.org","@graph":[{"@type":"WebPage","@id":"https:\/\/www.haatik.com\/eu\/hik-dantza\/landu\/rober-gomez\/","url":"https:\/\/www.haatik.com\/eu\/hik-dantza\/landu\/rober-gomez\/","name":"Rober Gomez | haatik","isPartOf":{"@id":"https:\/\/www.haatik.com\/eu\/#website"},"primaryImageOfPage":{"@id":"https:\/\/www.haatik.com\/eu\/hik-dantza\/landu\/rober-gomez\/#primaryimage"},"image":{"@id":"https:\/\/www.haatik.com\/eu\/hik-dantza\/landu\/rober-gomez\/#primaryimage"},"thumbnailUrl":"https:\/\/www.haatik.com\/wp-content\/uploads\/web_HIK_DANTZA_LANDU_2022-06_Mesa-de-trabajo-1-copia-4-scaled.jpg","datePublished":"2022-03-29T09:24:52+00:00","dateModified":"2024-10-21T19:07:42+00:00","breadcrumb":{"@id":"https:\/\/www.haatik.com\/eu\/hik-dantza\/landu\/rober-gomez\/#breadcrumb"},"inLanguage":"eu-ES","potentialAction":[{"@type":"ReadAction","target":["https:\/\/www.haatik.com\/eu\/hik-dantza\/landu\/rober-gomez\/"]}]},{"@type":"ImageObject","inLanguage":"eu-ES","@id":"https:\/\/www.haatik.com\/eu\/hik-dantza\/landu\/rober-gomez\/#primaryimage","url":"https:\/\/www.haatik.com\/wp-content\/uploads\/web_HIK_DANTZA_LANDU_2022-06_Mesa-de-trabajo-1-copia-4-scaled.jpg","contentUrl":"https:\/\/www.haatik.com\/wp-content\/uploads\/web_HIK_DANTZA_LANDU_2022-06_Mesa-de-trabajo-1-copia-4-scaled.jpg","width":2560,"height":960},{"@type":"BreadcrumbList","@id":"https:\/\/www.haatik.com\/eu\/hik-dantza\/landu\/rober-gomez\/#breadcrumb","itemListElement":[{"@type":"ListItem","position":1,"name":"Home","item":"https:\/\/www.haatik.com\/eu\/"},{"@type":"ListItem","position":2,"name":"HikDantza","item":"https:\/\/www.haatik.com\/eu\/hik-dantza\/"},{"@type":"ListItem","position":3,"name":"Landu","item":"https:\/\/www.haatik.com\/eu\/hik-dantza\/landu\/"},{"@type":"ListItem","position":4,"name":"Rober Gomez"}]},{"@type":"WebSite","@id":"https:\/\/www.haatik.com\/eu\/#website","url":"https:\/\/www.haatik.com\/eu\/","name":"haatik","description":"haatik dantza konpainia","publisher":{"@id":"https:\/\/www.haatik.com\/eu\/#organization"},"potentialAction":[{"@type":"SearchAction","target":{"@type":"EntryPoint","urlTemplate":"https:\/\/www.haatik.com\/eu\/?s={search_term_string}"},"query-input":{"@type":"PropertyValueSpecification","valueRequired":true,"valueName":"search_term_string"}}],"inLanguage":"eu-ES"},{"@type":"Organization","@id":"https:\/\/www.haatik.com\/eu\/#organization","name":"haatik","url":"https:\/\/www.haatik.com\/eu\/","logo":{"@type":"ImageObject","inLanguage":"eu-ES","@id":"https:\/\/www.haatik.com\/eu\/#\/schema\/logo\/image\/","url":"https:\/\/www.haatik.com\/wp-content\/uploads\/logo_haatik_2016-01.png","contentUrl":"https:\/\/www.haatik.com\/wp-content\/uploads\/logo_haatik_2016-01.png","width":1036,"height":493,"caption":"haatik"},"image":{"@id":"https:\/\/www.haatik.com\/eu\/#\/schema\/logo\/image\/"},"sameAs":["https:\/\/www.facebook.com\/HaatikDantzaKonpainia\/","https:\/\/x.com\/Haatik_Dantza","https:\/\/instagram.com\/haatikdantzakonpainia"]}]}},"_links":{"self":[{"href":"https:\/\/www.haatik.com\/eu\/wp-json\/wp\/v2\/pages\/7400","targetHints":{"allow":["GET"]}}],"collection":[{"href":"https:\/\/www.haatik.com\/eu\/wp-json\/wp\/v2\/pages"}],"about":[{"href":"https:\/\/www.haatik.com\/eu\/wp-json\/wp\/v2\/types\/page"}],"author":[{"embeddable":true,"href":"https:\/\/www.haatik.com\/eu\/wp-json\/wp\/v2\/users\/3"}],"replies":[{"embeddable":true,"href":"https:\/\/www.haatik.com\/eu\/wp-json\/wp\/v2\/comments?post=7400"}],"version-history":[{"count":5,"href":"https:\/\/www.haatik.com\/eu\/wp-json\/wp\/v2\/pages\/7400\/revisions"}],"predecessor-version":[{"id":9184,"href":"https:\/\/www.haatik.com\/eu\/wp-json\/wp\/v2\/pages\/7400\/revisions\/9184"}],"up":[{"embeddable":true,"href":"https:\/\/www.haatik.com\/eu\/wp-json\/wp\/v2\/pages\/6012"}],"wp:featuredmedia":[{"embeddable":true,"href":"https:\/\/www.haatik.com\/eu\/wp-json\/wp\/v2\/media\/7401"}],"wp:attachment":[{"href":"https:\/\/www.haatik.com\/eu\/wp-json\/wp\/v2\/media?parent=7400"}],"curies":[{"name":"wp","href":"https:\/\/api.w.org\/{rel}","templated":true}]}}