{"id":7368,"date":"2022-03-29T07:46:16","date_gmt":"2022-03-29T07:46:16","guid":{"rendered":"http:\/\/www.haatik.com\/?page_id=7368"},"modified":"2022-12-02T10:25:46","modified_gmt":"2022-12-02T10:25:46","slug":"sol-vazquez","status":"publish","type":"page","link":"https:\/\/www.haatik.com\/eu\/hik-dantza\/landu\/sol-vazquez\/","title":{"rendered":"Sol Vazquez"},"content":{"rendered":"<p>&nbsp;<\/p>\n<ul>\n<li>LEKUA: \u00a0\u00a0<strong>Dantzagunea<\/strong>. Pelotarien kalea z\/g (Niessen eraikina) 20100 Errenteria<\/li>\n<li>NORI ZUZENDUA: \u00a0\u00a0<strong>Dantzari eta mugimendu arteetako artisteri zuzendua.<\/strong><\/li>\n<li><b>PREZIOA: \u00a0<\/b>\u00a0<strong>60\u20ac<\/strong> (<strong>50\u20ac\u00a0<\/strong>ADDE edo ARTEKALE bazkideentzat)<\/li>\n<\/ul>\n<p>&nbsp;<\/p>\n<hr \/>\n<p><b style=\"font-family: Georgia, 'Times New Roman', 'Bitstream Charter', Times, serif;\">\u201cGorputz sortzailea\u201d<\/b><\/p>\n<div>\n<p><b>Ikastaroko lan-metodoa<\/b><\/p>\n<\/div>\n<p>Ikastaro honen proposamen Nagusia gorputz eta pentsamendu malguago, analitikoago eta aktiboago bat bilatzeko esplorazioa bultzatzea da. Praktika lurreko lanarekin, banakako, binakako edo taldekako gidatutako inprobisazioarekin egingo da, horretarako teknika ezberdinez baliatuz.<\/p>\n<p>Entrenamenduak geure hezur- egituraz eta egitura muskularraz ezagutza kontzienteagoa proposatzen digu, baita ekintzen gaineko arintasun eta askatasun gehiago ere.<\/p>\n<hr \/>\n<p><strong>Sol Vazquez:<\/strong><\/p>\n<p>Mar de Platako (Argentina) arte magisteritzak dantza klasiko eta garaikidean titulatua.<span class=\"Apple-converted-space\">\u00a0<\/span><\/p>\n<p>Dantza konpainia independenteetan hasten ditu lehen lanak interprete modura, bere jatorrizko hirian. 2002an Bartzelonara mugitzen da eta bere formakuntzarekin jarraitzen du nazioartean ezagunak diren irakasleekin; Gustavo Lesgard, Peter Jasko, Cecilia Colacrai, David Zambrano, Tono Lachky, Eul\u00e0lia Ayguad\u00e9, Laura Ar\u00eds, Martin Kilvady, Jozef Frucek &amp; Linda Kapetanea<span class=\"Apple-converted-space\">\u00a0 <\/span>eta abar.<\/p>\n<p>Maria Roviraren Art Tr\u00e1nsit Dansan hartu zuen parte freelance modura, 2005etik 2012ra. Roberto Olivanen ROPA konpainiaren \u201cA place to bury strangers\u201d, Atempo Circen \u201cDeal\u201d, Sebasti\u00e1n Garc\u00eda Ferro konpainiaren\u201cImpasse#2\u201d, La petita Malumalugaren \u201cMy Baby is a Queen\u201d, Roser L\u00f3pez Espinosaren<span class=\"Apple-converted-space\">\u00a0 <\/span>\u201cNovembre\u201d eta GN-MC<span class=\"Apple-converted-space\">\u00a0 <\/span>konpainiaren \u201cTime Takes The Time Time Takes\u201d lanetan parte hartu du.<span class=\"Apple-converted-space\">\u00a0<\/span><\/p>\n<p>Irakasle gisa, 2006tik 2012ra Aula de Teatre de Matar\u00f3n, Associaci\u00f3 de dansa contempor\u00e0nia de Sabadellen, Sa Nau dansan, Tragant dansan, Institut del Teatren, IEA Oriol Martorellen, Nunart Guinard\u00f3n eta APdCn aritu da, profesionalentzat ikastaroak ematen. Horrez gain, Jardins de la Pau, Cotxeres de Compte Borrell eta La Sedeta zentroetan ere aritu da. Egun, Area Dansan da irakasle.<\/p>\n","protected":false},"excerpt":{"rendered":"<p>&nbsp; LEKUA: \u00a0\u00a0Dantzagunea. Pelotarien kalea z\/g (Niessen eraikina) 20100 Errenteria NORI ZUZENDUA: \u00a0\u00a0Dantzari eta mugimendu arteetako artisteri zuzendua. PREZIOA: \u00a0\u00a060\u20ac [&hellip;]<\/p>\n","protected":false},"author":3,"featured_media":7369,"parent":6012,"menu_order":0,"comment_status":"closed","ping_status":"closed","template":"","meta":{"_acf_changed":false,"footnotes":""},"class_list":["post-7368","page","type-page","status-publish","has-post-thumbnail","hentry"],"acf":[],"yoast_head":"<!-- This site is optimized with the Yoast SEO plugin v24.2 - https:\/\/yoast.com\/wordpress\/plugins\/seo\/ -->\n<title>Sol Vazquez | haatik<\/title>\n<meta name=\"robots\" content=\"index, follow, max-snippet:-1, max-image-preview:large, max-video-preview:-1\" \/>\n<link rel=\"canonical\" href=\"https:\/\/www.haatik.com\/eu\/hik-dantza\/landu\/sol-vazquez\/\" \/>\n<meta property=\"og:locale\" content=\"eu_ES\" \/>\n<meta property=\"og:type\" content=\"article\" \/>\n<meta property=\"og:title\" content=\"Sol Vazquez | haatik\" \/>\n<meta property=\"og:description\" content=\"&nbsp; LEKUA: \u00a0\u00a0Dantzagunea. Pelotarien kalea z\/g (Niessen eraikina) 20100 Errenteria NORI ZUZENDUA: \u00a0\u00a0Dantzari eta mugimendu arteetako artisteri zuzendua. PREZIOA: \u00a0\u00a060\u20ac [&hellip;]\" \/>\n<meta property=\"og:url\" content=\"https:\/\/www.haatik.com\/eu\/hik-dantza\/landu\/sol-vazquez\/\" \/>\n<meta property=\"og:site_name\" content=\"haatik\" \/>\n<meta property=\"article:publisher\" content=\"https:\/\/www.facebook.com\/HaatikDantzaKonpainia\/\" \/>\n<meta property=\"article:modified_time\" content=\"2022-12-02T10:25:46+00:00\" \/>\n<meta property=\"og:image\" content=\"https:\/\/www.haatik.com\/wp-content\/uploads\/web_HIK_DANTZA_LANDU_2022_Mesa-de-trabajo-1-scaled.jpg\" \/>\n\t<meta property=\"og:image:width\" content=\"2560\" \/>\n\t<meta property=\"og:image:height\" content=\"960\" \/>\n\t<meta property=\"og:image:type\" content=\"image\/jpeg\" \/>\n<meta name=\"twitter:card\" content=\"summary_large_image\" \/>\n<meta name=\"twitter:site\" content=\"@Haatik_Dantza\" \/>\n<meta name=\"twitter:label1\" content=\"Est. reading time\" \/>\n\t<meta name=\"twitter:data1\" content=\"1 minute\" \/>\n<script type=\"application\/ld+json\" class=\"yoast-schema-graph\">{\"@context\":\"https:\/\/schema.org\",\"@graph\":[{\"@type\":\"WebPage\",\"@id\":\"https:\/\/www.haatik.com\/eu\/hik-dantza\/landu\/sol-vazquez\/\",\"url\":\"https:\/\/www.haatik.com\/eu\/hik-dantza\/landu\/sol-vazquez\/\",\"name\":\"Sol Vazquez | haatik\",\"isPartOf\":{\"@id\":\"https:\/\/www.haatik.com\/eu\/#website\"},\"primaryImageOfPage\":{\"@id\":\"https:\/\/www.haatik.com\/eu\/hik-dantza\/landu\/sol-vazquez\/#primaryimage\"},\"image\":{\"@id\":\"https:\/\/www.haatik.com\/eu\/hik-dantza\/landu\/sol-vazquez\/#primaryimage\"},\"thumbnailUrl\":\"https:\/\/www.haatik.com\/wp-content\/uploads\/web_HIK_DANTZA_LANDU_2022_Mesa-de-trabajo-1-scaled.jpg\",\"datePublished\":\"2022-03-29T07:46:16+00:00\",\"dateModified\":\"2022-12-02T10:25:46+00:00\",\"breadcrumb\":{\"@id\":\"https:\/\/www.haatik.com\/eu\/hik-dantza\/landu\/sol-vazquez\/#breadcrumb\"},\"inLanguage\":\"eu-ES\",\"potentialAction\":[{\"@type\":\"ReadAction\",\"target\":[\"https:\/\/www.haatik.com\/eu\/hik-dantza\/landu\/sol-vazquez\/\"]}]},{\"@type\":\"ImageObject\",\"inLanguage\":\"eu-ES\",\"@id\":\"https:\/\/www.haatik.com\/eu\/hik-dantza\/landu\/sol-vazquez\/#primaryimage\",\"url\":\"https:\/\/www.haatik.com\/wp-content\/uploads\/web_HIK_DANTZA_LANDU_2022_Mesa-de-trabajo-1-scaled.jpg\",\"contentUrl\":\"https:\/\/www.haatik.com\/wp-content\/uploads\/web_HIK_DANTZA_LANDU_2022_Mesa-de-trabajo-1-scaled.jpg\",\"width\":2560,\"height\":960},{\"@type\":\"BreadcrumbList\",\"@id\":\"https:\/\/www.haatik.com\/eu\/hik-dantza\/landu\/sol-vazquez\/#breadcrumb\",\"itemListElement\":[{\"@type\":\"ListItem\",\"position\":1,\"name\":\"Home\",\"item\":\"https:\/\/www.haatik.com\/eu\/\"},{\"@type\":\"ListItem\",\"position\":2,\"name\":\"HikDantza\",\"item\":\"https:\/\/www.haatik.com\/eu\/hik-dantza\/\"},{\"@type\":\"ListItem\",\"position\":3,\"name\":\"Landu\",\"item\":\"https:\/\/www.haatik.com\/eu\/hik-dantza\/landu\/\"},{\"@type\":\"ListItem\",\"position\":4,\"name\":\"Sol Vazquez\"}]},{\"@type\":\"WebSite\",\"@id\":\"https:\/\/www.haatik.com\/eu\/#website\",\"url\":\"https:\/\/www.haatik.com\/eu\/\",\"name\":\"haatik\",\"description\":\"haatik dantza konpainia\",\"publisher\":{\"@id\":\"https:\/\/www.haatik.com\/eu\/#organization\"},\"potentialAction\":[{\"@type\":\"SearchAction\",\"target\":{\"@type\":\"EntryPoint\",\"urlTemplate\":\"https:\/\/www.haatik.com\/eu\/?s={search_term_string}\"},\"query-input\":{\"@type\":\"PropertyValueSpecification\",\"valueRequired\":true,\"valueName\":\"search_term_string\"}}],\"inLanguage\":\"eu-ES\"},{\"@type\":\"Organization\",\"@id\":\"https:\/\/www.haatik.com\/eu\/#organization\",\"name\":\"haatik\",\"url\":\"https:\/\/www.haatik.com\/eu\/\",\"logo\":{\"@type\":\"ImageObject\",\"inLanguage\":\"eu-ES\",\"@id\":\"https:\/\/www.haatik.com\/eu\/#\/schema\/logo\/image\/\",\"url\":\"https:\/\/www.haatik.com\/wp-content\/uploads\/logo_haatik_2016-01.png\",\"contentUrl\":\"https:\/\/www.haatik.com\/wp-content\/uploads\/logo_haatik_2016-01.png\",\"width\":1036,\"height\":493,\"caption\":\"haatik\"},\"image\":{\"@id\":\"https:\/\/www.haatik.com\/eu\/#\/schema\/logo\/image\/\"},\"sameAs\":[\"https:\/\/www.facebook.com\/HaatikDantzaKonpainia\/\",\"https:\/\/x.com\/Haatik_Dantza\",\"https:\/\/instagram.com\/haatikdantzakonpainia\"]}]}<\/script>\n<!-- \/ Yoast SEO plugin. -->","yoast_head_json":{"title":"Sol Vazquez | haatik","robots":{"index":"index","follow":"follow","max-snippet":"max-snippet:-1","max-image-preview":"max-image-preview:large","max-video-preview":"max-video-preview:-1"},"canonical":"https:\/\/www.haatik.com\/eu\/hik-dantza\/landu\/sol-vazquez\/","og_locale":"eu_ES","og_type":"article","og_title":"Sol Vazquez | haatik","og_description":"&nbsp; LEKUA: \u00a0\u00a0Dantzagunea. Pelotarien kalea z\/g (Niessen eraikina) 20100 Errenteria NORI ZUZENDUA: \u00a0\u00a0Dantzari eta mugimendu arteetako artisteri zuzendua. PREZIOA: \u00a0\u00a060\u20ac [&hellip;]","og_url":"https:\/\/www.haatik.com\/eu\/hik-dantza\/landu\/sol-vazquez\/","og_site_name":"haatik","article_publisher":"https:\/\/www.facebook.com\/HaatikDantzaKonpainia\/","article_modified_time":"2022-12-02T10:25:46+00:00","og_image":[{"width":2560,"height":960,"url":"https:\/\/www.haatik.com\/wp-content\/uploads\/web_HIK_DANTZA_LANDU_2022_Mesa-de-trabajo-1-scaled.jpg","type":"image\/jpeg"}],"twitter_card":"summary_large_image","twitter_site":"@Haatik_Dantza","twitter_misc":{"Est. reading time":"1 minute"},"schema":{"@context":"https:\/\/schema.org","@graph":[{"@type":"WebPage","@id":"https:\/\/www.haatik.com\/eu\/hik-dantza\/landu\/sol-vazquez\/","url":"https:\/\/www.haatik.com\/eu\/hik-dantza\/landu\/sol-vazquez\/","name":"Sol Vazquez | haatik","isPartOf":{"@id":"https:\/\/www.haatik.com\/eu\/#website"},"primaryImageOfPage":{"@id":"https:\/\/www.haatik.com\/eu\/hik-dantza\/landu\/sol-vazquez\/#primaryimage"},"image":{"@id":"https:\/\/www.haatik.com\/eu\/hik-dantza\/landu\/sol-vazquez\/#primaryimage"},"thumbnailUrl":"https:\/\/www.haatik.com\/wp-content\/uploads\/web_HIK_DANTZA_LANDU_2022_Mesa-de-trabajo-1-scaled.jpg","datePublished":"2022-03-29T07:46:16+00:00","dateModified":"2022-12-02T10:25:46+00:00","breadcrumb":{"@id":"https:\/\/www.haatik.com\/eu\/hik-dantza\/landu\/sol-vazquez\/#breadcrumb"},"inLanguage":"eu-ES","potentialAction":[{"@type":"ReadAction","target":["https:\/\/www.haatik.com\/eu\/hik-dantza\/landu\/sol-vazquez\/"]}]},{"@type":"ImageObject","inLanguage":"eu-ES","@id":"https:\/\/www.haatik.com\/eu\/hik-dantza\/landu\/sol-vazquez\/#primaryimage","url":"https:\/\/www.haatik.com\/wp-content\/uploads\/web_HIK_DANTZA_LANDU_2022_Mesa-de-trabajo-1-scaled.jpg","contentUrl":"https:\/\/www.haatik.com\/wp-content\/uploads\/web_HIK_DANTZA_LANDU_2022_Mesa-de-trabajo-1-scaled.jpg","width":2560,"height":960},{"@type":"BreadcrumbList","@id":"https:\/\/www.haatik.com\/eu\/hik-dantza\/landu\/sol-vazquez\/#breadcrumb","itemListElement":[{"@type":"ListItem","position":1,"name":"Home","item":"https:\/\/www.haatik.com\/eu\/"},{"@type":"ListItem","position":2,"name":"HikDantza","item":"https:\/\/www.haatik.com\/eu\/hik-dantza\/"},{"@type":"ListItem","position":3,"name":"Landu","item":"https:\/\/www.haatik.com\/eu\/hik-dantza\/landu\/"},{"@type":"ListItem","position":4,"name":"Sol Vazquez"}]},{"@type":"WebSite","@id":"https:\/\/www.haatik.com\/eu\/#website","url":"https:\/\/www.haatik.com\/eu\/","name":"haatik","description":"haatik dantza konpainia","publisher":{"@id":"https:\/\/www.haatik.com\/eu\/#organization"},"potentialAction":[{"@type":"SearchAction","target":{"@type":"EntryPoint","urlTemplate":"https:\/\/www.haatik.com\/eu\/?s={search_term_string}"},"query-input":{"@type":"PropertyValueSpecification","valueRequired":true,"valueName":"search_term_string"}}],"inLanguage":"eu-ES"},{"@type":"Organization","@id":"https:\/\/www.haatik.com\/eu\/#organization","name":"haatik","url":"https:\/\/www.haatik.com\/eu\/","logo":{"@type":"ImageObject","inLanguage":"eu-ES","@id":"https:\/\/www.haatik.com\/eu\/#\/schema\/logo\/image\/","url":"https:\/\/www.haatik.com\/wp-content\/uploads\/logo_haatik_2016-01.png","contentUrl":"https:\/\/www.haatik.com\/wp-content\/uploads\/logo_haatik_2016-01.png","width":1036,"height":493,"caption":"haatik"},"image":{"@id":"https:\/\/www.haatik.com\/eu\/#\/schema\/logo\/image\/"},"sameAs":["https:\/\/www.facebook.com\/HaatikDantzaKonpainia\/","https:\/\/x.com\/Haatik_Dantza","https:\/\/instagram.com\/haatikdantzakonpainia"]}]}},"_links":{"self":[{"href":"https:\/\/www.haatik.com\/eu\/wp-json\/wp\/v2\/pages\/7368","targetHints":{"allow":["GET"]}}],"collection":[{"href":"https:\/\/www.haatik.com\/eu\/wp-json\/wp\/v2\/pages"}],"about":[{"href":"https:\/\/www.haatik.com\/eu\/wp-json\/wp\/v2\/types\/page"}],"author":[{"embeddable":true,"href":"https:\/\/www.haatik.com\/eu\/wp-json\/wp\/v2\/users\/3"}],"replies":[{"embeddable":true,"href":"https:\/\/www.haatik.com\/eu\/wp-json\/wp\/v2\/comments?post=7368"}],"version-history":[{"count":12,"href":"https:\/\/www.haatik.com\/eu\/wp-json\/wp\/v2\/pages\/7368\/revisions"}],"predecessor-version":[{"id":7973,"href":"https:\/\/www.haatik.com\/eu\/wp-json\/wp\/v2\/pages\/7368\/revisions\/7973"}],"up":[{"embeddable":true,"href":"https:\/\/www.haatik.com\/eu\/wp-json\/wp\/v2\/pages\/6012"}],"wp:featuredmedia":[{"embeddable":true,"href":"https:\/\/www.haatik.com\/eu\/wp-json\/wp\/v2\/media\/7369"}],"wp:attachment":[{"href":"https:\/\/www.haatik.com\/eu\/wp-json\/wp\/v2\/media?parent=7368"}],"curies":[{"name":"wp","href":"https:\/\/api.w.org\/{rel}","templated":true}]}}