{"id":7426,"date":"2022-03-29T09:24:52","date_gmt":"2022-03-29T09:24:52","guid":{"rendered":"http:\/\/www.haatik.com\/hik-dantza\/landu_es\/rober-gomez\/"},"modified":"2022-04-05T09:26:04","modified_gmt":"2022-04-05T09:26:04","slug":"rober-gomez","status":"publish","type":"page","link":"https:\/\/www.haatik.com\/es\/hik-dantza\/landu_es\/rober-gomez\/","title":{"rendered":"Rober Gomez"},"content":{"rendered":"<ul>\n<li>FECHA:\u00a0<strong>10, 11 de diciembre<\/strong>\/ 10:00 &#8211; 14:00<\/li>\n<li>LUGAR: \u00a0\u00a0<strong>Dantzagunea<\/strong>. Pelotarien kalea z\/g (Niessen eraikina) 20100 Errenteria<\/li>\n<li>DIRIGIDO A: \u00a0\u00a0<strong>Dirigido a bailarines y artistas de artes del movimiento.<\/strong><\/li>\n<li><b>PRECIO: \u00a0<\/b>\u00a0<strong>60\u20ac<\/strong> (<strong>50\u20ac <\/strong>para socias de ADDE o ARTEKALE)<\/li>\n<\/ul>\n<p>&nbsp;<\/p>\n<table class=\" aligncenter\" style=\"height: 58px;\" width=\"174\">\n<tbody>\n<tr>\n<td bgcolor=\"black\">\n<h3 style=\"text-align: center;\"><span style=\"color: #ffffff;\"><a style=\"color: #ffffff;\" href=\"https:\/\/forms.gle\/UbsphiCtsjhRdNhB9\" target=\"_blank\" rel=\"noopener noreferrer\">Inscripci\u00f3n<\/a><\/span><\/h3>\n<\/td>\n<\/tr>\n<\/tbody>\n<\/table>\n<p>&nbsp;<\/p>\n<hr \/>\n<p><b style=\"font-family: Georgia, 'Times New Roman', 'Bitstream Charter', Times, serif;\">\u201cCondicionamiento, an\u00e1lisis, creaci\u00f3n e itercambio de cuerpos en movimiento\u201d<\/b><\/p>\n<div>\n<p><b>Metodolog\u00eda<\/b><\/p>\n<\/div>\n<p>Clases basadas en la improvisaci\u00f3n y el condicionamiento f\u00edsico del bailar\u00edn. El objetivo es preparar el cuerpo en espacio, activar el imaginario para poder afrontar cualquier tipo de ensayo. Con un abanico de informaci\u00f3n y direcciones de movimiento muy amplio y creativo Rober guiar\u00e1 la clase Usando recursos del cl\u00e1sico, contempor\u00e1neo, del gaga y del yoga, t\u00e9cnicas que ha practicado durante tiempo y de las cuales sigue sintiendo mucho atracci\u00f3n e inter\u00e9s en relaci\u00f3n al movimiento.<\/p>\n<p>El trabajo ser muy f\u00edsico, pero cada persona elige la intensidad con la que quiere afrontar las propuestas. Se analizar\u00e1 y observar\u00e1 la anatom\u00eda del cuerpo en movimiento.<\/p>\n<p>El enfoque, aparte de trabajar la t\u00e9cnica y el calentamiento, ser\u00e1 el siguiente:<\/p>\n<p>\u00bfCu\u00e1l es la puerta de entrada al cuerpo? Todos los d\u00edas tenemos un cuerpo diferente, aceptar el cuerpo del bailar\u00edn, que tenemos en constante cambio y cansancio. Como trabajar desde cualquier circunstancia, situaci\u00f3n o lesi\u00f3n. La idea es que todo aporta al int\u00e9rprete. Un cuerpo libre o un cuerpo lesionado o moralmente menos predispuesto puede servir para ejecutar con destreza lo que se le pida si se tienen las herramientas y conocimientos adecuados. Un cuerpo que piensa y una cabeza que intuye.<\/p>\n<p>Se fomentar\u00e1 el uso de todos los conocimientos t\u00e9cnicos de movimiento y conciencia corporal de cada persona, como excusa para calentar, abrir, preparar y entrenar el propio cuerpo. Preparar al bailar\u00edn\/int\u00e9rprete en cuerpo\/espacio\/mente para afrontar cualquier tipo de ensayo y material coreogr\u00e1fico.<\/p>\n<hr \/>\n<p><strong>Rober G\u00f3mez:<\/strong><\/p>\n<p>Rober G\u00f3mez es natural de Figueres, Gerona. Graduado en danza contempor\u00e1nea en el Institut del Teatre de Barcelona en 2005 y habiendo pasado por la famosa escuela Rudra B\u00e9jart Lausanne en Suiza.<\/p>\n<p>Inicia su carrera profesional en It Dansa. Despu\u00e9s del posgraduado IT, pasa a trabajar en compa\u00f1\u00edas Europeas como Bonachela Dance Company en Londres, Galili Dance y Club Guy and Roni en Groningen, Holanda; Gelabert-Azzopardi en Barcelona; Staatstheater Oldenburg, Cooperativa Maura Morales y Staatstheater Mainz en Alemania; La Veronal, Sol Pic\u00f3, Siberia\/Paloma mu\u00f1oz en Barcelona entre otros m\u00e1s\u2026.<\/p>\n<p>Como repetidor ha trabajado en la reposici\u00f3n de piezas de Guy Weizman en la compa\u00f1\u00eda Ballet Konzert Bern y en la Escuela Superior de Artes (AHK) de \u00c1msterdam.<\/p>\n<p>Actualmente dirige su propio colectivo Hotel Col.lectiu Esc\u00e8nic fundado hace cuatro a\u00f1os junto a otros int\u00e9rpretes-directores. Recientemente, estrenaron la cuarta producci\u00f3n: Habitaci\u00f3n 11: LA HONTE dirigida por Lisi Estaras, en el Mercat de les Flors.<\/p>\n<p>Como pedagogo ha impartido clases en centros como Nunart Guinard\u00f3, La Caldera, \u00c0rea espai de dansa i creaci\u00f3, La Casa del Moviment en Barcelona y en el Conservatorio Profesional de Valencia, Escola Ritmes en Badalona, etc.<\/p>\n<p>Compagina su pasi\u00f3n por la danza con el estudio del yoga, formado en Ashtanga y Rocket yoga. Imparte clases regulares en Barcelona y workshops por la pen\u00ednsula.<\/p>\n","protected":false},"excerpt":{"rendered":"<p>FECHA:\u00a010, 11 de diciembre\/ 10:00 &#8211; 14:00 LUGAR: \u00a0\u00a0Dantzagunea. Pelotarien kalea z\/g (Niessen eraikina) 20100 Errenteria DIRIGIDO A: \u00a0\u00a0Dirigido a [&hellip;]<\/p>\n","protected":false},"author":3,"featured_media":7401,"parent":6161,"menu_order":0,"comment_status":"closed","ping_status":"closed","template":"","meta":{"_acf_changed":false,"footnotes":""},"class_list":["post-7426","page","type-page","status-publish","has-post-thumbnail","hentry"],"acf":[],"yoast_head":"<!-- This site is optimized with the Yoast SEO plugin v24.2 - https:\/\/yoast.com\/wordpress\/plugins\/seo\/ -->\n<title>Rober Gomez | haatik<\/title>\n<meta name=\"robots\" content=\"index, follow, max-snippet:-1, max-image-preview:large, max-video-preview:-1\" \/>\n<link rel=\"canonical\" href=\"https:\/\/www.haatik.com\/es\/hik-dantza\/landu_es\/rober-gomez\/\" \/>\n<meta property=\"og:locale\" content=\"es_ES\" \/>\n<meta property=\"og:type\" content=\"article\" \/>\n<meta property=\"og:title\" content=\"Rober Gomez | haatik\" \/>\n<meta property=\"og:description\" content=\"FECHA:\u00a010, 11 de diciembre\/ 10:00 &#8211; 14:00 LUGAR: \u00a0\u00a0Dantzagunea. Pelotarien kalea z\/g (Niessen eraikina) 20100 Errenteria DIRIGIDO A: \u00a0\u00a0Dirigido a [&hellip;]\" \/>\n<meta property=\"og:url\" content=\"https:\/\/www.haatik.com\/es\/hik-dantza\/landu_es\/rober-gomez\/\" \/>\n<meta property=\"og:site_name\" content=\"haatik\" \/>\n<meta property=\"article:publisher\" content=\"https:\/\/www.facebook.com\/HaatikDantzaKonpainia\/\" \/>\n<meta property=\"article:modified_time\" content=\"2022-04-05T09:26:04+00:00\" \/>\n<meta property=\"og:image\" content=\"https:\/\/www.haatik.com\/wp-content\/uploads\/web_HIK_DANTZA_LANDU_2022-06_Mesa-de-trabajo-1-copia-4-scaled.jpg\" \/>\n\t<meta property=\"og:image:width\" content=\"2560\" \/>\n\t<meta property=\"og:image:height\" content=\"960\" \/>\n\t<meta property=\"og:image:type\" content=\"image\/jpeg\" \/>\n<meta name=\"twitter:card\" content=\"summary_large_image\" \/>\n<meta name=\"twitter:site\" content=\"@Haatik_Dantza\" \/>\n<meta name=\"twitter:label1\" content=\"Tiempo de lectura\" \/>\n\t<meta name=\"twitter:data1\" content=\"3 minutos\" \/>\n<script type=\"application\/ld+json\" class=\"yoast-schema-graph\">{\"@context\":\"https:\/\/schema.org\",\"@graph\":[{\"@type\":\"WebPage\",\"@id\":\"https:\/\/www.haatik.com\/es\/hik-dantza\/landu_es\/rober-gomez\/\",\"url\":\"https:\/\/www.haatik.com\/es\/hik-dantza\/landu_es\/rober-gomez\/\",\"name\":\"Rober Gomez | haatik\",\"isPartOf\":{\"@id\":\"https:\/\/www.haatik.com\/eu\/#website\"},\"primaryImageOfPage\":{\"@id\":\"https:\/\/www.haatik.com\/es\/hik-dantza\/landu_es\/rober-gomez\/#primaryimage\"},\"image\":{\"@id\":\"https:\/\/www.haatik.com\/es\/hik-dantza\/landu_es\/rober-gomez\/#primaryimage\"},\"thumbnailUrl\":\"https:\/\/www.haatik.com\/wp-content\/uploads\/web_HIK_DANTZA_LANDU_2022-06_Mesa-de-trabajo-1-copia-4-scaled.jpg\",\"datePublished\":\"2022-03-29T09:24:52+00:00\",\"dateModified\":\"2022-04-05T09:26:04+00:00\",\"breadcrumb\":{\"@id\":\"https:\/\/www.haatik.com\/es\/hik-dantza\/landu_es\/rober-gomez\/#breadcrumb\"},\"inLanguage\":\"es\",\"potentialAction\":[{\"@type\":\"ReadAction\",\"target\":[\"https:\/\/www.haatik.com\/es\/hik-dantza\/landu_es\/rober-gomez\/\"]}]},{\"@type\":\"ImageObject\",\"inLanguage\":\"es\",\"@id\":\"https:\/\/www.haatik.com\/es\/hik-dantza\/landu_es\/rober-gomez\/#primaryimage\",\"url\":\"https:\/\/www.haatik.com\/wp-content\/uploads\/web_HIK_DANTZA_LANDU_2022-06_Mesa-de-trabajo-1-copia-4-scaled.jpg\",\"contentUrl\":\"https:\/\/www.haatik.com\/wp-content\/uploads\/web_HIK_DANTZA_LANDU_2022-06_Mesa-de-trabajo-1-copia-4-scaled.jpg\",\"width\":2560,\"height\":960},{\"@type\":\"BreadcrumbList\",\"@id\":\"https:\/\/www.haatik.com\/es\/hik-dantza\/landu_es\/rober-gomez\/#breadcrumb\",\"itemListElement\":[{\"@type\":\"ListItem\",\"position\":1,\"name\":\"Home\",\"item\":\"https:\/\/www.haatik.com\/es\/\"},{\"@type\":\"ListItem\",\"position\":2,\"name\":\"HiK Dantza\",\"item\":\"https:\/\/www.haatik.com\/es\/hik-dantza\/\"},{\"@type\":\"ListItem\",\"position\":3,\"name\":\"Landu\",\"item\":\"https:\/\/www.haatik.com\/es\/hik-dantza\/landu_es\/\"},{\"@type\":\"ListItem\",\"position\":4,\"name\":\"Rober Gomez\"}]},{\"@type\":\"WebSite\",\"@id\":\"https:\/\/www.haatik.com\/eu\/#website\",\"url\":\"https:\/\/www.haatik.com\/eu\/\",\"name\":\"haatik\",\"description\":\"haatik dantza konpainia\",\"publisher\":{\"@id\":\"https:\/\/www.haatik.com\/eu\/#organization\"},\"potentialAction\":[{\"@type\":\"SearchAction\",\"target\":{\"@type\":\"EntryPoint\",\"urlTemplate\":\"https:\/\/www.haatik.com\/eu\/?s={search_term_string}\"},\"query-input\":{\"@type\":\"PropertyValueSpecification\",\"valueRequired\":true,\"valueName\":\"search_term_string\"}}],\"inLanguage\":\"es\"},{\"@type\":\"Organization\",\"@id\":\"https:\/\/www.haatik.com\/eu\/#organization\",\"name\":\"haatik\",\"url\":\"https:\/\/www.haatik.com\/eu\/\",\"logo\":{\"@type\":\"ImageObject\",\"inLanguage\":\"es\",\"@id\":\"https:\/\/www.haatik.com\/eu\/#\/schema\/logo\/image\/\",\"url\":\"https:\/\/www.haatik.com\/wp-content\/uploads\/logo_haatik_2016-01.png\",\"contentUrl\":\"https:\/\/www.haatik.com\/wp-content\/uploads\/logo_haatik_2016-01.png\",\"width\":1036,\"height\":493,\"caption\":\"haatik\"},\"image\":{\"@id\":\"https:\/\/www.haatik.com\/eu\/#\/schema\/logo\/image\/\"},\"sameAs\":[\"https:\/\/www.facebook.com\/HaatikDantzaKonpainia\/\",\"https:\/\/x.com\/Haatik_Dantza\",\"https:\/\/instagram.com\/haatikdantzakonpainia\"]}]}<\/script>\n<!-- \/ Yoast SEO plugin. -->","yoast_head_json":{"title":"Rober Gomez | haatik","robots":{"index":"index","follow":"follow","max-snippet":"max-snippet:-1","max-image-preview":"max-image-preview:large","max-video-preview":"max-video-preview:-1"},"canonical":"https:\/\/www.haatik.com\/es\/hik-dantza\/landu_es\/rober-gomez\/","og_locale":"es_ES","og_type":"article","og_title":"Rober Gomez | haatik","og_description":"FECHA:\u00a010, 11 de diciembre\/ 10:00 &#8211; 14:00 LUGAR: \u00a0\u00a0Dantzagunea. Pelotarien kalea z\/g (Niessen eraikina) 20100 Errenteria DIRIGIDO A: \u00a0\u00a0Dirigido a [&hellip;]","og_url":"https:\/\/www.haatik.com\/es\/hik-dantza\/landu_es\/rober-gomez\/","og_site_name":"haatik","article_publisher":"https:\/\/www.facebook.com\/HaatikDantzaKonpainia\/","article_modified_time":"2022-04-05T09:26:04+00:00","og_image":[{"width":2560,"height":960,"url":"https:\/\/www.haatik.com\/wp-content\/uploads\/web_HIK_DANTZA_LANDU_2022-06_Mesa-de-trabajo-1-copia-4-scaled.jpg","type":"image\/jpeg"}],"twitter_card":"summary_large_image","twitter_site":"@Haatik_Dantza","twitter_misc":{"Tiempo de lectura":"3 minutos"},"schema":{"@context":"https:\/\/schema.org","@graph":[{"@type":"WebPage","@id":"https:\/\/www.haatik.com\/es\/hik-dantza\/landu_es\/rober-gomez\/","url":"https:\/\/www.haatik.com\/es\/hik-dantza\/landu_es\/rober-gomez\/","name":"Rober Gomez | haatik","isPartOf":{"@id":"https:\/\/www.haatik.com\/eu\/#website"},"primaryImageOfPage":{"@id":"https:\/\/www.haatik.com\/es\/hik-dantza\/landu_es\/rober-gomez\/#primaryimage"},"image":{"@id":"https:\/\/www.haatik.com\/es\/hik-dantza\/landu_es\/rober-gomez\/#primaryimage"},"thumbnailUrl":"https:\/\/www.haatik.com\/wp-content\/uploads\/web_HIK_DANTZA_LANDU_2022-06_Mesa-de-trabajo-1-copia-4-scaled.jpg","datePublished":"2022-03-29T09:24:52+00:00","dateModified":"2022-04-05T09:26:04+00:00","breadcrumb":{"@id":"https:\/\/www.haatik.com\/es\/hik-dantza\/landu_es\/rober-gomez\/#breadcrumb"},"inLanguage":"es","potentialAction":[{"@type":"ReadAction","target":["https:\/\/www.haatik.com\/es\/hik-dantza\/landu_es\/rober-gomez\/"]}]},{"@type":"ImageObject","inLanguage":"es","@id":"https:\/\/www.haatik.com\/es\/hik-dantza\/landu_es\/rober-gomez\/#primaryimage","url":"https:\/\/www.haatik.com\/wp-content\/uploads\/web_HIK_DANTZA_LANDU_2022-06_Mesa-de-trabajo-1-copia-4-scaled.jpg","contentUrl":"https:\/\/www.haatik.com\/wp-content\/uploads\/web_HIK_DANTZA_LANDU_2022-06_Mesa-de-trabajo-1-copia-4-scaled.jpg","width":2560,"height":960},{"@type":"BreadcrumbList","@id":"https:\/\/www.haatik.com\/es\/hik-dantza\/landu_es\/rober-gomez\/#breadcrumb","itemListElement":[{"@type":"ListItem","position":1,"name":"Home","item":"https:\/\/www.haatik.com\/es\/"},{"@type":"ListItem","position":2,"name":"HiK Dantza","item":"https:\/\/www.haatik.com\/es\/hik-dantza\/"},{"@type":"ListItem","position":3,"name":"Landu","item":"https:\/\/www.haatik.com\/es\/hik-dantza\/landu_es\/"},{"@type":"ListItem","position":4,"name":"Rober Gomez"}]},{"@type":"WebSite","@id":"https:\/\/www.haatik.com\/eu\/#website","url":"https:\/\/www.haatik.com\/eu\/","name":"haatik","description":"haatik dantza konpainia","publisher":{"@id":"https:\/\/www.haatik.com\/eu\/#organization"},"potentialAction":[{"@type":"SearchAction","target":{"@type":"EntryPoint","urlTemplate":"https:\/\/www.haatik.com\/eu\/?s={search_term_string}"},"query-input":{"@type":"PropertyValueSpecification","valueRequired":true,"valueName":"search_term_string"}}],"inLanguage":"es"},{"@type":"Organization","@id":"https:\/\/www.haatik.com\/eu\/#organization","name":"haatik","url":"https:\/\/www.haatik.com\/eu\/","logo":{"@type":"ImageObject","inLanguage":"es","@id":"https:\/\/www.haatik.com\/eu\/#\/schema\/logo\/image\/","url":"https:\/\/www.haatik.com\/wp-content\/uploads\/logo_haatik_2016-01.png","contentUrl":"https:\/\/www.haatik.com\/wp-content\/uploads\/logo_haatik_2016-01.png","width":1036,"height":493,"caption":"haatik"},"image":{"@id":"https:\/\/www.haatik.com\/eu\/#\/schema\/logo\/image\/"},"sameAs":["https:\/\/www.facebook.com\/HaatikDantzaKonpainia\/","https:\/\/x.com\/Haatik_Dantza","https:\/\/instagram.com\/haatikdantzakonpainia"]}]}},"_links":{"self":[{"href":"https:\/\/www.haatik.com\/es\/wp-json\/wp\/v2\/pages\/7426","targetHints":{"allow":["GET"]}}],"collection":[{"href":"https:\/\/www.haatik.com\/es\/wp-json\/wp\/v2\/pages"}],"about":[{"href":"https:\/\/www.haatik.com\/es\/wp-json\/wp\/v2\/types\/page"}],"author":[{"embeddable":true,"href":"https:\/\/www.haatik.com\/es\/wp-json\/wp\/v2\/users\/3"}],"replies":[{"embeddable":true,"href":"https:\/\/www.haatik.com\/es\/wp-json\/wp\/v2\/comments?post=7426"}],"version-history":[{"count":2,"href":"https:\/\/www.haatik.com\/es\/wp-json\/wp\/v2\/pages\/7426\/revisions"}],"predecessor-version":[{"id":7435,"href":"https:\/\/www.haatik.com\/es\/wp-json\/wp\/v2\/pages\/7426\/revisions\/7435"}],"up":[{"embeddable":true,"href":"https:\/\/www.haatik.com\/es\/wp-json\/wp\/v2\/pages\/6161"}],"wp:featuredmedia":[{"embeddable":true,"href":"https:\/\/www.haatik.com\/es\/wp-json\/wp\/v2\/media\/7401"}],"wp:attachment":[{"href":"https:\/\/www.haatik.com\/es\/wp-json\/wp\/v2\/media?parent=7426"}],"curies":[{"name":"wp","href":"https:\/\/api.w.org\/{rel}","templated":true}]}}