{"id":7422,"date":"2022-03-29T09:18:06","date_gmt":"2022-03-29T09:18:06","guid":{"rendered":"http:\/\/www.haatik.com\/hik-dantza\/landu_es\/shared-levitation\/"},"modified":"2022-12-02T10:21:50","modified_gmt":"2022-12-02T10:21:50","slug":"shared-levitation","status":"publish","type":"page","link":"https:\/\/www.haatik.com\/es\/hik-dantza\/landu_es\/shared-levitation\/","title":{"rendered":"Shared Levitation"},"content":{"rendered":"<p>&nbsp;<\/p>\n<ul>\n<li>LUGAR: \u00a0\u00a0<strong>Dantzagunea<\/strong>. Pelotarien kalea z\/g (Niessen eraikina) 20100 Errenteria<\/li>\n<li>DIRIGIDO A: \u00a0\u00a0<strong>Dirigido a bailarines y artistas de artes del movimiento.<\/strong><\/li>\n<li><b>PRECIO: \u00a0<\/b>\u00a0<strong>60\u20ac<\/strong> (<strong>50\u20ac <\/strong>para socias de ADDE o ARTEKALE)<\/li>\n<\/ul>\n<p>&nbsp;<\/p>\n<hr \/>\n<p><b style=\"font-family: Georgia, 'Times New Roman', 'Bitstream Charter', Times, serif;\">\u201cShared Levitation partnering\u201d<\/b><\/p>\n<div>\n<p><b>Metodolog\u00eda<\/b><\/p>\n<\/div>\n<p>Comenzamos la clase abriendo nuestros canales de conciencia y conectando con nuestra pareja a trav\u00e9s de ejercicios de manipulaci\u00f3n y probando e investigando con su estructura y peso. En esta fase nos enfocamos especialmente en involucrar todo el cuerpo para realizar la tarea, sin limitarnos al trabajo aislado de nuestras extremidades. En esta primera parte, el uso de juegos nos permite despertar nuestro lado instintivo y primitivo, conectando con un flujo compartido de respiraci\u00f3n natural. Con la ayuda de ejercicios en diferentes constelaciones (d\u00faos, tr\u00edos, todo el grupo) buscamos escuchar,<\/p>\n<p>seguir y dirigir el movimiento a trav\u00e9s del espacio como un mismo organismo, adapt\u00e1ndonos cada vez que cambiamos de compa\u00f1ero y universo. Nos preparamos para saltar, cruzar, empujar, tirar, evitar, abrazar y suspender el uno al otro.<\/p>\n<p>Nos gusta enfocarnos en una forma org\u00e1nica de asociaci\u00f3n, basada en los principios de acci\u00f3n \/ reacci\u00f3n, en disciplinas de lucha y de improvisaci\u00f3n de contacto. Nos gusta acceder al movimiento desde una perspectiva de conexi\u00f3n profunda, intentando evitar el h\u00e1bito superficial de copiar formas.\u00a0 En cambio, motivamos a cada pareja a encontrar una forma \u00fanica de comunicarse y buscar soluciones individuales y variaciones del material coreogr\u00e1fico.<\/p>\n<p>Otro aspecto importante de nuestra clase es el cambio constante de roles entre base \/ volante, gu\u00eda \/ seguidor, buscando que todos experimenten ambas posibilidades. Concluimos cada clase aprendiendo material coreogr\u00e1fico de nuestro duetto \u00abPorzellan-Haus\u00bb (alem\u00e1n: casa de porcelana).<\/p>\n<hr \/>\n<p><strong>Shared Levitation:<\/strong><\/p>\n<p>Shared Levitation es una plataforma de actuaci\u00f3n y formaci\u00f3n en Danza Contempor\u00e1nea y Partnering fundada por Marion Sparber y Alan Fuentes Guerra. El Shared Levitation Partnering se inspira en una mezcla de principios inspirados en danza acrobatica, salsa, artes marciales y contact improvisation. Marion y Alan han impartido talleres en Europa, Estados Unidos, Asia y en America Latina.<\/p>\n","protected":false},"excerpt":{"rendered":"<p>&nbsp; LUGAR: \u00a0\u00a0Dantzagunea. Pelotarien kalea z\/g (Niessen eraikina) 20100 Errenteria DIRIGIDO A: \u00a0\u00a0Dirigido a bailarines y artistas de artes del [&hellip;]<\/p>\n","protected":false},"author":3,"featured_media":7851,"parent":6161,"menu_order":0,"comment_status":"closed","ping_status":"closed","template":"","meta":{"_acf_changed":false,"footnotes":""},"class_list":["post-7422","page","type-page","status-publish","has-post-thumbnail","hentry"],"acf":[],"yoast_head":"<!-- This site is optimized with the Yoast SEO plugin v24.2 - https:\/\/yoast.com\/wordpress\/plugins\/seo\/ -->\n<title>Shared Levitation | haatik<\/title>\n<meta name=\"robots\" content=\"index, follow, max-snippet:-1, max-image-preview:large, max-video-preview:-1\" \/>\n<link rel=\"canonical\" href=\"https:\/\/www.haatik.com\/es\/hik-dantza\/landu_es\/shared-levitation\/\" \/>\n<meta property=\"og:locale\" content=\"es_ES\" \/>\n<meta property=\"og:type\" content=\"article\" \/>\n<meta property=\"og:title\" content=\"Shared Levitation | haatik\" \/>\n<meta property=\"og:description\" content=\"&nbsp; LUGAR: \u00a0\u00a0Dantzagunea. Pelotarien kalea z\/g (Niessen eraikina) 20100 Errenteria DIRIGIDO A: \u00a0\u00a0Dirigido a bailarines y artistas de artes del [&hellip;]\" \/>\n<meta property=\"og:url\" content=\"https:\/\/www.haatik.com\/es\/hik-dantza\/landu_es\/shared-levitation\/\" \/>\n<meta property=\"og:site_name\" content=\"haatik\" \/>\n<meta property=\"article:publisher\" content=\"https:\/\/www.facebook.com\/HaatikDantzaKonpainia\/\" \/>\n<meta property=\"article:modified_time\" content=\"2022-12-02T10:21:50+00:00\" \/>\n<meta property=\"og:image\" content=\"https:\/\/www.haatik.com\/wp-content\/uploads\/SHARED_haundia_HIK_DANTZA_LANDU_fetxa-aldaketa_2022_Mesa-de-trabajo-1-copia_Mesa-de-trabajo-1-copia-3.png\" \/>\n\t<meta property=\"og:image:width\" content=\"6671\" \/>\n\t<meta property=\"og:image:height\" content=\"2500\" \/>\n\t<meta property=\"og:image:type\" content=\"image\/png\" \/>\n<meta name=\"twitter:card\" content=\"summary_large_image\" \/>\n<meta name=\"twitter:site\" content=\"@Haatik_Dantza\" \/>\n<meta name=\"twitter:label1\" content=\"Tiempo de lectura\" \/>\n\t<meta name=\"twitter:data1\" content=\"2 minutos\" \/>\n<script type=\"application\/ld+json\" class=\"yoast-schema-graph\">{\"@context\":\"https:\/\/schema.org\",\"@graph\":[{\"@type\":\"WebPage\",\"@id\":\"https:\/\/www.haatik.com\/es\/hik-dantza\/landu_es\/shared-levitation\/\",\"url\":\"https:\/\/www.haatik.com\/es\/hik-dantza\/landu_es\/shared-levitation\/\",\"name\":\"Shared Levitation | haatik\",\"isPartOf\":{\"@id\":\"https:\/\/www.haatik.com\/eu\/#website\"},\"primaryImageOfPage\":{\"@id\":\"https:\/\/www.haatik.com\/es\/hik-dantza\/landu_es\/shared-levitation\/#primaryimage\"},\"image\":{\"@id\":\"https:\/\/www.haatik.com\/es\/hik-dantza\/landu_es\/shared-levitation\/#primaryimage\"},\"thumbnailUrl\":\"https:\/\/www.haatik.com\/wp-content\/uploads\/SHARED_haundia_HIK_DANTZA_LANDU_fetxa-aldaketa_2022_Mesa-de-trabajo-1-copia_Mesa-de-trabajo-1-copia-3.png\",\"datePublished\":\"2022-03-29T09:18:06+00:00\",\"dateModified\":\"2022-12-02T10:21:50+00:00\",\"breadcrumb\":{\"@id\":\"https:\/\/www.haatik.com\/es\/hik-dantza\/landu_es\/shared-levitation\/#breadcrumb\"},\"inLanguage\":\"es\",\"potentialAction\":[{\"@type\":\"ReadAction\",\"target\":[\"https:\/\/www.haatik.com\/es\/hik-dantza\/landu_es\/shared-levitation\/\"]}]},{\"@type\":\"ImageObject\",\"inLanguage\":\"es\",\"@id\":\"https:\/\/www.haatik.com\/es\/hik-dantza\/landu_es\/shared-levitation\/#primaryimage\",\"url\":\"https:\/\/www.haatik.com\/wp-content\/uploads\/SHARED_haundia_HIK_DANTZA_LANDU_fetxa-aldaketa_2022_Mesa-de-trabajo-1-copia_Mesa-de-trabajo-1-copia-3.png\",\"contentUrl\":\"https:\/\/www.haatik.com\/wp-content\/uploads\/SHARED_haundia_HIK_DANTZA_LANDU_fetxa-aldaketa_2022_Mesa-de-trabajo-1-copia_Mesa-de-trabajo-1-copia-3.png\",\"width\":6671,\"height\":2500},{\"@type\":\"BreadcrumbList\",\"@id\":\"https:\/\/www.haatik.com\/es\/hik-dantza\/landu_es\/shared-levitation\/#breadcrumb\",\"itemListElement\":[{\"@type\":\"ListItem\",\"position\":1,\"name\":\"Home\",\"item\":\"https:\/\/www.haatik.com\/es\/\"},{\"@type\":\"ListItem\",\"position\":2,\"name\":\"HiK Dantza\",\"item\":\"https:\/\/www.haatik.com\/es\/hik-dantza\/\"},{\"@type\":\"ListItem\",\"position\":3,\"name\":\"Landu\",\"item\":\"https:\/\/www.haatik.com\/es\/hik-dantza\/landu_es\/\"},{\"@type\":\"ListItem\",\"position\":4,\"name\":\"Shared Levitation\"}]},{\"@type\":\"WebSite\",\"@id\":\"https:\/\/www.haatik.com\/eu\/#website\",\"url\":\"https:\/\/www.haatik.com\/eu\/\",\"name\":\"haatik\",\"description\":\"haatik dantza konpainia\",\"publisher\":{\"@id\":\"https:\/\/www.haatik.com\/eu\/#organization\"},\"potentialAction\":[{\"@type\":\"SearchAction\",\"target\":{\"@type\":\"EntryPoint\",\"urlTemplate\":\"https:\/\/www.haatik.com\/eu\/?s={search_term_string}\"},\"query-input\":{\"@type\":\"PropertyValueSpecification\",\"valueRequired\":true,\"valueName\":\"search_term_string\"}}],\"inLanguage\":\"es\"},{\"@type\":\"Organization\",\"@id\":\"https:\/\/www.haatik.com\/eu\/#organization\",\"name\":\"haatik\",\"url\":\"https:\/\/www.haatik.com\/eu\/\",\"logo\":{\"@type\":\"ImageObject\",\"inLanguage\":\"es\",\"@id\":\"https:\/\/www.haatik.com\/eu\/#\/schema\/logo\/image\/\",\"url\":\"https:\/\/www.haatik.com\/wp-content\/uploads\/logo_haatik_2016-01.png\",\"contentUrl\":\"https:\/\/www.haatik.com\/wp-content\/uploads\/logo_haatik_2016-01.png\",\"width\":1036,\"height\":493,\"caption\":\"haatik\"},\"image\":{\"@id\":\"https:\/\/www.haatik.com\/eu\/#\/schema\/logo\/image\/\"},\"sameAs\":[\"https:\/\/www.facebook.com\/HaatikDantzaKonpainia\/\",\"https:\/\/x.com\/Haatik_Dantza\",\"https:\/\/instagram.com\/haatikdantzakonpainia\"]}]}<\/script>\n<!-- \/ Yoast SEO plugin. -->","yoast_head_json":{"title":"Shared Levitation | haatik","robots":{"index":"index","follow":"follow","max-snippet":"max-snippet:-1","max-image-preview":"max-image-preview:large","max-video-preview":"max-video-preview:-1"},"canonical":"https:\/\/www.haatik.com\/es\/hik-dantza\/landu_es\/shared-levitation\/","og_locale":"es_ES","og_type":"article","og_title":"Shared Levitation | haatik","og_description":"&nbsp; LUGAR: \u00a0\u00a0Dantzagunea. Pelotarien kalea z\/g (Niessen eraikina) 20100 Errenteria DIRIGIDO A: \u00a0\u00a0Dirigido a bailarines y artistas de artes del [&hellip;]","og_url":"https:\/\/www.haatik.com\/es\/hik-dantza\/landu_es\/shared-levitation\/","og_site_name":"haatik","article_publisher":"https:\/\/www.facebook.com\/HaatikDantzaKonpainia\/","article_modified_time":"2022-12-02T10:21:50+00:00","og_image":[{"width":6671,"height":2500,"url":"https:\/\/www.haatik.com\/wp-content\/uploads\/SHARED_haundia_HIK_DANTZA_LANDU_fetxa-aldaketa_2022_Mesa-de-trabajo-1-copia_Mesa-de-trabajo-1-copia-3.png","type":"image\/png"}],"twitter_card":"summary_large_image","twitter_site":"@Haatik_Dantza","twitter_misc":{"Tiempo de lectura":"2 minutos"},"schema":{"@context":"https:\/\/schema.org","@graph":[{"@type":"WebPage","@id":"https:\/\/www.haatik.com\/es\/hik-dantza\/landu_es\/shared-levitation\/","url":"https:\/\/www.haatik.com\/es\/hik-dantza\/landu_es\/shared-levitation\/","name":"Shared Levitation | haatik","isPartOf":{"@id":"https:\/\/www.haatik.com\/eu\/#website"},"primaryImageOfPage":{"@id":"https:\/\/www.haatik.com\/es\/hik-dantza\/landu_es\/shared-levitation\/#primaryimage"},"image":{"@id":"https:\/\/www.haatik.com\/es\/hik-dantza\/landu_es\/shared-levitation\/#primaryimage"},"thumbnailUrl":"https:\/\/www.haatik.com\/wp-content\/uploads\/SHARED_haundia_HIK_DANTZA_LANDU_fetxa-aldaketa_2022_Mesa-de-trabajo-1-copia_Mesa-de-trabajo-1-copia-3.png","datePublished":"2022-03-29T09:18:06+00:00","dateModified":"2022-12-02T10:21:50+00:00","breadcrumb":{"@id":"https:\/\/www.haatik.com\/es\/hik-dantza\/landu_es\/shared-levitation\/#breadcrumb"},"inLanguage":"es","potentialAction":[{"@type":"ReadAction","target":["https:\/\/www.haatik.com\/es\/hik-dantza\/landu_es\/shared-levitation\/"]}]},{"@type":"ImageObject","inLanguage":"es","@id":"https:\/\/www.haatik.com\/es\/hik-dantza\/landu_es\/shared-levitation\/#primaryimage","url":"https:\/\/www.haatik.com\/wp-content\/uploads\/SHARED_haundia_HIK_DANTZA_LANDU_fetxa-aldaketa_2022_Mesa-de-trabajo-1-copia_Mesa-de-trabajo-1-copia-3.png","contentUrl":"https:\/\/www.haatik.com\/wp-content\/uploads\/SHARED_haundia_HIK_DANTZA_LANDU_fetxa-aldaketa_2022_Mesa-de-trabajo-1-copia_Mesa-de-trabajo-1-copia-3.png","width":6671,"height":2500},{"@type":"BreadcrumbList","@id":"https:\/\/www.haatik.com\/es\/hik-dantza\/landu_es\/shared-levitation\/#breadcrumb","itemListElement":[{"@type":"ListItem","position":1,"name":"Home","item":"https:\/\/www.haatik.com\/es\/"},{"@type":"ListItem","position":2,"name":"HiK Dantza","item":"https:\/\/www.haatik.com\/es\/hik-dantza\/"},{"@type":"ListItem","position":3,"name":"Landu","item":"https:\/\/www.haatik.com\/es\/hik-dantza\/landu_es\/"},{"@type":"ListItem","position":4,"name":"Shared Levitation"}]},{"@type":"WebSite","@id":"https:\/\/www.haatik.com\/eu\/#website","url":"https:\/\/www.haatik.com\/eu\/","name":"haatik","description":"haatik dantza konpainia","publisher":{"@id":"https:\/\/www.haatik.com\/eu\/#organization"},"potentialAction":[{"@type":"SearchAction","target":{"@type":"EntryPoint","urlTemplate":"https:\/\/www.haatik.com\/eu\/?s={search_term_string}"},"query-input":{"@type":"PropertyValueSpecification","valueRequired":true,"valueName":"search_term_string"}}],"inLanguage":"es"},{"@type":"Organization","@id":"https:\/\/www.haatik.com\/eu\/#organization","name":"haatik","url":"https:\/\/www.haatik.com\/eu\/","logo":{"@type":"ImageObject","inLanguage":"es","@id":"https:\/\/www.haatik.com\/eu\/#\/schema\/logo\/image\/","url":"https:\/\/www.haatik.com\/wp-content\/uploads\/logo_haatik_2016-01.png","contentUrl":"https:\/\/www.haatik.com\/wp-content\/uploads\/logo_haatik_2016-01.png","width":1036,"height":493,"caption":"haatik"},"image":{"@id":"https:\/\/www.haatik.com\/eu\/#\/schema\/logo\/image\/"},"sameAs":["https:\/\/www.facebook.com\/HaatikDantzaKonpainia\/","https:\/\/x.com\/Haatik_Dantza","https:\/\/instagram.com\/haatikdantzakonpainia"]}]}},"_links":{"self":[{"href":"https:\/\/www.haatik.com\/es\/wp-json\/wp\/v2\/pages\/7422","targetHints":{"allow":["GET"]}}],"collection":[{"href":"https:\/\/www.haatik.com\/es\/wp-json\/wp\/v2\/pages"}],"about":[{"href":"https:\/\/www.haatik.com\/es\/wp-json\/wp\/v2\/types\/page"}],"author":[{"embeddable":true,"href":"https:\/\/www.haatik.com\/es\/wp-json\/wp\/v2\/users\/3"}],"replies":[{"embeddable":true,"href":"https:\/\/www.haatik.com\/es\/wp-json\/wp\/v2\/comments?post=7422"}],"version-history":[{"count":8,"href":"https:\/\/www.haatik.com\/es\/wp-json\/wp\/v2\/pages\/7422\/revisions"}],"predecessor-version":[{"id":7968,"href":"https:\/\/www.haatik.com\/es\/wp-json\/wp\/v2\/pages\/7422\/revisions\/7968"}],"up":[{"embeddable":true,"href":"https:\/\/www.haatik.com\/es\/wp-json\/wp\/v2\/pages\/6161"}],"wp:featuredmedia":[{"embeddable":true,"href":"https:\/\/www.haatik.com\/es\/wp-json\/wp\/v2\/media\/7851"}],"wp:attachment":[{"href":"https:\/\/www.haatik.com\/es\/wp-json\/wp\/v2\/media?parent=7422"}],"curies":[{"name":"wp","href":"https:\/\/api.w.org\/{rel}","templated":true}]}}