{"id":7419,"date":"2022-03-29T09:09:24","date_gmt":"2022-03-29T09:09:24","guid":{"rendered":"http:\/\/www.haatik.com\/hik-dantza\/landu_es\/natalia-fernandes\/"},"modified":"2022-12-02T10:22:48","modified_gmt":"2022-12-02T10:22:48","slug":"natalia-fernandes","status":"publish","type":"page","link":"https:\/\/www.haatik.com\/es\/hik-dantza\/landu_es\/natalia-fernandes\/","title":{"rendered":"Natalia Fernandes"},"content":{"rendered":"<p>&nbsp;<\/p>\n<ul>\n<li>LUGAR: \u00a0\u00a0<strong>Dantzagunea<\/strong>. Pelotarien kalea z\/g (Niessen eraikina) 20100 Errenteria<\/li>\n<li>DIRIGIDO A: \u00a0\u00a0<strong>Dirigido a bailarines y artistas de las artes del movimiento.<\/strong><\/li>\n<li><b>PRECIO: \u00a0<\/b>\u00a0<strong>60\u20ac<\/strong> (<strong>50\u20ac <\/strong>para socias de ADDE o ARTEKALE)<\/li>\n<\/ul>\n<p>&nbsp;<\/p>\n<hr \/>\n<p><b style=\"font-family: Georgia, 'Times New Roman', 'Bitstream Charter', Times, serif;\">\u201cAnatomia inventada\u201d<\/b><\/p>\n<div>\n<p><b>Metodolog\u00eda<\/b><\/p>\n<\/div>\n<p>La Anatom\u00eda Inventada &#8211; Una pr\u00e1ctica<\/p>\n<p>La Anatom\u00eda Inventada es una pr\u00e1ctica creada por Natalia Fernandes que busca investigar t\u00e9cnicamente herramientas que nos sirvan de base para perfeccionar el cuerpo en movimiento. Sin alejar la t\u00e9cnica de la creaci\u00f3n, y pensando en estos dos conceptos como parte de una misma investigaci\u00f3n. La base fundamental de esta pr\u00e1ctica est\u00e1 en abrir posibilidades mentales en relaci\u00f3n a la anatom\u00eda misma, con tareas que nos obligan a enganchar la atenci\u00f3n al cuerpo con el objetivo de generar un grado m\u00e1s de consciencia sobre lo que se hace. Activar la percepci\u00f3n de la consciencia que nos lleva al movimiento,sea este lo que deseemos.<span class=\"Apple-converted-space\">\u00a0<\/span><\/p>\n<p>La Anatom\u00eda Inventada &#8211; Cuerpo e Imaginaci\u00f3n:<\/p>\n<p>La pr\u00e1ctica que proponemos es una provocaci\u00f3n de la imaginaci\u00f3n al cuerpo, estimulando al moviente a entender el cuerpo como un proceso, as\u00ed como poder entender el movimiento como construcci\u00f3n. Para esto, trabajamos t\u00e9cnicamente a trav\u00e9s de im\u00e1genes anat\u00f3micas y metaf\u00f3ricas que generen una nueva percepci\u00f3n del movimiento y abran caminos para la liberaci\u00f3n de los m\u00fasculos, huesos y \u00f3rganos de patrones ya establecidos. Esta provocaci\u00f3n de las im\u00e1genes direccionadas a la atenci\u00f3n (imaginaci\u00f3n) en conjunto con la fisicalidad, es ejercitada a trav\u00e9s de tareas que se apoyan en la repetici\u00f3n de las mec\u00e1nicas m\u00e1s b\u00e1sicas del cuerpo, observando y estudiando estos engranajes y las posibilidades de nuevas construcciones del movimiento. De esta forma, creamos un espacio donde es posible observar los cambios f\u00edsicos que son provocados por la imaginaci\u00f3n, bien como nuevos imaginarios que surgen por el estudio mec\u00e1nico del cuerpo. La tensi\u00f3n entre imaginaci\u00f3n y la limitaci\u00f3n f\u00edsica de cada cuerpo es lo que sostiene el continuo estudio anat\u00f3mico de un cuerpo en su invenci\u00f3n. La pr\u00e1ctica prepara a cada participante, mental y f\u00edsicamente, para ocupar sus anatom\u00edas, reinventando cuerpos, patrones, y generando un estado de disponibilidad para cualquier tipo de creaci\u00f3n.<\/p>\n<hr \/>\n<p><strong>Natalia Fernandes:<\/strong><\/p>\n<p>Natalia Fernandes es bailarina, core\u00f3grafa y creadora de la Anatom\u00eda Inventada.<span class=\"Apple-converted-space\">\u00a0<\/span><\/p>\n<p>Brasile\u00f1a, de Sao Paulo, afincada en Madrid desde 2017. Actualmente es int\u00e9rprete en las producciones de Jes\u00fas Rubio Gamo &#8211; Gran Bolero (Premio Max 2020) y Acciones Sencillas y de Poliana Lima- Las Cosas Se Mueven Pero<span class=\"Apple-converted-space\">\u00a0 <\/span>No Dicen Nada.<span class=\"Apple-converted-space\">\u00a0<\/span><\/p>\n<p>Como creadora, su nuevo solo con el apoyo de residencias en el Centro de Danza Canal, Del Centro de Arte Contempor\u00e1neo Conde Duque, de La Caldera &#8211; Barcelona con una residencia en el espacio los Barros de Elena C\u00f3rdoba y Carlos Mrquerie y tambi\u00e9n de la Universidad Carlos III de Madrid.<span class=\"Apple-converted-space\">\u00a0<\/span><\/p>\n<p>Su formaci\u00f3n en danza se da entre el contexto universitario y la escena contempor\u00e1nea brasile\u00f1a, sumado a esto est\u00e1n mis experiencias con diversos core\u00f3grafos de Alemania, Israel, Espa\u00f1a, India, entre otros, y, especialmente, mi experiencia en distintos pa\u00edses de Europa, Medio Oriente, \u00c1frica y EEUU.<span class=\"Apple-converted-space\">\u00a0<\/span><\/p>\n<p>bailando.<span class=\"Apple-converted-space\">\u00a0<\/span><\/p>\n<p>Con sus clases de Anatom\u00eda Inventada Natalia encuentra un tiempo f\u00edsico para la investigaci\u00f3n del cuerpo que imagina y, luego, baila.<\/p>\n","protected":false},"excerpt":{"rendered":"<p>&nbsp; LUGAR: \u00a0\u00a0Dantzagunea. Pelotarien kalea z\/g (Niessen eraikina) 20100 Errenteria DIRIGIDO A: \u00a0\u00a0Dirigido a bailarines y artistas de las artes [&hellip;]<\/p>\n","protected":false},"author":3,"featured_media":7391,"parent":6161,"menu_order":0,"comment_status":"closed","ping_status":"closed","template":"","meta":{"_acf_changed":false,"footnotes":""},"class_list":["post-7419","page","type-page","status-publish","has-post-thumbnail","hentry"],"acf":[],"yoast_head":"<!-- This site is optimized with the Yoast SEO plugin v24.2 - https:\/\/yoast.com\/wordpress\/plugins\/seo\/ -->\n<title>Natalia Fernandes | haatik<\/title>\n<meta name=\"robots\" content=\"index, follow, max-snippet:-1, max-image-preview:large, max-video-preview:-1\" \/>\n<link rel=\"canonical\" href=\"https:\/\/www.haatik.com\/es\/hik-dantza\/landu_es\/natalia-fernandes\/\" \/>\n<meta property=\"og:locale\" content=\"es_ES\" \/>\n<meta property=\"og:type\" content=\"article\" \/>\n<meta property=\"og:title\" content=\"Natalia Fernandes | haatik\" \/>\n<meta property=\"og:description\" content=\"&nbsp; LUGAR: \u00a0\u00a0Dantzagunea. Pelotarien kalea z\/g (Niessen eraikina) 20100 Errenteria DIRIGIDO A: \u00a0\u00a0Dirigido a bailarines y artistas de las artes [&hellip;]\" \/>\n<meta property=\"og:url\" content=\"https:\/\/www.haatik.com\/es\/hik-dantza\/landu_es\/natalia-fernandes\/\" \/>\n<meta property=\"og:site_name\" content=\"haatik\" \/>\n<meta property=\"article:publisher\" content=\"https:\/\/www.facebook.com\/HaatikDantzaKonpainia\/\" \/>\n<meta property=\"article:modified_time\" content=\"2022-12-02T10:22:48+00:00\" \/>\n<meta property=\"og:image\" content=\"https:\/\/www.haatik.com\/wp-content\/uploads\/web_HIK_DANTZA_LANDU_2022_Mesa-de-trabajo-1-copia-2-scaled.jpg\" \/>\n\t<meta property=\"og:image:width\" content=\"2560\" \/>\n\t<meta property=\"og:image:height\" content=\"959\" \/>\n\t<meta property=\"og:image:type\" content=\"image\/jpeg\" \/>\n<meta name=\"twitter:card\" content=\"summary_large_image\" \/>\n<meta name=\"twitter:site\" content=\"@Haatik_Dantza\" \/>\n<meta name=\"twitter:label1\" content=\"Tiempo de lectura\" \/>\n\t<meta name=\"twitter:data1\" content=\"3 minutos\" \/>\n<script type=\"application\/ld+json\" class=\"yoast-schema-graph\">{\"@context\":\"https:\/\/schema.org\",\"@graph\":[{\"@type\":\"WebPage\",\"@id\":\"https:\/\/www.haatik.com\/es\/hik-dantza\/landu_es\/natalia-fernandes\/\",\"url\":\"https:\/\/www.haatik.com\/es\/hik-dantza\/landu_es\/natalia-fernandes\/\",\"name\":\"Natalia Fernandes | haatik\",\"isPartOf\":{\"@id\":\"https:\/\/www.haatik.com\/eu\/#website\"},\"primaryImageOfPage\":{\"@id\":\"https:\/\/www.haatik.com\/es\/hik-dantza\/landu_es\/natalia-fernandes\/#primaryimage\"},\"image\":{\"@id\":\"https:\/\/www.haatik.com\/es\/hik-dantza\/landu_es\/natalia-fernandes\/#primaryimage\"},\"thumbnailUrl\":\"https:\/\/www.haatik.com\/wp-content\/uploads\/web_HIK_DANTZA_LANDU_2022_Mesa-de-trabajo-1-copia-2-scaled.jpg\",\"datePublished\":\"2022-03-29T09:09:24+00:00\",\"dateModified\":\"2022-12-02T10:22:48+00:00\",\"breadcrumb\":{\"@id\":\"https:\/\/www.haatik.com\/es\/hik-dantza\/landu_es\/natalia-fernandes\/#breadcrumb\"},\"inLanguage\":\"es\",\"potentialAction\":[{\"@type\":\"ReadAction\",\"target\":[\"https:\/\/www.haatik.com\/es\/hik-dantza\/landu_es\/natalia-fernandes\/\"]}]},{\"@type\":\"ImageObject\",\"inLanguage\":\"es\",\"@id\":\"https:\/\/www.haatik.com\/es\/hik-dantza\/landu_es\/natalia-fernandes\/#primaryimage\",\"url\":\"https:\/\/www.haatik.com\/wp-content\/uploads\/web_HIK_DANTZA_LANDU_2022_Mesa-de-trabajo-1-copia-2-scaled.jpg\",\"contentUrl\":\"https:\/\/www.haatik.com\/wp-content\/uploads\/web_HIK_DANTZA_LANDU_2022_Mesa-de-trabajo-1-copia-2-scaled.jpg\",\"width\":2560,\"height\":959},{\"@type\":\"BreadcrumbList\",\"@id\":\"https:\/\/www.haatik.com\/es\/hik-dantza\/landu_es\/natalia-fernandes\/#breadcrumb\",\"itemListElement\":[{\"@type\":\"ListItem\",\"position\":1,\"name\":\"Home\",\"item\":\"https:\/\/www.haatik.com\/es\/\"},{\"@type\":\"ListItem\",\"position\":2,\"name\":\"HiK Dantza\",\"item\":\"https:\/\/www.haatik.com\/es\/hik-dantza\/\"},{\"@type\":\"ListItem\",\"position\":3,\"name\":\"Landu\",\"item\":\"https:\/\/www.haatik.com\/es\/hik-dantza\/landu_es\/\"},{\"@type\":\"ListItem\",\"position\":4,\"name\":\"Natalia Fernandes\"}]},{\"@type\":\"WebSite\",\"@id\":\"https:\/\/www.haatik.com\/eu\/#website\",\"url\":\"https:\/\/www.haatik.com\/eu\/\",\"name\":\"haatik\",\"description\":\"haatik dantza konpainia\",\"publisher\":{\"@id\":\"https:\/\/www.haatik.com\/eu\/#organization\"},\"potentialAction\":[{\"@type\":\"SearchAction\",\"target\":{\"@type\":\"EntryPoint\",\"urlTemplate\":\"https:\/\/www.haatik.com\/eu\/?s={search_term_string}\"},\"query-input\":{\"@type\":\"PropertyValueSpecification\",\"valueRequired\":true,\"valueName\":\"search_term_string\"}}],\"inLanguage\":\"es\"},{\"@type\":\"Organization\",\"@id\":\"https:\/\/www.haatik.com\/eu\/#organization\",\"name\":\"haatik\",\"url\":\"https:\/\/www.haatik.com\/eu\/\",\"logo\":{\"@type\":\"ImageObject\",\"inLanguage\":\"es\",\"@id\":\"https:\/\/www.haatik.com\/eu\/#\/schema\/logo\/image\/\",\"url\":\"https:\/\/www.haatik.com\/wp-content\/uploads\/logo_haatik_2016-01.png\",\"contentUrl\":\"https:\/\/www.haatik.com\/wp-content\/uploads\/logo_haatik_2016-01.png\",\"width\":1036,\"height\":493,\"caption\":\"haatik\"},\"image\":{\"@id\":\"https:\/\/www.haatik.com\/eu\/#\/schema\/logo\/image\/\"},\"sameAs\":[\"https:\/\/www.facebook.com\/HaatikDantzaKonpainia\/\",\"https:\/\/x.com\/Haatik_Dantza\",\"https:\/\/instagram.com\/haatikdantzakonpainia\"]}]}<\/script>\n<!-- \/ Yoast SEO plugin. -->","yoast_head_json":{"title":"Natalia Fernandes | haatik","robots":{"index":"index","follow":"follow","max-snippet":"max-snippet:-1","max-image-preview":"max-image-preview:large","max-video-preview":"max-video-preview:-1"},"canonical":"https:\/\/www.haatik.com\/es\/hik-dantza\/landu_es\/natalia-fernandes\/","og_locale":"es_ES","og_type":"article","og_title":"Natalia Fernandes | haatik","og_description":"&nbsp; LUGAR: \u00a0\u00a0Dantzagunea. Pelotarien kalea z\/g (Niessen eraikina) 20100 Errenteria DIRIGIDO A: \u00a0\u00a0Dirigido a bailarines y artistas de las artes [&hellip;]","og_url":"https:\/\/www.haatik.com\/es\/hik-dantza\/landu_es\/natalia-fernandes\/","og_site_name":"haatik","article_publisher":"https:\/\/www.facebook.com\/HaatikDantzaKonpainia\/","article_modified_time":"2022-12-02T10:22:48+00:00","og_image":[{"width":2560,"height":959,"url":"https:\/\/www.haatik.com\/wp-content\/uploads\/web_HIK_DANTZA_LANDU_2022_Mesa-de-trabajo-1-copia-2-scaled.jpg","type":"image\/jpeg"}],"twitter_card":"summary_large_image","twitter_site":"@Haatik_Dantza","twitter_misc":{"Tiempo de lectura":"3 minutos"},"schema":{"@context":"https:\/\/schema.org","@graph":[{"@type":"WebPage","@id":"https:\/\/www.haatik.com\/es\/hik-dantza\/landu_es\/natalia-fernandes\/","url":"https:\/\/www.haatik.com\/es\/hik-dantza\/landu_es\/natalia-fernandes\/","name":"Natalia Fernandes | haatik","isPartOf":{"@id":"https:\/\/www.haatik.com\/eu\/#website"},"primaryImageOfPage":{"@id":"https:\/\/www.haatik.com\/es\/hik-dantza\/landu_es\/natalia-fernandes\/#primaryimage"},"image":{"@id":"https:\/\/www.haatik.com\/es\/hik-dantza\/landu_es\/natalia-fernandes\/#primaryimage"},"thumbnailUrl":"https:\/\/www.haatik.com\/wp-content\/uploads\/web_HIK_DANTZA_LANDU_2022_Mesa-de-trabajo-1-copia-2-scaled.jpg","datePublished":"2022-03-29T09:09:24+00:00","dateModified":"2022-12-02T10:22:48+00:00","breadcrumb":{"@id":"https:\/\/www.haatik.com\/es\/hik-dantza\/landu_es\/natalia-fernandes\/#breadcrumb"},"inLanguage":"es","potentialAction":[{"@type":"ReadAction","target":["https:\/\/www.haatik.com\/es\/hik-dantza\/landu_es\/natalia-fernandes\/"]}]},{"@type":"ImageObject","inLanguage":"es","@id":"https:\/\/www.haatik.com\/es\/hik-dantza\/landu_es\/natalia-fernandes\/#primaryimage","url":"https:\/\/www.haatik.com\/wp-content\/uploads\/web_HIK_DANTZA_LANDU_2022_Mesa-de-trabajo-1-copia-2-scaled.jpg","contentUrl":"https:\/\/www.haatik.com\/wp-content\/uploads\/web_HIK_DANTZA_LANDU_2022_Mesa-de-trabajo-1-copia-2-scaled.jpg","width":2560,"height":959},{"@type":"BreadcrumbList","@id":"https:\/\/www.haatik.com\/es\/hik-dantza\/landu_es\/natalia-fernandes\/#breadcrumb","itemListElement":[{"@type":"ListItem","position":1,"name":"Home","item":"https:\/\/www.haatik.com\/es\/"},{"@type":"ListItem","position":2,"name":"HiK Dantza","item":"https:\/\/www.haatik.com\/es\/hik-dantza\/"},{"@type":"ListItem","position":3,"name":"Landu","item":"https:\/\/www.haatik.com\/es\/hik-dantza\/landu_es\/"},{"@type":"ListItem","position":4,"name":"Natalia Fernandes"}]},{"@type":"WebSite","@id":"https:\/\/www.haatik.com\/eu\/#website","url":"https:\/\/www.haatik.com\/eu\/","name":"haatik","description":"haatik dantza konpainia","publisher":{"@id":"https:\/\/www.haatik.com\/eu\/#organization"},"potentialAction":[{"@type":"SearchAction","target":{"@type":"EntryPoint","urlTemplate":"https:\/\/www.haatik.com\/eu\/?s={search_term_string}"},"query-input":{"@type":"PropertyValueSpecification","valueRequired":true,"valueName":"search_term_string"}}],"inLanguage":"es"},{"@type":"Organization","@id":"https:\/\/www.haatik.com\/eu\/#organization","name":"haatik","url":"https:\/\/www.haatik.com\/eu\/","logo":{"@type":"ImageObject","inLanguage":"es","@id":"https:\/\/www.haatik.com\/eu\/#\/schema\/logo\/image\/","url":"https:\/\/www.haatik.com\/wp-content\/uploads\/logo_haatik_2016-01.png","contentUrl":"https:\/\/www.haatik.com\/wp-content\/uploads\/logo_haatik_2016-01.png","width":1036,"height":493,"caption":"haatik"},"image":{"@id":"https:\/\/www.haatik.com\/eu\/#\/schema\/logo\/image\/"},"sameAs":["https:\/\/www.facebook.com\/HaatikDantzaKonpainia\/","https:\/\/x.com\/Haatik_Dantza","https:\/\/instagram.com\/haatikdantzakonpainia"]}]}},"_links":{"self":[{"href":"https:\/\/www.haatik.com\/es\/wp-json\/wp\/v2\/pages\/7419","targetHints":{"allow":["GET"]}}],"collection":[{"href":"https:\/\/www.haatik.com\/es\/wp-json\/wp\/v2\/pages"}],"about":[{"href":"https:\/\/www.haatik.com\/es\/wp-json\/wp\/v2\/types\/page"}],"author":[{"embeddable":true,"href":"https:\/\/www.haatik.com\/es\/wp-json\/wp\/v2\/users\/3"}],"replies":[{"embeddable":true,"href":"https:\/\/www.haatik.com\/es\/wp-json\/wp\/v2\/comments?post=7419"}],"version-history":[{"count":3,"href":"https:\/\/www.haatik.com\/es\/wp-json\/wp\/v2\/pages\/7419\/revisions"}],"predecessor-version":[{"id":7969,"href":"https:\/\/www.haatik.com\/es\/wp-json\/wp\/v2\/pages\/7419\/revisions\/7969"}],"up":[{"embeddable":true,"href":"https:\/\/www.haatik.com\/es\/wp-json\/wp\/v2\/pages\/6161"}],"wp:featuredmedia":[{"embeddable":true,"href":"https:\/\/www.haatik.com\/es\/wp-json\/wp\/v2\/media\/7391"}],"wp:attachment":[{"href":"https:\/\/www.haatik.com\/es\/wp-json\/wp\/v2\/media?parent=7419"}],"curies":[{"name":"wp","href":"https:\/\/api.w.org\/{rel}","templated":true}]}}