{"id":7416,"date":"2022-03-29T08:13:23","date_gmt":"2022-03-29T08:13:23","guid":{"rendered":"http:\/\/www.haatik.com\/hik-dantza\/landu_es\/marion-castaillet-2\/"},"modified":"2022-12-02T10:23:44","modified_gmt":"2022-12-02T10:23:44","slug":"marion-castaillet-2","status":"publish","type":"page","link":"https:\/\/www.haatik.com\/es\/hik-dantza\/landu_es\/marion-castaillet-2\/","title":{"rendered":"Marion Castaillet"},"content":{"rendered":"<p>&nbsp;<\/p>\n<ul>\n<li>LUGAR: \u00a0\u00a0<strong>Dantzagunea<\/strong>. Pelotarien kalea z\/g (Niessen eraikina) 20100 Errenteria<\/li>\n<li>DIRIGIDO A: \u00a0\u00a0<strong>Dirigido a bailarines y artistas de artes del movimiento.<\/strong><\/li>\n<li><b>PRECIO: \u00a0<\/b>\u00a0<strong>60\u20ac<\/strong> (<strong>50\u20ac <\/strong>para socias de ADDE o ARTEKALE)<\/li>\n<\/ul>\n<p>&nbsp;<\/p>\n<hr \/>\n<p><b style=\"font-family: Georgia, 'Times New Roman', 'Bitstream Charter', Times, serif;\">\u201cFreshmotion\u201d<\/b><\/p>\n<div>\n<p><b>Metodolog\u00eda<\/b><\/p>\n<\/div>\n<p>\u00ab\u00a0Qui\u00e9n puede hacer m\u00e1s puede hacer menos\u00a0\u00bb es su lema. Freshmotion, a trav\u00e9s de la velocidad y el control del cuerpo, tiene como objetivo lograr que los cuerpos entreguen todo su potencial para ganar resistencia y velocidad a trav\u00e9s de una preparaci\u00f3n f\u00edsica adaptada. La t\u00e9cnica de trabajo en el suelo involucra al cuerpo en una conciencia superior del suelo y el centro del cuerpo, usando el suelo. La en\u00e9rgica danza de Marion impulsada por sus experimentos en capoeira, acrobacias y break dance es una forma de llevar el cuerpo de baile a la poes\u00eda. La fluidez es una parte importante de su trabajo, as\u00ed como la creatividad de cada participante a trav\u00e9s de la improvisaci\u00f3n y el trabajo de investigaci\u00f3n sobre el movimiento.<\/p>\n<hr \/>\n<p><b>Marion Castaillet:<\/b><\/p>\n<p>Marion tiene una formaci\u00f3n multidisciplinaria. Despu\u00e9s de graduarse, dirige muchos proyectos en escuelas como \u00abDanse \u00e0 L\u2019Ecole\u00bb y prepara a bailarines emergentes para integrar escuelas de arte superiores.<br \/>\nA partir de 2015, comienza a cooperar como int\u00e9rprete y creadora con Brotha From Anotha Motha Company.<br \/>\nEn 2016 colabora como asistente coreogr\u00e1fica de Mana\u00ef.<br \/>\nEncuentra inspiraci\u00f3n y creatividad en el teatro de danza f\u00edsica de B.F.A.M, y crea una danza llamada \u00abFreshmotion\u00bb.<br \/>\nImparte clases magistrales en Au Brana, Amplitudes Danse, Varium, Scenario Pubblico, Fre3 Bodies, Descalzinha danza &#8230;).<br \/>\nDe 2013 a 2018 trabaja como bailarina e int\u00e9rprete con el core\u00f3grafo Pierre Michael Faure. Luego se une a la Compa\u00f1\u00eda Sylex. Tambi\u00e9n trabaja con Raphael Olive en el Cie Interm\u00e9diaire.<br \/>\nEn 2017 crea su primera coreograf\u00eda para Brotha From Anotha Motha, \u00abAlone With Everybody\u00bb. Luego crea \u00abM.I.R\u00bb para el Conservatorio de Tarbes. Crea y realiza tambi\u00e9n su solo \u00abLa felicidad no espera\u00bb y se une en Hafiz Dhaou y Aicha m\u2019Barek\u2019s Chata Company en 2019 para \u00abL\u2019Amour Sorcier\u201d.<\/p>\n<p>En 2021 integra la compa\u00f1ia de \u00abNa\u00eff Production\u00bb.<\/p>\n<p>En 2021, comenzar\u00e1 una colaboraci\u00f3n con Marius Fouilland (circo).<\/p>\n","protected":false},"excerpt":{"rendered":"<p>&nbsp; LUGAR: \u00a0\u00a0Dantzagunea. Pelotarien kalea z\/g (Niessen eraikina) 20100 Errenteria DIRIGIDO A: \u00a0\u00a0Dirigido a bailarines y artistas de artes del [&hellip;]<\/p>\n","protected":false},"author":3,"featured_media":7699,"parent":6161,"menu_order":0,"comment_status":"closed","ping_status":"closed","template":"","meta":{"_acf_changed":false,"footnotes":""},"class_list":["post-7416","page","type-page","status-publish","has-post-thumbnail","hentry"],"acf":[],"yoast_head":"<!-- This site is optimized with the Yoast SEO plugin v24.2 - https:\/\/yoast.com\/wordpress\/plugins\/seo\/ -->\n<title>Marion Castaillet | haatik<\/title>\n<meta name=\"robots\" content=\"index, follow, max-snippet:-1, max-image-preview:large, max-video-preview:-1\" \/>\n<link rel=\"canonical\" href=\"https:\/\/www.haatik.com\/es\/hik-dantza\/landu_es\/marion-castaillet-2\/\" \/>\n<meta property=\"og:locale\" content=\"es_ES\" \/>\n<meta property=\"og:type\" content=\"article\" \/>\n<meta property=\"og:title\" content=\"Marion Castaillet | haatik\" \/>\n<meta property=\"og:description\" content=\"&nbsp; LUGAR: \u00a0\u00a0Dantzagunea. Pelotarien kalea z\/g (Niessen eraikina) 20100 Errenteria DIRIGIDO A: \u00a0\u00a0Dirigido a bailarines y artistas de artes del [&hellip;]\" \/>\n<meta property=\"og:url\" content=\"https:\/\/www.haatik.com\/es\/hik-dantza\/landu_es\/marion-castaillet-2\/\" \/>\n<meta property=\"og:site_name\" content=\"haatik\" \/>\n<meta property=\"article:publisher\" content=\"https:\/\/www.facebook.com\/HaatikDantzaKonpainia\/\" \/>\n<meta property=\"article:modified_time\" content=\"2022-12-02T10:23:44+00:00\" \/>\n<meta property=\"og:image\" content=\"https:\/\/www.haatik.com\/wp-content\/uploads\/MARION_haundia_HIK_DANTZA_LANDU_fetxa-aldaketa_2022_Mesa-de-trabajo-1-copia.png\" \/>\n\t<meta property=\"og:image:width\" content=\"6671\" \/>\n\t<meta property=\"og:image:height\" content=\"2500\" \/>\n\t<meta property=\"og:image:type\" content=\"image\/png\" \/>\n<meta name=\"twitter:card\" content=\"summary_large_image\" \/>\n<meta name=\"twitter:site\" content=\"@Haatik_Dantza\" \/>\n<meta name=\"twitter:label1\" content=\"Tiempo de lectura\" \/>\n\t<meta name=\"twitter:data1\" content=\"2 minutos\" \/>\n<script type=\"application\/ld+json\" class=\"yoast-schema-graph\">{\"@context\":\"https:\/\/schema.org\",\"@graph\":[{\"@type\":\"WebPage\",\"@id\":\"https:\/\/www.haatik.com\/es\/hik-dantza\/landu_es\/marion-castaillet-2\/\",\"url\":\"https:\/\/www.haatik.com\/es\/hik-dantza\/landu_es\/marion-castaillet-2\/\",\"name\":\"Marion Castaillet | haatik\",\"isPartOf\":{\"@id\":\"https:\/\/www.haatik.com\/eu\/#website\"},\"primaryImageOfPage\":{\"@id\":\"https:\/\/www.haatik.com\/es\/hik-dantza\/landu_es\/marion-castaillet-2\/#primaryimage\"},\"image\":{\"@id\":\"https:\/\/www.haatik.com\/es\/hik-dantza\/landu_es\/marion-castaillet-2\/#primaryimage\"},\"thumbnailUrl\":\"https:\/\/www.haatik.com\/wp-content\/uploads\/MARION_haundia_HIK_DANTZA_LANDU_fetxa-aldaketa_2022_Mesa-de-trabajo-1-copia.png\",\"datePublished\":\"2022-03-29T08:13:23+00:00\",\"dateModified\":\"2022-12-02T10:23:44+00:00\",\"breadcrumb\":{\"@id\":\"https:\/\/www.haatik.com\/es\/hik-dantza\/landu_es\/marion-castaillet-2\/#breadcrumb\"},\"inLanguage\":\"es\",\"potentialAction\":[{\"@type\":\"ReadAction\",\"target\":[\"https:\/\/www.haatik.com\/es\/hik-dantza\/landu_es\/marion-castaillet-2\/\"]}]},{\"@type\":\"ImageObject\",\"inLanguage\":\"es\",\"@id\":\"https:\/\/www.haatik.com\/es\/hik-dantza\/landu_es\/marion-castaillet-2\/#primaryimage\",\"url\":\"https:\/\/www.haatik.com\/wp-content\/uploads\/MARION_haundia_HIK_DANTZA_LANDU_fetxa-aldaketa_2022_Mesa-de-trabajo-1-copia.png\",\"contentUrl\":\"https:\/\/www.haatik.com\/wp-content\/uploads\/MARION_haundia_HIK_DANTZA_LANDU_fetxa-aldaketa_2022_Mesa-de-trabajo-1-copia.png\",\"width\":6671,\"height\":2500},{\"@type\":\"BreadcrumbList\",\"@id\":\"https:\/\/www.haatik.com\/es\/hik-dantza\/landu_es\/marion-castaillet-2\/#breadcrumb\",\"itemListElement\":[{\"@type\":\"ListItem\",\"position\":1,\"name\":\"Home\",\"item\":\"https:\/\/www.haatik.com\/es\/\"},{\"@type\":\"ListItem\",\"position\":2,\"name\":\"HiK Dantza\",\"item\":\"https:\/\/www.haatik.com\/es\/hik-dantza\/\"},{\"@type\":\"ListItem\",\"position\":3,\"name\":\"Landu\",\"item\":\"https:\/\/www.haatik.com\/es\/hik-dantza\/landu_es\/\"},{\"@type\":\"ListItem\",\"position\":4,\"name\":\"Marion Castaillet\"}]},{\"@type\":\"WebSite\",\"@id\":\"https:\/\/www.haatik.com\/eu\/#website\",\"url\":\"https:\/\/www.haatik.com\/eu\/\",\"name\":\"haatik\",\"description\":\"haatik dantza konpainia\",\"publisher\":{\"@id\":\"https:\/\/www.haatik.com\/eu\/#organization\"},\"potentialAction\":[{\"@type\":\"SearchAction\",\"target\":{\"@type\":\"EntryPoint\",\"urlTemplate\":\"https:\/\/www.haatik.com\/eu\/?s={search_term_string}\"},\"query-input\":{\"@type\":\"PropertyValueSpecification\",\"valueRequired\":true,\"valueName\":\"search_term_string\"}}],\"inLanguage\":\"es\"},{\"@type\":\"Organization\",\"@id\":\"https:\/\/www.haatik.com\/eu\/#organization\",\"name\":\"haatik\",\"url\":\"https:\/\/www.haatik.com\/eu\/\",\"logo\":{\"@type\":\"ImageObject\",\"inLanguage\":\"es\",\"@id\":\"https:\/\/www.haatik.com\/eu\/#\/schema\/logo\/image\/\",\"url\":\"https:\/\/www.haatik.com\/wp-content\/uploads\/logo_haatik_2016-01.png\",\"contentUrl\":\"https:\/\/www.haatik.com\/wp-content\/uploads\/logo_haatik_2016-01.png\",\"width\":1036,\"height\":493,\"caption\":\"haatik\"},\"image\":{\"@id\":\"https:\/\/www.haatik.com\/eu\/#\/schema\/logo\/image\/\"},\"sameAs\":[\"https:\/\/www.facebook.com\/HaatikDantzaKonpainia\/\",\"https:\/\/x.com\/Haatik_Dantza\",\"https:\/\/instagram.com\/haatikdantzakonpainia\"]}]}<\/script>\n<!-- \/ Yoast SEO plugin. -->","yoast_head_json":{"title":"Marion Castaillet | haatik","robots":{"index":"index","follow":"follow","max-snippet":"max-snippet:-1","max-image-preview":"max-image-preview:large","max-video-preview":"max-video-preview:-1"},"canonical":"https:\/\/www.haatik.com\/es\/hik-dantza\/landu_es\/marion-castaillet-2\/","og_locale":"es_ES","og_type":"article","og_title":"Marion Castaillet | haatik","og_description":"&nbsp; LUGAR: \u00a0\u00a0Dantzagunea. Pelotarien kalea z\/g (Niessen eraikina) 20100 Errenteria DIRIGIDO A: \u00a0\u00a0Dirigido a bailarines y artistas de artes del [&hellip;]","og_url":"https:\/\/www.haatik.com\/es\/hik-dantza\/landu_es\/marion-castaillet-2\/","og_site_name":"haatik","article_publisher":"https:\/\/www.facebook.com\/HaatikDantzaKonpainia\/","article_modified_time":"2022-12-02T10:23:44+00:00","og_image":[{"width":6671,"height":2500,"url":"https:\/\/www.haatik.com\/wp-content\/uploads\/MARION_haundia_HIK_DANTZA_LANDU_fetxa-aldaketa_2022_Mesa-de-trabajo-1-copia.png","type":"image\/png"}],"twitter_card":"summary_large_image","twitter_site":"@Haatik_Dantza","twitter_misc":{"Tiempo de lectura":"2 minutos"},"schema":{"@context":"https:\/\/schema.org","@graph":[{"@type":"WebPage","@id":"https:\/\/www.haatik.com\/es\/hik-dantza\/landu_es\/marion-castaillet-2\/","url":"https:\/\/www.haatik.com\/es\/hik-dantza\/landu_es\/marion-castaillet-2\/","name":"Marion Castaillet | haatik","isPartOf":{"@id":"https:\/\/www.haatik.com\/eu\/#website"},"primaryImageOfPage":{"@id":"https:\/\/www.haatik.com\/es\/hik-dantza\/landu_es\/marion-castaillet-2\/#primaryimage"},"image":{"@id":"https:\/\/www.haatik.com\/es\/hik-dantza\/landu_es\/marion-castaillet-2\/#primaryimage"},"thumbnailUrl":"https:\/\/www.haatik.com\/wp-content\/uploads\/MARION_haundia_HIK_DANTZA_LANDU_fetxa-aldaketa_2022_Mesa-de-trabajo-1-copia.png","datePublished":"2022-03-29T08:13:23+00:00","dateModified":"2022-12-02T10:23:44+00:00","breadcrumb":{"@id":"https:\/\/www.haatik.com\/es\/hik-dantza\/landu_es\/marion-castaillet-2\/#breadcrumb"},"inLanguage":"es","potentialAction":[{"@type":"ReadAction","target":["https:\/\/www.haatik.com\/es\/hik-dantza\/landu_es\/marion-castaillet-2\/"]}]},{"@type":"ImageObject","inLanguage":"es","@id":"https:\/\/www.haatik.com\/es\/hik-dantza\/landu_es\/marion-castaillet-2\/#primaryimage","url":"https:\/\/www.haatik.com\/wp-content\/uploads\/MARION_haundia_HIK_DANTZA_LANDU_fetxa-aldaketa_2022_Mesa-de-trabajo-1-copia.png","contentUrl":"https:\/\/www.haatik.com\/wp-content\/uploads\/MARION_haundia_HIK_DANTZA_LANDU_fetxa-aldaketa_2022_Mesa-de-trabajo-1-copia.png","width":6671,"height":2500},{"@type":"BreadcrumbList","@id":"https:\/\/www.haatik.com\/es\/hik-dantza\/landu_es\/marion-castaillet-2\/#breadcrumb","itemListElement":[{"@type":"ListItem","position":1,"name":"Home","item":"https:\/\/www.haatik.com\/es\/"},{"@type":"ListItem","position":2,"name":"HiK Dantza","item":"https:\/\/www.haatik.com\/es\/hik-dantza\/"},{"@type":"ListItem","position":3,"name":"Landu","item":"https:\/\/www.haatik.com\/es\/hik-dantza\/landu_es\/"},{"@type":"ListItem","position":4,"name":"Marion Castaillet"}]},{"@type":"WebSite","@id":"https:\/\/www.haatik.com\/eu\/#website","url":"https:\/\/www.haatik.com\/eu\/","name":"haatik","description":"haatik dantza konpainia","publisher":{"@id":"https:\/\/www.haatik.com\/eu\/#organization"},"potentialAction":[{"@type":"SearchAction","target":{"@type":"EntryPoint","urlTemplate":"https:\/\/www.haatik.com\/eu\/?s={search_term_string}"},"query-input":{"@type":"PropertyValueSpecification","valueRequired":true,"valueName":"search_term_string"}}],"inLanguage":"es"},{"@type":"Organization","@id":"https:\/\/www.haatik.com\/eu\/#organization","name":"haatik","url":"https:\/\/www.haatik.com\/eu\/","logo":{"@type":"ImageObject","inLanguage":"es","@id":"https:\/\/www.haatik.com\/eu\/#\/schema\/logo\/image\/","url":"https:\/\/www.haatik.com\/wp-content\/uploads\/logo_haatik_2016-01.png","contentUrl":"https:\/\/www.haatik.com\/wp-content\/uploads\/logo_haatik_2016-01.png","width":1036,"height":493,"caption":"haatik"},"image":{"@id":"https:\/\/www.haatik.com\/eu\/#\/schema\/logo\/image\/"},"sameAs":["https:\/\/www.facebook.com\/HaatikDantzaKonpainia\/","https:\/\/x.com\/Haatik_Dantza","https:\/\/instagram.com\/haatikdantzakonpainia"]}]}},"_links":{"self":[{"href":"https:\/\/www.haatik.com\/es\/wp-json\/wp\/v2\/pages\/7416","targetHints":{"allow":["GET"]}}],"collection":[{"href":"https:\/\/www.haatik.com\/es\/wp-json\/wp\/v2\/pages"}],"about":[{"href":"https:\/\/www.haatik.com\/es\/wp-json\/wp\/v2\/types\/page"}],"author":[{"embeddable":true,"href":"https:\/\/www.haatik.com\/es\/wp-json\/wp\/v2\/users\/3"}],"replies":[{"embeddable":true,"href":"https:\/\/www.haatik.com\/es\/wp-json\/wp\/v2\/comments?post=7416"}],"version-history":[{"count":7,"href":"https:\/\/www.haatik.com\/es\/wp-json\/wp\/v2\/pages\/7416\/revisions"}],"predecessor-version":[{"id":7972,"href":"https:\/\/www.haatik.com\/es\/wp-json\/wp\/v2\/pages\/7416\/revisions\/7972"}],"up":[{"embeddable":true,"href":"https:\/\/www.haatik.com\/es\/wp-json\/wp\/v2\/pages\/6161"}],"wp:featuredmedia":[{"embeddable":true,"href":"https:\/\/www.haatik.com\/es\/wp-json\/wp\/v2\/media\/7699"}],"wp:attachment":[{"href":"https:\/\/www.haatik.com\/es\/wp-json\/wp\/v2\/media?parent=7416"}],"curies":[{"name":"wp","href":"https:\/\/api.w.org\/{rel}","templated":true}]}}