{"id":7412,"date":"2022-03-29T07:46:16","date_gmt":"2022-03-29T07:46:16","guid":{"rendered":"http:\/\/www.haatik.com\/hik-dantza\/landu_es\/sol-vazquez\/"},"modified":"2022-12-02T10:26:01","modified_gmt":"2022-12-02T10:26:01","slug":"sol-vazquez","status":"publish","type":"page","link":"https:\/\/www.haatik.com\/es\/hik-dantza\/landu_es\/sol-vazquez\/","title":{"rendered":"Sol Vazquez"},"content":{"rendered":"<p>&nbsp;<\/p>\n<ul>\n<li>LUGAR: \u00a0\u00a0<strong>Dantzagunea<\/strong>. Pelotarien kalea z\/g (Niessen eraikina) 20100 Errenteria<\/li>\n<li>DIRIGIDO A: \u00a0\u00a0<strong>Dirigido a bailarines y artistas de artes del movimiento.<\/strong><\/li>\n<li><b>PRECIO: \u00a0<\/b>\u00a0<strong>60\u20ac<\/strong> (<strong>50\u20ac <\/strong>para socias de ADDE o ARTEKALE)<\/li>\n<\/ul>\n<p>&nbsp;<\/p>\n<hr \/>\n<p><b style=\"font-family: Georgia, 'Times New Roman', 'Bitstream Charter', Times, serif;\">\u201cCuerpo creativo\u201d<\/b><\/p>\n<div>\n<p><b>Metodolog\u00eda<\/b><\/p>\n<\/div>\n<p>La propuesta de este taller explora para encontrar un cuerpo y un pensamiento flexible, anal\u00edtico y activo. La pr\u00e1ctica fluir\u00e1 entre el trabajo de tierra, de improvisaciones guiadas y de parejas o grupo, sirvi\u00e9ndonos y benefici\u00e1ndonos de diferentes t\u00e9cnicas de movimiento: release, flying low, contacto e improvisaci\u00f3n; aproxim\u00e1ndonos a un cuerpo fuerte, \u00e1gil y ligero, que pueda reciclar energ\u00eda, jugar con calidades y crear. Usaremos la riqueza del cuerpo articulado, del centro en conexi\u00f3n con las extremidades y la tierra, y de la mirada como motor que conecta con el espacio y con el interior para expandir nuestro campo de acci\u00f3n y movimiento tridimensional. Hablaremos de peso, anclajes, soportes, espirales, fueras de eje y trayectorias, a trav\u00e9s de movimientos combinados y secuencias coreografiadas. El entrenamiento propone un conocimiento m\u00e1s consciente y preciso de nuestra estructura \u00f3sea y muscular, as\u00ed como fluidez y libertad de acci\u00f3n.<\/p>\n<hr \/>\n<p><strong>Sol Vazquez:<\/strong><\/p>\n<p>Titulada en danza cl\u00e1sica y contempor\u00e1nea por el magisterio de arte de Mar del Plata, Argentina.<\/p>\n<p>Inicia sus primeros trabajos como int\u00e9rprete en compa\u00f1\u00edas independientes de su ciudad natal. Se instala en Barcelona, Espa\u00f1a, en el 2002 y contin\u00faa su formaci\u00f3n de manera independiente\u00a0con docentes reconocidos internacionalmente como Gustavo Lesgard, Peter Jasko, Cecilia Colacrai, David Zambrano, Tono Lachky, Eul\u00e0lia Ayguad\u00e9, Laura Ar\u00eds, Martin Kilvady, Jozef Frucek &amp; Linda Kapetanea , entre otros.<span class=\"Apple-converted-space\">\u00a0<\/span><\/p>\n<p>Bailarina freelance form\u00f3 parte de Art Tr\u00e1nsit Dansa de Maria Rovira del 2005 al 2012. Trabaj\u00f3 con las compa\u00f1\u00edas ROPA de Roberto Oliv\u00e1n \u201cA place to bury strangers\u201d, Atempo Circ \u201cDeal\u201d, Sebasti\u00e1n Garc\u00eda Ferro \u201cImpasse#2\u201d, La petita Malumaluga \u201cMy Baby is a Queen\u201d, Roser L\u00f3pez Espinosa \u201cNovembre\u201d, GN-MC Guy Nader y Mar\u00eda Campos \u201cTime Takes The Time Time Takes\u201d.<\/p>\n<p>En el rol de docente ha trabajado del 2006 al 2012 en el Aula de Teatre de Matar\u00f3, en la Associaci\u00f3 de dansa contempor\u00e0nia de Sabadell, Sa Nau dansa, Tragant dansa, Institut del Teatre, en IEA Oriol Martorell, Nunart Guinard\u00f3 y en APdC entrenamientos para profesionales. Tambi\u00e9n imparti\u00f3 talleres en los centros c\u00edvicos Jardins de la Pau, Cotxeres de Compte Borrell y La Sedeta. Actualmente es docente de la escuela Area Dansa.<\/p>\n","protected":false},"excerpt":{"rendered":"<p>&nbsp; LUGAR: \u00a0\u00a0Dantzagunea. Pelotarien kalea z\/g (Niessen eraikina) 20100 Errenteria DIRIGIDO A: \u00a0\u00a0Dirigido a bailarines y artistas de artes del [&hellip;]<\/p>\n","protected":false},"author":3,"featured_media":7369,"parent":6161,"menu_order":0,"comment_status":"closed","ping_status":"closed","template":"","meta":{"_acf_changed":false,"footnotes":""},"class_list":["post-7412","page","type-page","status-publish","has-post-thumbnail","hentry"],"acf":[],"yoast_head":"<!-- This site is optimized with the Yoast SEO plugin v24.2 - https:\/\/yoast.com\/wordpress\/plugins\/seo\/ -->\n<title>Sol Vazquez | haatik<\/title>\n<meta name=\"robots\" content=\"index, follow, max-snippet:-1, max-image-preview:large, max-video-preview:-1\" \/>\n<link rel=\"canonical\" href=\"https:\/\/www.haatik.com\/es\/hik-dantza\/landu_es\/sol-vazquez\/\" \/>\n<meta property=\"og:locale\" content=\"es_ES\" \/>\n<meta property=\"og:type\" content=\"article\" \/>\n<meta property=\"og:title\" content=\"Sol Vazquez | haatik\" \/>\n<meta property=\"og:description\" content=\"&nbsp; LUGAR: \u00a0\u00a0Dantzagunea. Pelotarien kalea z\/g (Niessen eraikina) 20100 Errenteria DIRIGIDO A: \u00a0\u00a0Dirigido a bailarines y artistas de artes del [&hellip;]\" \/>\n<meta property=\"og:url\" content=\"https:\/\/www.haatik.com\/es\/hik-dantza\/landu_es\/sol-vazquez\/\" \/>\n<meta property=\"og:site_name\" content=\"haatik\" \/>\n<meta property=\"article:publisher\" content=\"https:\/\/www.facebook.com\/HaatikDantzaKonpainia\/\" \/>\n<meta property=\"article:modified_time\" content=\"2022-12-02T10:26:01+00:00\" \/>\n<meta property=\"og:image\" content=\"https:\/\/www.haatik.com\/wp-content\/uploads\/web_HIK_DANTZA_LANDU_2022_Mesa-de-trabajo-1-scaled.jpg\" \/>\n\t<meta property=\"og:image:width\" content=\"2560\" \/>\n\t<meta property=\"og:image:height\" content=\"960\" \/>\n\t<meta property=\"og:image:type\" content=\"image\/jpeg\" \/>\n<meta name=\"twitter:card\" content=\"summary_large_image\" \/>\n<meta name=\"twitter:site\" content=\"@Haatik_Dantza\" \/>\n<meta name=\"twitter:label1\" content=\"Tiempo de lectura\" \/>\n\t<meta name=\"twitter:data1\" content=\"2 minutos\" \/>\n<script type=\"application\/ld+json\" class=\"yoast-schema-graph\">{\"@context\":\"https:\/\/schema.org\",\"@graph\":[{\"@type\":\"WebPage\",\"@id\":\"https:\/\/www.haatik.com\/es\/hik-dantza\/landu_es\/sol-vazquez\/\",\"url\":\"https:\/\/www.haatik.com\/es\/hik-dantza\/landu_es\/sol-vazquez\/\",\"name\":\"Sol Vazquez | haatik\",\"isPartOf\":{\"@id\":\"https:\/\/www.haatik.com\/eu\/#website\"},\"primaryImageOfPage\":{\"@id\":\"https:\/\/www.haatik.com\/es\/hik-dantza\/landu_es\/sol-vazquez\/#primaryimage\"},\"image\":{\"@id\":\"https:\/\/www.haatik.com\/es\/hik-dantza\/landu_es\/sol-vazquez\/#primaryimage\"},\"thumbnailUrl\":\"https:\/\/www.haatik.com\/wp-content\/uploads\/web_HIK_DANTZA_LANDU_2022_Mesa-de-trabajo-1-scaled.jpg\",\"datePublished\":\"2022-03-29T07:46:16+00:00\",\"dateModified\":\"2022-12-02T10:26:01+00:00\",\"breadcrumb\":{\"@id\":\"https:\/\/www.haatik.com\/es\/hik-dantza\/landu_es\/sol-vazquez\/#breadcrumb\"},\"inLanguage\":\"es\",\"potentialAction\":[{\"@type\":\"ReadAction\",\"target\":[\"https:\/\/www.haatik.com\/es\/hik-dantza\/landu_es\/sol-vazquez\/\"]}]},{\"@type\":\"ImageObject\",\"inLanguage\":\"es\",\"@id\":\"https:\/\/www.haatik.com\/es\/hik-dantza\/landu_es\/sol-vazquez\/#primaryimage\",\"url\":\"https:\/\/www.haatik.com\/wp-content\/uploads\/web_HIK_DANTZA_LANDU_2022_Mesa-de-trabajo-1-scaled.jpg\",\"contentUrl\":\"https:\/\/www.haatik.com\/wp-content\/uploads\/web_HIK_DANTZA_LANDU_2022_Mesa-de-trabajo-1-scaled.jpg\",\"width\":2560,\"height\":960},{\"@type\":\"BreadcrumbList\",\"@id\":\"https:\/\/www.haatik.com\/es\/hik-dantza\/landu_es\/sol-vazquez\/#breadcrumb\",\"itemListElement\":[{\"@type\":\"ListItem\",\"position\":1,\"name\":\"Home\",\"item\":\"https:\/\/www.haatik.com\/es\/\"},{\"@type\":\"ListItem\",\"position\":2,\"name\":\"HiK Dantza\",\"item\":\"https:\/\/www.haatik.com\/es\/hik-dantza\/\"},{\"@type\":\"ListItem\",\"position\":3,\"name\":\"Landu\",\"item\":\"https:\/\/www.haatik.com\/es\/hik-dantza\/landu_es\/\"},{\"@type\":\"ListItem\",\"position\":4,\"name\":\"Sol Vazquez\"}]},{\"@type\":\"WebSite\",\"@id\":\"https:\/\/www.haatik.com\/eu\/#website\",\"url\":\"https:\/\/www.haatik.com\/eu\/\",\"name\":\"haatik\",\"description\":\"haatik dantza konpainia\",\"publisher\":{\"@id\":\"https:\/\/www.haatik.com\/eu\/#organization\"},\"potentialAction\":[{\"@type\":\"SearchAction\",\"target\":{\"@type\":\"EntryPoint\",\"urlTemplate\":\"https:\/\/www.haatik.com\/eu\/?s={search_term_string}\"},\"query-input\":{\"@type\":\"PropertyValueSpecification\",\"valueRequired\":true,\"valueName\":\"search_term_string\"}}],\"inLanguage\":\"es\"},{\"@type\":\"Organization\",\"@id\":\"https:\/\/www.haatik.com\/eu\/#organization\",\"name\":\"haatik\",\"url\":\"https:\/\/www.haatik.com\/eu\/\",\"logo\":{\"@type\":\"ImageObject\",\"inLanguage\":\"es\",\"@id\":\"https:\/\/www.haatik.com\/eu\/#\/schema\/logo\/image\/\",\"url\":\"https:\/\/www.haatik.com\/wp-content\/uploads\/logo_haatik_2016-01.png\",\"contentUrl\":\"https:\/\/www.haatik.com\/wp-content\/uploads\/logo_haatik_2016-01.png\",\"width\":1036,\"height\":493,\"caption\":\"haatik\"},\"image\":{\"@id\":\"https:\/\/www.haatik.com\/eu\/#\/schema\/logo\/image\/\"},\"sameAs\":[\"https:\/\/www.facebook.com\/HaatikDantzaKonpainia\/\",\"https:\/\/x.com\/Haatik_Dantza\",\"https:\/\/instagram.com\/haatikdantzakonpainia\"]}]}<\/script>\n<!-- \/ Yoast SEO plugin. -->","yoast_head_json":{"title":"Sol Vazquez | haatik","robots":{"index":"index","follow":"follow","max-snippet":"max-snippet:-1","max-image-preview":"max-image-preview:large","max-video-preview":"max-video-preview:-1"},"canonical":"https:\/\/www.haatik.com\/es\/hik-dantza\/landu_es\/sol-vazquez\/","og_locale":"es_ES","og_type":"article","og_title":"Sol Vazquez | haatik","og_description":"&nbsp; LUGAR: \u00a0\u00a0Dantzagunea. Pelotarien kalea z\/g (Niessen eraikina) 20100 Errenteria DIRIGIDO A: \u00a0\u00a0Dirigido a bailarines y artistas de artes del [&hellip;]","og_url":"https:\/\/www.haatik.com\/es\/hik-dantza\/landu_es\/sol-vazquez\/","og_site_name":"haatik","article_publisher":"https:\/\/www.facebook.com\/HaatikDantzaKonpainia\/","article_modified_time":"2022-12-02T10:26:01+00:00","og_image":[{"width":2560,"height":960,"url":"https:\/\/www.haatik.com\/wp-content\/uploads\/web_HIK_DANTZA_LANDU_2022_Mesa-de-trabajo-1-scaled.jpg","type":"image\/jpeg"}],"twitter_card":"summary_large_image","twitter_site":"@Haatik_Dantza","twitter_misc":{"Tiempo de lectura":"2 minutos"},"schema":{"@context":"https:\/\/schema.org","@graph":[{"@type":"WebPage","@id":"https:\/\/www.haatik.com\/es\/hik-dantza\/landu_es\/sol-vazquez\/","url":"https:\/\/www.haatik.com\/es\/hik-dantza\/landu_es\/sol-vazquez\/","name":"Sol Vazquez | haatik","isPartOf":{"@id":"https:\/\/www.haatik.com\/eu\/#website"},"primaryImageOfPage":{"@id":"https:\/\/www.haatik.com\/es\/hik-dantza\/landu_es\/sol-vazquez\/#primaryimage"},"image":{"@id":"https:\/\/www.haatik.com\/es\/hik-dantza\/landu_es\/sol-vazquez\/#primaryimage"},"thumbnailUrl":"https:\/\/www.haatik.com\/wp-content\/uploads\/web_HIK_DANTZA_LANDU_2022_Mesa-de-trabajo-1-scaled.jpg","datePublished":"2022-03-29T07:46:16+00:00","dateModified":"2022-12-02T10:26:01+00:00","breadcrumb":{"@id":"https:\/\/www.haatik.com\/es\/hik-dantza\/landu_es\/sol-vazquez\/#breadcrumb"},"inLanguage":"es","potentialAction":[{"@type":"ReadAction","target":["https:\/\/www.haatik.com\/es\/hik-dantza\/landu_es\/sol-vazquez\/"]}]},{"@type":"ImageObject","inLanguage":"es","@id":"https:\/\/www.haatik.com\/es\/hik-dantza\/landu_es\/sol-vazquez\/#primaryimage","url":"https:\/\/www.haatik.com\/wp-content\/uploads\/web_HIK_DANTZA_LANDU_2022_Mesa-de-trabajo-1-scaled.jpg","contentUrl":"https:\/\/www.haatik.com\/wp-content\/uploads\/web_HIK_DANTZA_LANDU_2022_Mesa-de-trabajo-1-scaled.jpg","width":2560,"height":960},{"@type":"BreadcrumbList","@id":"https:\/\/www.haatik.com\/es\/hik-dantza\/landu_es\/sol-vazquez\/#breadcrumb","itemListElement":[{"@type":"ListItem","position":1,"name":"Home","item":"https:\/\/www.haatik.com\/es\/"},{"@type":"ListItem","position":2,"name":"HiK Dantza","item":"https:\/\/www.haatik.com\/es\/hik-dantza\/"},{"@type":"ListItem","position":3,"name":"Landu","item":"https:\/\/www.haatik.com\/es\/hik-dantza\/landu_es\/"},{"@type":"ListItem","position":4,"name":"Sol Vazquez"}]},{"@type":"WebSite","@id":"https:\/\/www.haatik.com\/eu\/#website","url":"https:\/\/www.haatik.com\/eu\/","name":"haatik","description":"haatik dantza konpainia","publisher":{"@id":"https:\/\/www.haatik.com\/eu\/#organization"},"potentialAction":[{"@type":"SearchAction","target":{"@type":"EntryPoint","urlTemplate":"https:\/\/www.haatik.com\/eu\/?s={search_term_string}"},"query-input":{"@type":"PropertyValueSpecification","valueRequired":true,"valueName":"search_term_string"}}],"inLanguage":"es"},{"@type":"Organization","@id":"https:\/\/www.haatik.com\/eu\/#organization","name":"haatik","url":"https:\/\/www.haatik.com\/eu\/","logo":{"@type":"ImageObject","inLanguage":"es","@id":"https:\/\/www.haatik.com\/eu\/#\/schema\/logo\/image\/","url":"https:\/\/www.haatik.com\/wp-content\/uploads\/logo_haatik_2016-01.png","contentUrl":"https:\/\/www.haatik.com\/wp-content\/uploads\/logo_haatik_2016-01.png","width":1036,"height":493,"caption":"haatik"},"image":{"@id":"https:\/\/www.haatik.com\/eu\/#\/schema\/logo\/image\/"},"sameAs":["https:\/\/www.facebook.com\/HaatikDantzaKonpainia\/","https:\/\/x.com\/Haatik_Dantza","https:\/\/instagram.com\/haatikdantzakonpainia"]}]}},"_links":{"self":[{"href":"https:\/\/www.haatik.com\/es\/wp-json\/wp\/v2\/pages\/7412","targetHints":{"allow":["GET"]}}],"collection":[{"href":"https:\/\/www.haatik.com\/es\/wp-json\/wp\/v2\/pages"}],"about":[{"href":"https:\/\/www.haatik.com\/es\/wp-json\/wp\/v2\/types\/page"}],"author":[{"embeddable":true,"href":"https:\/\/www.haatik.com\/es\/wp-json\/wp\/v2\/users\/3"}],"replies":[{"embeddable":true,"href":"https:\/\/www.haatik.com\/es\/wp-json\/wp\/v2\/comments?post=7412"}],"version-history":[{"count":3,"href":"https:\/\/www.haatik.com\/es\/wp-json\/wp\/v2\/pages\/7412\/revisions"}],"predecessor-version":[{"id":7974,"href":"https:\/\/www.haatik.com\/es\/wp-json\/wp\/v2\/pages\/7412\/revisions\/7974"}],"up":[{"embeddable":true,"href":"https:\/\/www.haatik.com\/es\/wp-json\/wp\/v2\/pages\/6161"}],"wp:featuredmedia":[{"embeddable":true,"href":"https:\/\/www.haatik.com\/es\/wp-json\/wp\/v2\/media\/7369"}],"wp:attachment":[{"href":"https:\/\/www.haatik.com\/es\/wp-json\/wp\/v2\/media?parent=7412"}],"curies":[{"name":"wp","href":"https:\/\/api.w.org\/{rel}","templated":true}]}}