{"id":6565,"date":"2021-04-12T08:59:18","date_gmt":"2021-04-12T08:59:18","guid":{"rendered":"http:\/\/www.haatik.com\/hik-dantza\/landu_es\/vicky-miranda\/"},"modified":"2022-03-25T16:15:01","modified_gmt":"2022-03-25T16:15:01","slug":"vicky-miranda","status":"publish","type":"page","link":"https:\/\/www.haatik.com\/es\/hik-dantza\/landu_es\/vicky-miranda\/","title":{"rendered":"Vicky Miranda"},"content":{"rendered":"<div>\n<h3><b>\u201cPhysical Endless\u201d<\/b><\/h3>\n<p><b>Descripci\u00f3n de las clases<\/b><\/p>\n<p>La clase tiene tres principios importantes:<\/p>\n<p><b>El trabajo al suelo: <\/b>El suelo como un amigo del cuerpo. Se exploran diferentes formas de llegar y salir del mismo.<\/p>\n<p><b>Body center:<\/b> se investigan diferentes din\u00e1micas, calidades y cualidades del movimiento. Se busca un lenguaje m\u00e1s personal. Siempre trabajando desde el centro.\u00a0Se buscan formas de movernos m\u00e1s naturales para el cuerpo.<\/p>\n<p><b>Energ\u00eda<\/b>: La idea es que se vaya acumulando la energ\u00eda, creando una din\u00e1mica continua, que se convertir\u00e1 en una de las herramientas b\u00e1sicas del trabajo. La\u00a0repetici\u00f3n y la continuidad de la clase aportar\u00e1 un estado activo, tanto f\u00edsico como ps\u00edquico. Esto ayudar\u00e1 a trabajar de una forma m\u00e1s instintiva\u00a0con nuestro cuerpo. Sacar el animal que llevamos dentro.<\/p>\n<p>La clase consta de una parte m\u00e1s f\u00edsica y otra m\u00e1s libre en la que existir\u00e1 la improvisaci\u00f3n y frases escritas.<\/p>\n<p>Se trabajar\u00e1 con la gestual y en c\u00f3mo se puede darle un significado al movimiento.<span class=\"Apple-converted-space\">\u00a0<\/span><\/p>\n<p>Dejarnos volar con la imaginaci\u00f3n&#8230;<\/p>\n<\/div>\n<hr \/>\n<div class=\"page\" title=\"Page 9\">\n<div class=\"section\">\n<div class=\"layoutArea\">\n<div class=\"column\">\n<div class=\"page\" title=\"Page 10\">\n<div class=\"section\">\n<div class=\"layoutArea\">\n<div class=\"column\">\n<p><strong>Vicky Miranda:\u00a0<\/strong>Vicky es m\u00e1ster en Artes Esc\u00e9nicas y Licenciada en Pedagog\u00eda de Danza Contempor\u00e1nea por el Conservatorio Superior de Danza Mar\u00eda de \u00c1vila de Madrid y por el Centro de Danza Contempor\u00e1neo CNDC L \u00c9squisse, Angers-Francia. Estudia T\u00e9cnica Cunningham con Merce Cunningham en NewYork. Es directora de la compa\u00f1\u00eda The Colectivo y baila y coreograf\u00eda sus propios trabajos para DAR en San Petersburgo, Praga School Dance, Festival Trayectos Zaragoza, Conservatorio Profesional de Alicante, Escuela 180, Compa\u00f1\u00eda Nacional de Costa Rica, Conservatorio SODRE de Montevideo, Compa\u00f1\u00eda Dantzaz, CSDMA, conservatorio Profesional de Burgos, Universidad de Xalapa en M\u00e9xico, Carmen Werner, entre muchos otros. Es asistente de Direccion en Provisonal Danza, Cooperativa Maura Morales, Sant Gallen Theater para la compa\u00f1\u00eda de Rootlessroot, Antonio Ruz, Erick Trotier Dance Collective. Le concedieron el premio Solodos en Danza en el Certamen coreogr\u00e1fico Burgos-New York en Burgos 2014 y el premio a la mejor interprete en el Festival La Espiral de Santander en 2018 con su pieza ROJO. Tambi\u00e9n es profesora invitada en The Place School, Marameo School, Henny Jurriens Foundation, Staatstheater Kassel, TanzhausD\u00fcsseldorf, Cocoon Dance Company\u2026 Y para otras entidades en Maracaibo, Mazatl\u00e1n e Xalapa, Bogot\u00e1, Pereira, Cartagena de Indias, Brasilia, Sao Paulo\u2026<\/p>\n<\/div>\n<\/div>\n<\/div>\n<\/div>\n<\/div>\n<\/div>\n<\/div>\n<\/div>\n","protected":false},"excerpt":{"rendered":"<p>\u201cPhysical Endless\u201d Descripci\u00f3n de las clases La clase tiene tres principios importantes: El trabajo al suelo: El suelo como un [&hellip;]<\/p>\n","protected":false},"author":3,"featured_media":6542,"parent":6161,"menu_order":0,"comment_status":"closed","ping_status":"closed","template":"","meta":{"_acf_changed":false,"footnotes":""},"class_list":["post-6565","page","type-page","status-publish","has-post-thumbnail","hentry"],"acf":[],"yoast_head":"<!-- This site is optimized with the Yoast SEO plugin v24.2 - https:\/\/yoast.com\/wordpress\/plugins\/seo\/ -->\n<title>Vicky Miranda | haatik<\/title>\n<meta name=\"robots\" content=\"index, follow, max-snippet:-1, max-image-preview:large, max-video-preview:-1\" \/>\n<link rel=\"canonical\" href=\"https:\/\/www.haatik.com\/es\/hik-dantza\/landu_es\/vicky-miranda\/\" \/>\n<meta property=\"og:locale\" content=\"es_ES\" \/>\n<meta property=\"og:type\" content=\"article\" \/>\n<meta property=\"og:title\" content=\"Vicky Miranda | haatik\" \/>\n<meta property=\"og:description\" content=\"\u201cPhysical Endless\u201d Descripci\u00f3n de las clases La clase tiene tres principios importantes: El trabajo al suelo: El suelo como un [&hellip;]\" \/>\n<meta property=\"og:url\" content=\"https:\/\/www.haatik.com\/es\/hik-dantza\/landu_es\/vicky-miranda\/\" \/>\n<meta property=\"og:site_name\" content=\"haatik\" \/>\n<meta property=\"article:publisher\" content=\"https:\/\/www.facebook.com\/HaatikDantzaKonpainia\/\" \/>\n<meta property=\"article:modified_time\" content=\"2022-03-25T16:15:01+00:00\" \/>\n<meta property=\"og:image\" content=\"https:\/\/www.haatik.com\/wp-content\/uploads\/VICKY_HIK_DANTZA_LANDU_2021-scaled.jpg\" \/>\n\t<meta property=\"og:image:width\" content=\"2560\" \/>\n\t<meta property=\"og:image:height\" content=\"959\" \/>\n\t<meta property=\"og:image:type\" content=\"image\/jpeg\" \/>\n<meta name=\"twitter:card\" content=\"summary_large_image\" \/>\n<meta name=\"twitter:site\" content=\"@Haatik_Dantza\" \/>\n<meta name=\"twitter:label1\" content=\"Tiempo de lectura\" \/>\n\t<meta name=\"twitter:data1\" content=\"2 minutos\" \/>\n<script type=\"application\/ld+json\" class=\"yoast-schema-graph\">{\"@context\":\"https:\/\/schema.org\",\"@graph\":[{\"@type\":\"WebPage\",\"@id\":\"https:\/\/www.haatik.com\/es\/hik-dantza\/landu_es\/vicky-miranda\/\",\"url\":\"https:\/\/www.haatik.com\/es\/hik-dantza\/landu_es\/vicky-miranda\/\",\"name\":\"Vicky Miranda | haatik\",\"isPartOf\":{\"@id\":\"https:\/\/www.haatik.com\/eu\/#website\"},\"primaryImageOfPage\":{\"@id\":\"https:\/\/www.haatik.com\/es\/hik-dantza\/landu_es\/vicky-miranda\/#primaryimage\"},\"image\":{\"@id\":\"https:\/\/www.haatik.com\/es\/hik-dantza\/landu_es\/vicky-miranda\/#primaryimage\"},\"thumbnailUrl\":\"https:\/\/www.haatik.com\/wp-content\/uploads\/VICKY_HIK_DANTZA_LANDU_2021-scaled.jpg\",\"datePublished\":\"2021-04-12T08:59:18+00:00\",\"dateModified\":\"2022-03-25T16:15:01+00:00\",\"breadcrumb\":{\"@id\":\"https:\/\/www.haatik.com\/es\/hik-dantza\/landu_es\/vicky-miranda\/#breadcrumb\"},\"inLanguage\":\"es\",\"potentialAction\":[{\"@type\":\"ReadAction\",\"target\":[\"https:\/\/www.haatik.com\/es\/hik-dantza\/landu_es\/vicky-miranda\/\"]}]},{\"@type\":\"ImageObject\",\"inLanguage\":\"es\",\"@id\":\"https:\/\/www.haatik.com\/es\/hik-dantza\/landu_es\/vicky-miranda\/#primaryimage\",\"url\":\"https:\/\/www.haatik.com\/wp-content\/uploads\/VICKY_HIK_DANTZA_LANDU_2021-scaled.jpg\",\"contentUrl\":\"https:\/\/www.haatik.com\/wp-content\/uploads\/VICKY_HIK_DANTZA_LANDU_2021-scaled.jpg\",\"width\":2560,\"height\":959},{\"@type\":\"BreadcrumbList\",\"@id\":\"https:\/\/www.haatik.com\/es\/hik-dantza\/landu_es\/vicky-miranda\/#breadcrumb\",\"itemListElement\":[{\"@type\":\"ListItem\",\"position\":1,\"name\":\"Home\",\"item\":\"https:\/\/www.haatik.com\/es\/\"},{\"@type\":\"ListItem\",\"position\":2,\"name\":\"HiK Dantza\",\"item\":\"https:\/\/www.haatik.com\/es\/hik-dantza\/\"},{\"@type\":\"ListItem\",\"position\":3,\"name\":\"Landu\",\"item\":\"https:\/\/www.haatik.com\/es\/hik-dantza\/landu_es\/\"},{\"@type\":\"ListItem\",\"position\":4,\"name\":\"Vicky Miranda\"}]},{\"@type\":\"WebSite\",\"@id\":\"https:\/\/www.haatik.com\/eu\/#website\",\"url\":\"https:\/\/www.haatik.com\/eu\/\",\"name\":\"haatik\",\"description\":\"haatik dantza konpainia\",\"publisher\":{\"@id\":\"https:\/\/www.haatik.com\/eu\/#organization\"},\"potentialAction\":[{\"@type\":\"SearchAction\",\"target\":{\"@type\":\"EntryPoint\",\"urlTemplate\":\"https:\/\/www.haatik.com\/eu\/?s={search_term_string}\"},\"query-input\":{\"@type\":\"PropertyValueSpecification\",\"valueRequired\":true,\"valueName\":\"search_term_string\"}}],\"inLanguage\":\"es\"},{\"@type\":\"Organization\",\"@id\":\"https:\/\/www.haatik.com\/eu\/#organization\",\"name\":\"haatik\",\"url\":\"https:\/\/www.haatik.com\/eu\/\",\"logo\":{\"@type\":\"ImageObject\",\"inLanguage\":\"es\",\"@id\":\"https:\/\/www.haatik.com\/eu\/#\/schema\/logo\/image\/\",\"url\":\"https:\/\/www.haatik.com\/wp-content\/uploads\/logo_haatik_2016-01.png\",\"contentUrl\":\"https:\/\/www.haatik.com\/wp-content\/uploads\/logo_haatik_2016-01.png\",\"width\":1036,\"height\":493,\"caption\":\"haatik\"},\"image\":{\"@id\":\"https:\/\/www.haatik.com\/eu\/#\/schema\/logo\/image\/\"},\"sameAs\":[\"https:\/\/www.facebook.com\/HaatikDantzaKonpainia\/\",\"https:\/\/x.com\/Haatik_Dantza\",\"https:\/\/instagram.com\/haatikdantzakonpainia\"]}]}<\/script>\n<!-- \/ Yoast SEO plugin. -->","yoast_head_json":{"title":"Vicky Miranda | haatik","robots":{"index":"index","follow":"follow","max-snippet":"max-snippet:-1","max-image-preview":"max-image-preview:large","max-video-preview":"max-video-preview:-1"},"canonical":"https:\/\/www.haatik.com\/es\/hik-dantza\/landu_es\/vicky-miranda\/","og_locale":"es_ES","og_type":"article","og_title":"Vicky Miranda | haatik","og_description":"\u201cPhysical Endless\u201d Descripci\u00f3n de las clases La clase tiene tres principios importantes: El trabajo al suelo: El suelo como un [&hellip;]","og_url":"https:\/\/www.haatik.com\/es\/hik-dantza\/landu_es\/vicky-miranda\/","og_site_name":"haatik","article_publisher":"https:\/\/www.facebook.com\/HaatikDantzaKonpainia\/","article_modified_time":"2022-03-25T16:15:01+00:00","og_image":[{"width":2560,"height":959,"url":"https:\/\/www.haatik.com\/wp-content\/uploads\/VICKY_HIK_DANTZA_LANDU_2021-scaled.jpg","type":"image\/jpeg"}],"twitter_card":"summary_large_image","twitter_site":"@Haatik_Dantza","twitter_misc":{"Tiempo de lectura":"2 minutos"},"schema":{"@context":"https:\/\/schema.org","@graph":[{"@type":"WebPage","@id":"https:\/\/www.haatik.com\/es\/hik-dantza\/landu_es\/vicky-miranda\/","url":"https:\/\/www.haatik.com\/es\/hik-dantza\/landu_es\/vicky-miranda\/","name":"Vicky Miranda | haatik","isPartOf":{"@id":"https:\/\/www.haatik.com\/eu\/#website"},"primaryImageOfPage":{"@id":"https:\/\/www.haatik.com\/es\/hik-dantza\/landu_es\/vicky-miranda\/#primaryimage"},"image":{"@id":"https:\/\/www.haatik.com\/es\/hik-dantza\/landu_es\/vicky-miranda\/#primaryimage"},"thumbnailUrl":"https:\/\/www.haatik.com\/wp-content\/uploads\/VICKY_HIK_DANTZA_LANDU_2021-scaled.jpg","datePublished":"2021-04-12T08:59:18+00:00","dateModified":"2022-03-25T16:15:01+00:00","breadcrumb":{"@id":"https:\/\/www.haatik.com\/es\/hik-dantza\/landu_es\/vicky-miranda\/#breadcrumb"},"inLanguage":"es","potentialAction":[{"@type":"ReadAction","target":["https:\/\/www.haatik.com\/es\/hik-dantza\/landu_es\/vicky-miranda\/"]}]},{"@type":"ImageObject","inLanguage":"es","@id":"https:\/\/www.haatik.com\/es\/hik-dantza\/landu_es\/vicky-miranda\/#primaryimage","url":"https:\/\/www.haatik.com\/wp-content\/uploads\/VICKY_HIK_DANTZA_LANDU_2021-scaled.jpg","contentUrl":"https:\/\/www.haatik.com\/wp-content\/uploads\/VICKY_HIK_DANTZA_LANDU_2021-scaled.jpg","width":2560,"height":959},{"@type":"BreadcrumbList","@id":"https:\/\/www.haatik.com\/es\/hik-dantza\/landu_es\/vicky-miranda\/#breadcrumb","itemListElement":[{"@type":"ListItem","position":1,"name":"Home","item":"https:\/\/www.haatik.com\/es\/"},{"@type":"ListItem","position":2,"name":"HiK Dantza","item":"https:\/\/www.haatik.com\/es\/hik-dantza\/"},{"@type":"ListItem","position":3,"name":"Landu","item":"https:\/\/www.haatik.com\/es\/hik-dantza\/landu_es\/"},{"@type":"ListItem","position":4,"name":"Vicky Miranda"}]},{"@type":"WebSite","@id":"https:\/\/www.haatik.com\/eu\/#website","url":"https:\/\/www.haatik.com\/eu\/","name":"haatik","description":"haatik dantza konpainia","publisher":{"@id":"https:\/\/www.haatik.com\/eu\/#organization"},"potentialAction":[{"@type":"SearchAction","target":{"@type":"EntryPoint","urlTemplate":"https:\/\/www.haatik.com\/eu\/?s={search_term_string}"},"query-input":{"@type":"PropertyValueSpecification","valueRequired":true,"valueName":"search_term_string"}}],"inLanguage":"es"},{"@type":"Organization","@id":"https:\/\/www.haatik.com\/eu\/#organization","name":"haatik","url":"https:\/\/www.haatik.com\/eu\/","logo":{"@type":"ImageObject","inLanguage":"es","@id":"https:\/\/www.haatik.com\/eu\/#\/schema\/logo\/image\/","url":"https:\/\/www.haatik.com\/wp-content\/uploads\/logo_haatik_2016-01.png","contentUrl":"https:\/\/www.haatik.com\/wp-content\/uploads\/logo_haatik_2016-01.png","width":1036,"height":493,"caption":"haatik"},"image":{"@id":"https:\/\/www.haatik.com\/eu\/#\/schema\/logo\/image\/"},"sameAs":["https:\/\/www.facebook.com\/HaatikDantzaKonpainia\/","https:\/\/x.com\/Haatik_Dantza","https:\/\/instagram.com\/haatikdantzakonpainia"]}]}},"_links":{"self":[{"href":"https:\/\/www.haatik.com\/es\/wp-json\/wp\/v2\/pages\/6565","targetHints":{"allow":["GET"]}}],"collection":[{"href":"https:\/\/www.haatik.com\/es\/wp-json\/wp\/v2\/pages"}],"about":[{"href":"https:\/\/www.haatik.com\/es\/wp-json\/wp\/v2\/types\/page"}],"author":[{"embeddable":true,"href":"https:\/\/www.haatik.com\/es\/wp-json\/wp\/v2\/users\/3"}],"replies":[{"embeddable":true,"href":"https:\/\/www.haatik.com\/es\/wp-json\/wp\/v2\/comments?post=6565"}],"version-history":[{"count":3,"href":"https:\/\/www.haatik.com\/es\/wp-json\/wp\/v2\/pages\/6565\/revisions"}],"predecessor-version":[{"id":7348,"href":"https:\/\/www.haatik.com\/es\/wp-json\/wp\/v2\/pages\/6565\/revisions\/7348"}],"up":[{"embeddable":true,"href":"https:\/\/www.haatik.com\/es\/wp-json\/wp\/v2\/pages\/6161"}],"wp:featuredmedia":[{"embeddable":true,"href":"https:\/\/www.haatik.com\/es\/wp-json\/wp\/v2\/media\/6542"}],"wp:attachment":[{"href":"https:\/\/www.haatik.com\/es\/wp-json\/wp\/v2\/media?parent=6565"}],"curies":[{"name":"wp","href":"https:\/\/api.w.org\/{rel}","templated":true}]}}