{"id":6560,"date":"2021-04-12T08:51:09","date_gmt":"2021-04-12T08:51:09","guid":{"rendered":"http:\/\/www.haatik.com\/hik-dantza\/landu_es\/nadine-gerspacher\/"},"modified":"2022-03-25T16:13:40","modified_gmt":"2022-03-25T16:13:40","slug":"nadine-gerspacher","status":"publish","type":"page","link":"https:\/\/www.haatik.com\/es\/hik-dantza\/landu_es\/nadine-gerspacher\/","title":{"rendered":"Nadine Gerspacher"},"content":{"rendered":"<div>\n<h3><b>\u201cCatching limits\u201d<\/b><\/h3>\n<p><b>Descripci\u00f3n de las clases<\/b><\/p>\n<p>Las clases, exploran la danza contempor\u00e1nea, incorporando tareas y situaciones de movimiento que conectan a las personas de manera l\u00fadica y se enfocan en la din\u00e1mica del lenguaje corporal.<\/p>\n<p>Empieza con un calentamiento basado en una serie de ejercicios para tomar conciencia de la respiraci\u00f3n, el cuerpo y sus apoyos.<\/p>\n<p>Se despiertan la fuerza f\u00edsica, la mirada perif\u00e9rica y la energ\u00eda para poder moverse libre por el espacio. Se trabajan diferentes t\u00e9cnicas de suelo, la conciencia del espacio, el propio centro y los apoyos para poder moverse seguro, silencioso y libre. Se alternan juegos, ejercicios t\u00e9cnicos y variaciones. La segunda parte de la clase se centra en el trabajo de duo, improvisaciones guiadas y tareas teatrales.<\/p>\n<\/div>\n<hr \/>\n<div class=\"page\" title=\"Page 9\">\n<div class=\"section\">\n<div class=\"layoutArea\">\n<div class=\"column\">\n<div class=\"page\" title=\"Page 10\">\n<div class=\"section\">\n<div class=\"layoutArea\">\n<div class=\"column\">\n<p><strong>Nadine Gerspacher:\u00a0<\/strong>Nadine es bailarina, core\u00f3grafa y profesora independiente. Ha trabajado para varios core\u00f3grafos como Dave St.Pierre, Francisco Cordova \/ Physical Momentum Project, Nicolas Ricchini Company, Stephan Herwig, Katja Wachter \/ Selfish shellfish, entre otros. Nadine imparte talleres y crea piezas de danza y teatro para compa\u00f1\u00edas y universidades de danza en todo el mundo. En 2018 crea junto a Nicolas Ricchini \u00a0y en colaboraci\u00f3n\u00a0con Anna S\u00e1nchez el programa de creaci\u00f3n y performance \u201cFRE3 BODIES\u201d. Desde 2011 desarrolla su propio proyecto creativo \u201cCia Nadine Gerspacher\u201d. En 2015 trabaj\u00f3 como core\u00f3grafa para el proyecto \u201cHeart\u201d del Cirque du Soleil. 2016 colabora con Nicolas Ricchini Company en la pieza \u201cA sweet hello \/ Ever after\u201d y trabaja en su creaci\u00f3n en solitario \u201cNua\u201d con su propia compa\u00f1\u00eda bajo la direcci\u00f3n art\u00edstica de Anna Castells y Lali Ayguade. Nadine recibe el \u201dPremio Isadora\u201d de la fundaci\u00f3n Iwanson-Sixt Munich en 2017 por su larga carrera. Despu\u00e9s de la pieza \u201cThe age of aquarium\u201d y \u201cLet It Rain\u201d estrenar\u00e1 en Alemania a finales de 2021 su \u00faltima pieza \u201cNon-Upgraded Existence\u201d . En 2022 Nadine empezar\u00e1 un d\u00fao nuevo \u00abRE.\u00bb, con Arias Fernandez.<\/p>\n<\/div>\n<\/div>\n<\/div>\n<\/div>\n<\/div>\n<\/div>\n<\/div>\n<\/div>\n","protected":false},"excerpt":{"rendered":"<p>\u201cCatching limits\u201d Descripci\u00f3n de las clases Las clases, exploran la danza contempor\u00e1nea, incorporando tareas y situaciones de movimiento que conectan [&hellip;]<\/p>\n","protected":false},"author":3,"featured_media":6539,"parent":6161,"menu_order":0,"comment_status":"closed","ping_status":"closed","template":"","meta":{"_acf_changed":false,"footnotes":""},"class_list":["post-6560","page","type-page","status-publish","has-post-thumbnail","hentry"],"acf":[],"yoast_head":"<!-- This site is optimized with the Yoast SEO plugin v24.2 - https:\/\/yoast.com\/wordpress\/plugins\/seo\/ -->\n<title>Nadine Gerspacher | haatik<\/title>\n<meta name=\"robots\" content=\"index, follow, max-snippet:-1, max-image-preview:large, max-video-preview:-1\" \/>\n<link rel=\"canonical\" href=\"https:\/\/www.haatik.com\/es\/hik-dantza\/landu_es\/nadine-gerspacher\/\" \/>\n<meta property=\"og:locale\" content=\"es_ES\" \/>\n<meta property=\"og:type\" content=\"article\" \/>\n<meta property=\"og:title\" content=\"Nadine Gerspacher | haatik\" \/>\n<meta property=\"og:description\" content=\"\u201cCatching limits\u201d Descripci\u00f3n de las clases Las clases, exploran la danza contempor\u00e1nea, incorporando tareas y situaciones de movimiento que conectan [&hellip;]\" \/>\n<meta property=\"og:url\" content=\"https:\/\/www.haatik.com\/es\/hik-dantza\/landu_es\/nadine-gerspacher\/\" \/>\n<meta property=\"og:site_name\" content=\"haatik\" \/>\n<meta property=\"article:publisher\" content=\"https:\/\/www.facebook.com\/HaatikDantzaKonpainia\/\" \/>\n<meta property=\"article:modified_time\" content=\"2022-03-25T16:13:40+00:00\" \/>\n<meta property=\"og:image\" content=\"https:\/\/www.haatik.com\/wp-content\/uploads\/NADINE_web_HIK_DANTZA_LANDU_2021-scaled.jpg\" \/>\n\t<meta property=\"og:image:width\" content=\"2560\" \/>\n\t<meta property=\"og:image:height\" content=\"959\" \/>\n\t<meta property=\"og:image:type\" content=\"image\/jpeg\" \/>\n<meta name=\"twitter:card\" content=\"summary_large_image\" \/>\n<meta name=\"twitter:site\" content=\"@Haatik_Dantza\" \/>\n<meta name=\"twitter:label1\" content=\"Tiempo de lectura\" \/>\n\t<meta name=\"twitter:data1\" content=\"2 minutos\" \/>\n<script type=\"application\/ld+json\" class=\"yoast-schema-graph\">{\"@context\":\"https:\/\/schema.org\",\"@graph\":[{\"@type\":\"WebPage\",\"@id\":\"https:\/\/www.haatik.com\/es\/hik-dantza\/landu_es\/nadine-gerspacher\/\",\"url\":\"https:\/\/www.haatik.com\/es\/hik-dantza\/landu_es\/nadine-gerspacher\/\",\"name\":\"Nadine Gerspacher | haatik\",\"isPartOf\":{\"@id\":\"https:\/\/www.haatik.com\/eu\/#website\"},\"primaryImageOfPage\":{\"@id\":\"https:\/\/www.haatik.com\/es\/hik-dantza\/landu_es\/nadine-gerspacher\/#primaryimage\"},\"image\":{\"@id\":\"https:\/\/www.haatik.com\/es\/hik-dantza\/landu_es\/nadine-gerspacher\/#primaryimage\"},\"thumbnailUrl\":\"https:\/\/www.haatik.com\/wp-content\/uploads\/NADINE_web_HIK_DANTZA_LANDU_2021-scaled.jpg\",\"datePublished\":\"2021-04-12T08:51:09+00:00\",\"dateModified\":\"2022-03-25T16:13:40+00:00\",\"breadcrumb\":{\"@id\":\"https:\/\/www.haatik.com\/es\/hik-dantza\/landu_es\/nadine-gerspacher\/#breadcrumb\"},\"inLanguage\":\"es\",\"potentialAction\":[{\"@type\":\"ReadAction\",\"target\":[\"https:\/\/www.haatik.com\/es\/hik-dantza\/landu_es\/nadine-gerspacher\/\"]}]},{\"@type\":\"ImageObject\",\"inLanguage\":\"es\",\"@id\":\"https:\/\/www.haatik.com\/es\/hik-dantza\/landu_es\/nadine-gerspacher\/#primaryimage\",\"url\":\"https:\/\/www.haatik.com\/wp-content\/uploads\/NADINE_web_HIK_DANTZA_LANDU_2021-scaled.jpg\",\"contentUrl\":\"https:\/\/www.haatik.com\/wp-content\/uploads\/NADINE_web_HIK_DANTZA_LANDU_2021-scaled.jpg\",\"width\":2560,\"height\":959},{\"@type\":\"BreadcrumbList\",\"@id\":\"https:\/\/www.haatik.com\/es\/hik-dantza\/landu_es\/nadine-gerspacher\/#breadcrumb\",\"itemListElement\":[{\"@type\":\"ListItem\",\"position\":1,\"name\":\"Home\",\"item\":\"https:\/\/www.haatik.com\/es\/\"},{\"@type\":\"ListItem\",\"position\":2,\"name\":\"HiK Dantza\",\"item\":\"https:\/\/www.haatik.com\/es\/hik-dantza\/\"},{\"@type\":\"ListItem\",\"position\":3,\"name\":\"Landu\",\"item\":\"https:\/\/www.haatik.com\/es\/hik-dantza\/landu_es\/\"},{\"@type\":\"ListItem\",\"position\":4,\"name\":\"Nadine Gerspacher\"}]},{\"@type\":\"WebSite\",\"@id\":\"https:\/\/www.haatik.com\/eu\/#website\",\"url\":\"https:\/\/www.haatik.com\/eu\/\",\"name\":\"haatik\",\"description\":\"haatik dantza konpainia\",\"publisher\":{\"@id\":\"https:\/\/www.haatik.com\/eu\/#organization\"},\"potentialAction\":[{\"@type\":\"SearchAction\",\"target\":{\"@type\":\"EntryPoint\",\"urlTemplate\":\"https:\/\/www.haatik.com\/eu\/?s={search_term_string}\"},\"query-input\":{\"@type\":\"PropertyValueSpecification\",\"valueRequired\":true,\"valueName\":\"search_term_string\"}}],\"inLanguage\":\"es\"},{\"@type\":\"Organization\",\"@id\":\"https:\/\/www.haatik.com\/eu\/#organization\",\"name\":\"haatik\",\"url\":\"https:\/\/www.haatik.com\/eu\/\",\"logo\":{\"@type\":\"ImageObject\",\"inLanguage\":\"es\",\"@id\":\"https:\/\/www.haatik.com\/eu\/#\/schema\/logo\/image\/\",\"url\":\"https:\/\/www.haatik.com\/wp-content\/uploads\/logo_haatik_2016-01.png\",\"contentUrl\":\"https:\/\/www.haatik.com\/wp-content\/uploads\/logo_haatik_2016-01.png\",\"width\":1036,\"height\":493,\"caption\":\"haatik\"},\"image\":{\"@id\":\"https:\/\/www.haatik.com\/eu\/#\/schema\/logo\/image\/\"},\"sameAs\":[\"https:\/\/www.facebook.com\/HaatikDantzaKonpainia\/\",\"https:\/\/x.com\/Haatik_Dantza\",\"https:\/\/instagram.com\/haatikdantzakonpainia\"]}]}<\/script>\n<!-- \/ Yoast SEO plugin. -->","yoast_head_json":{"title":"Nadine Gerspacher | haatik","robots":{"index":"index","follow":"follow","max-snippet":"max-snippet:-1","max-image-preview":"max-image-preview:large","max-video-preview":"max-video-preview:-1"},"canonical":"https:\/\/www.haatik.com\/es\/hik-dantza\/landu_es\/nadine-gerspacher\/","og_locale":"es_ES","og_type":"article","og_title":"Nadine Gerspacher | haatik","og_description":"\u201cCatching limits\u201d Descripci\u00f3n de las clases Las clases, exploran la danza contempor\u00e1nea, incorporando tareas y situaciones de movimiento que conectan [&hellip;]","og_url":"https:\/\/www.haatik.com\/es\/hik-dantza\/landu_es\/nadine-gerspacher\/","og_site_name":"haatik","article_publisher":"https:\/\/www.facebook.com\/HaatikDantzaKonpainia\/","article_modified_time":"2022-03-25T16:13:40+00:00","og_image":[{"width":2560,"height":959,"url":"https:\/\/www.haatik.com\/wp-content\/uploads\/NADINE_web_HIK_DANTZA_LANDU_2021-scaled.jpg","type":"image\/jpeg"}],"twitter_card":"summary_large_image","twitter_site":"@Haatik_Dantza","twitter_misc":{"Tiempo de lectura":"2 minutos"},"schema":{"@context":"https:\/\/schema.org","@graph":[{"@type":"WebPage","@id":"https:\/\/www.haatik.com\/es\/hik-dantza\/landu_es\/nadine-gerspacher\/","url":"https:\/\/www.haatik.com\/es\/hik-dantza\/landu_es\/nadine-gerspacher\/","name":"Nadine Gerspacher | haatik","isPartOf":{"@id":"https:\/\/www.haatik.com\/eu\/#website"},"primaryImageOfPage":{"@id":"https:\/\/www.haatik.com\/es\/hik-dantza\/landu_es\/nadine-gerspacher\/#primaryimage"},"image":{"@id":"https:\/\/www.haatik.com\/es\/hik-dantza\/landu_es\/nadine-gerspacher\/#primaryimage"},"thumbnailUrl":"https:\/\/www.haatik.com\/wp-content\/uploads\/NADINE_web_HIK_DANTZA_LANDU_2021-scaled.jpg","datePublished":"2021-04-12T08:51:09+00:00","dateModified":"2022-03-25T16:13:40+00:00","breadcrumb":{"@id":"https:\/\/www.haatik.com\/es\/hik-dantza\/landu_es\/nadine-gerspacher\/#breadcrumb"},"inLanguage":"es","potentialAction":[{"@type":"ReadAction","target":["https:\/\/www.haatik.com\/es\/hik-dantza\/landu_es\/nadine-gerspacher\/"]}]},{"@type":"ImageObject","inLanguage":"es","@id":"https:\/\/www.haatik.com\/es\/hik-dantza\/landu_es\/nadine-gerspacher\/#primaryimage","url":"https:\/\/www.haatik.com\/wp-content\/uploads\/NADINE_web_HIK_DANTZA_LANDU_2021-scaled.jpg","contentUrl":"https:\/\/www.haatik.com\/wp-content\/uploads\/NADINE_web_HIK_DANTZA_LANDU_2021-scaled.jpg","width":2560,"height":959},{"@type":"BreadcrumbList","@id":"https:\/\/www.haatik.com\/es\/hik-dantza\/landu_es\/nadine-gerspacher\/#breadcrumb","itemListElement":[{"@type":"ListItem","position":1,"name":"Home","item":"https:\/\/www.haatik.com\/es\/"},{"@type":"ListItem","position":2,"name":"HiK Dantza","item":"https:\/\/www.haatik.com\/es\/hik-dantza\/"},{"@type":"ListItem","position":3,"name":"Landu","item":"https:\/\/www.haatik.com\/es\/hik-dantza\/landu_es\/"},{"@type":"ListItem","position":4,"name":"Nadine Gerspacher"}]},{"@type":"WebSite","@id":"https:\/\/www.haatik.com\/eu\/#website","url":"https:\/\/www.haatik.com\/eu\/","name":"haatik","description":"haatik dantza konpainia","publisher":{"@id":"https:\/\/www.haatik.com\/eu\/#organization"},"potentialAction":[{"@type":"SearchAction","target":{"@type":"EntryPoint","urlTemplate":"https:\/\/www.haatik.com\/eu\/?s={search_term_string}"},"query-input":{"@type":"PropertyValueSpecification","valueRequired":true,"valueName":"search_term_string"}}],"inLanguage":"es"},{"@type":"Organization","@id":"https:\/\/www.haatik.com\/eu\/#organization","name":"haatik","url":"https:\/\/www.haatik.com\/eu\/","logo":{"@type":"ImageObject","inLanguage":"es","@id":"https:\/\/www.haatik.com\/eu\/#\/schema\/logo\/image\/","url":"https:\/\/www.haatik.com\/wp-content\/uploads\/logo_haatik_2016-01.png","contentUrl":"https:\/\/www.haatik.com\/wp-content\/uploads\/logo_haatik_2016-01.png","width":1036,"height":493,"caption":"haatik"},"image":{"@id":"https:\/\/www.haatik.com\/eu\/#\/schema\/logo\/image\/"},"sameAs":["https:\/\/www.facebook.com\/HaatikDantzaKonpainia\/","https:\/\/x.com\/Haatik_Dantza","https:\/\/instagram.com\/haatikdantzakonpainia"]}]}},"_links":{"self":[{"href":"https:\/\/www.haatik.com\/es\/wp-json\/wp\/v2\/pages\/6560","targetHints":{"allow":["GET"]}}],"collection":[{"href":"https:\/\/www.haatik.com\/es\/wp-json\/wp\/v2\/pages"}],"about":[{"href":"https:\/\/www.haatik.com\/es\/wp-json\/wp\/v2\/types\/page"}],"author":[{"embeddable":true,"href":"https:\/\/www.haatik.com\/es\/wp-json\/wp\/v2\/users\/3"}],"replies":[{"embeddable":true,"href":"https:\/\/www.haatik.com\/es\/wp-json\/wp\/v2\/comments?post=6560"}],"version-history":[{"count":3,"href":"https:\/\/www.haatik.com\/es\/wp-json\/wp\/v2\/pages\/6560\/revisions"}],"predecessor-version":[{"id":7347,"href":"https:\/\/www.haatik.com\/es\/wp-json\/wp\/v2\/pages\/6560\/revisions\/7347"}],"up":[{"embeddable":true,"href":"https:\/\/www.haatik.com\/es\/wp-json\/wp\/v2\/pages\/6161"}],"wp:featuredmedia":[{"embeddable":true,"href":"https:\/\/www.haatik.com\/es\/wp-json\/wp\/v2\/media\/6539"}],"wp:attachment":[{"href":"https:\/\/www.haatik.com\/es\/wp-json\/wp\/v2\/media?parent=6560"}],"curies":[{"name":"wp","href":"https:\/\/api.w.org\/{rel}","templated":true}]}}