{"id":6551,"date":"2021-04-12T08:03:57","date_gmt":"2021-04-12T08:03:57","guid":{"rendered":"http:\/\/www.haatik.com\/hik-dantza\/landu_es\/laida-aldaz\/"},"modified":"2022-03-25T16:11:24","modified_gmt":"2022-03-25T16:11:24","slug":"laida-aldaz","status":"publish","type":"page","link":"https:\/\/www.haatik.com\/es\/hik-dantza\/landu_es\/laida-aldaz\/","title":{"rendered":"Laida Aldaz"},"content":{"rendered":"<div>\n<h3><b>\u201cFloor work &amp; side specific\u201d<\/b><\/h3>\n<p><b>Descripci\u00f3n de las clases<\/b><\/p>\n<p>El objetivo de la\u00a0clase es aprender a utilizar el suelo, transformando el espacio\u00a0a trav\u00e9s de nuestra danza.<\/p>\n<p>Los bailarines aprender\u00e1n a conectarse con el suelo interactuando con la gravedad, los cambios de peso, rodando, saltando y disolvi\u00e9ndose en \u00e9l. Lograr\u00e1n una mayor\u00a0conciencia durante la acci\u00f3n, aprendiendo a tomar decisiones instant\u00e1neas.<\/p>\n<\/div>\n<hr \/>\n<div class=\"page\" title=\"Page 9\">\n<div class=\"section\">\n<div class=\"layoutArea\">\n<div class=\"column\">\n<div class=\"page\" title=\"Page 10\">\n<div class=\"section\">\n<div class=\"layoutArea\">\n<div class=\"column\">\n<p><strong>Laida Aldaz:\u00a0<\/strong>Artista pluridisciplinar y en muchos casos autodidacta. Estudia danza en la Escuela Oficial de Danza de Navarra y en PARTS (Bruselas). Ha trabajado para Mark Tompkins &amp; Meg Stuart en \u201cLab ABC\u201d, David Zambrano en \u201cThe Rabbit Project\u201d, Ali &amp; Hedi Thabet en \u201cNous sommes pareils\u2026\u201d y Uwrubba, Julyen Hamilton en \u201cT43\u201d, R14 en \u00abTsunami\u00bb y otros. Ha Impartido clases en Ultima vez\/Wim Vandekeybus, Cie Thor\/Thierry Smits, Alias Summer Intensive Canada, Conservatorio de Danza de Murcia, Kalamata Dance Festival, Festival Danzad Danzad Malditos, RITS, DCJ y muchos m\u00e1s. Su curiosidad la ha llevado a co-crear, dirigir y producir obras y proyectos en diversos \u00e1mbitos art\u00edsticos tales como \u201cKirolak\u201d, \u00abThe Room\u00bb, \u201cSo\u00f1ando Despiertos\u201d, \u201cShopping List\u201d, \u201cDVP\u201d, \u201cBS&amp;I\u201d, \u201cDerri\u00e8re Elle\u201d entre otros, que se muestran internacionalmente y reciben varios premios. Es la directora art\u00edstica y fundadora de la asociaci\u00f3n El Trastero Creativo y \u201cZinetika Festival\u201d.<\/p>\n<\/div>\n<\/div>\n<\/div>\n<\/div>\n<\/div>\n<\/div>\n<\/div>\n<\/div>\n","protected":false},"excerpt":{"rendered":"<p>\u201cFloor work &amp; side specific\u201d Descripci\u00f3n de las clases El objetivo de la\u00a0clase es aprender a utilizar el suelo, transformando [&hellip;]<\/p>\n","protected":false},"author":3,"featured_media":6530,"parent":6161,"menu_order":0,"comment_status":"closed","ping_status":"closed","template":"","meta":{"_acf_changed":false,"footnotes":""},"class_list":["post-6551","page","type-page","status-publish","has-post-thumbnail","hentry"],"acf":[],"yoast_head":"<!-- This site is optimized with the Yoast SEO plugin v24.2 - https:\/\/yoast.com\/wordpress\/plugins\/seo\/ -->\n<title>Laida Aldaz | haatik<\/title>\n<meta name=\"robots\" content=\"index, follow, max-snippet:-1, max-image-preview:large, max-video-preview:-1\" \/>\n<link rel=\"canonical\" href=\"https:\/\/www.haatik.com\/es\/hik-dantza\/landu_es\/laida-aldaz\/\" \/>\n<meta property=\"og:locale\" content=\"es_ES\" \/>\n<meta property=\"og:type\" content=\"article\" \/>\n<meta property=\"og:title\" content=\"Laida Aldaz | haatik\" \/>\n<meta property=\"og:description\" content=\"\u201cFloor work &amp; side specific\u201d Descripci\u00f3n de las clases El objetivo de la\u00a0clase es aprender a utilizar el suelo, transformando [&hellip;]\" \/>\n<meta property=\"og:url\" content=\"https:\/\/www.haatik.com\/es\/hik-dantza\/landu_es\/laida-aldaz\/\" \/>\n<meta property=\"og:site_name\" content=\"haatik\" \/>\n<meta property=\"article:publisher\" content=\"https:\/\/www.facebook.com\/HaatikDantzaKonpainia\/\" \/>\n<meta property=\"article:modified_time\" content=\"2022-03-25T16:11:24+00:00\" \/>\n<meta property=\"og:image\" content=\"https:\/\/www.haatik.com\/wp-content\/uploads\/LAIDA_web_HIK_DANTZA_LANDU_2021-scaled.jpg\" \/>\n\t<meta property=\"og:image:width\" content=\"2560\" \/>\n\t<meta property=\"og:image:height\" content=\"960\" \/>\n\t<meta property=\"og:image:type\" content=\"image\/jpeg\" \/>\n<meta name=\"twitter:card\" content=\"summary_large_image\" \/>\n<meta name=\"twitter:site\" content=\"@Haatik_Dantza\" \/>\n<meta name=\"twitter:label1\" content=\"Tiempo de lectura\" \/>\n\t<meta name=\"twitter:data1\" content=\"1 minuto\" \/>\n<script type=\"application\/ld+json\" class=\"yoast-schema-graph\">{\"@context\":\"https:\/\/schema.org\",\"@graph\":[{\"@type\":\"WebPage\",\"@id\":\"https:\/\/www.haatik.com\/es\/hik-dantza\/landu_es\/laida-aldaz\/\",\"url\":\"https:\/\/www.haatik.com\/es\/hik-dantza\/landu_es\/laida-aldaz\/\",\"name\":\"Laida Aldaz | haatik\",\"isPartOf\":{\"@id\":\"https:\/\/www.haatik.com\/eu\/#website\"},\"primaryImageOfPage\":{\"@id\":\"https:\/\/www.haatik.com\/es\/hik-dantza\/landu_es\/laida-aldaz\/#primaryimage\"},\"image\":{\"@id\":\"https:\/\/www.haatik.com\/es\/hik-dantza\/landu_es\/laida-aldaz\/#primaryimage\"},\"thumbnailUrl\":\"https:\/\/www.haatik.com\/wp-content\/uploads\/LAIDA_web_HIK_DANTZA_LANDU_2021-scaled.jpg\",\"datePublished\":\"2021-04-12T08:03:57+00:00\",\"dateModified\":\"2022-03-25T16:11:24+00:00\",\"breadcrumb\":{\"@id\":\"https:\/\/www.haatik.com\/es\/hik-dantza\/landu_es\/laida-aldaz\/#breadcrumb\"},\"inLanguage\":\"es\",\"potentialAction\":[{\"@type\":\"ReadAction\",\"target\":[\"https:\/\/www.haatik.com\/es\/hik-dantza\/landu_es\/laida-aldaz\/\"]}]},{\"@type\":\"ImageObject\",\"inLanguage\":\"es\",\"@id\":\"https:\/\/www.haatik.com\/es\/hik-dantza\/landu_es\/laida-aldaz\/#primaryimage\",\"url\":\"https:\/\/www.haatik.com\/wp-content\/uploads\/LAIDA_web_HIK_DANTZA_LANDU_2021-scaled.jpg\",\"contentUrl\":\"https:\/\/www.haatik.com\/wp-content\/uploads\/LAIDA_web_HIK_DANTZA_LANDU_2021-scaled.jpg\",\"width\":2560,\"height\":960},{\"@type\":\"BreadcrumbList\",\"@id\":\"https:\/\/www.haatik.com\/es\/hik-dantza\/landu_es\/laida-aldaz\/#breadcrumb\",\"itemListElement\":[{\"@type\":\"ListItem\",\"position\":1,\"name\":\"Home\",\"item\":\"https:\/\/www.haatik.com\/es\/\"},{\"@type\":\"ListItem\",\"position\":2,\"name\":\"HiK Dantza\",\"item\":\"https:\/\/www.haatik.com\/es\/hik-dantza\/\"},{\"@type\":\"ListItem\",\"position\":3,\"name\":\"Landu\",\"item\":\"https:\/\/www.haatik.com\/es\/hik-dantza\/landu_es\/\"},{\"@type\":\"ListItem\",\"position\":4,\"name\":\"Laida Aldaz\"}]},{\"@type\":\"WebSite\",\"@id\":\"https:\/\/www.haatik.com\/eu\/#website\",\"url\":\"https:\/\/www.haatik.com\/eu\/\",\"name\":\"haatik\",\"description\":\"haatik dantza konpainia\",\"publisher\":{\"@id\":\"https:\/\/www.haatik.com\/eu\/#organization\"},\"potentialAction\":[{\"@type\":\"SearchAction\",\"target\":{\"@type\":\"EntryPoint\",\"urlTemplate\":\"https:\/\/www.haatik.com\/eu\/?s={search_term_string}\"},\"query-input\":{\"@type\":\"PropertyValueSpecification\",\"valueRequired\":true,\"valueName\":\"search_term_string\"}}],\"inLanguage\":\"es\"},{\"@type\":\"Organization\",\"@id\":\"https:\/\/www.haatik.com\/eu\/#organization\",\"name\":\"haatik\",\"url\":\"https:\/\/www.haatik.com\/eu\/\",\"logo\":{\"@type\":\"ImageObject\",\"inLanguage\":\"es\",\"@id\":\"https:\/\/www.haatik.com\/eu\/#\/schema\/logo\/image\/\",\"url\":\"https:\/\/www.haatik.com\/wp-content\/uploads\/logo_haatik_2016-01.png\",\"contentUrl\":\"https:\/\/www.haatik.com\/wp-content\/uploads\/logo_haatik_2016-01.png\",\"width\":1036,\"height\":493,\"caption\":\"haatik\"},\"image\":{\"@id\":\"https:\/\/www.haatik.com\/eu\/#\/schema\/logo\/image\/\"},\"sameAs\":[\"https:\/\/www.facebook.com\/HaatikDantzaKonpainia\/\",\"https:\/\/x.com\/Haatik_Dantza\",\"https:\/\/instagram.com\/haatikdantzakonpainia\"]}]}<\/script>\n<!-- \/ Yoast SEO plugin. -->","yoast_head_json":{"title":"Laida Aldaz | haatik","robots":{"index":"index","follow":"follow","max-snippet":"max-snippet:-1","max-image-preview":"max-image-preview:large","max-video-preview":"max-video-preview:-1"},"canonical":"https:\/\/www.haatik.com\/es\/hik-dantza\/landu_es\/laida-aldaz\/","og_locale":"es_ES","og_type":"article","og_title":"Laida Aldaz | haatik","og_description":"\u201cFloor work &amp; side specific\u201d Descripci\u00f3n de las clases El objetivo de la\u00a0clase es aprender a utilizar el suelo, transformando [&hellip;]","og_url":"https:\/\/www.haatik.com\/es\/hik-dantza\/landu_es\/laida-aldaz\/","og_site_name":"haatik","article_publisher":"https:\/\/www.facebook.com\/HaatikDantzaKonpainia\/","article_modified_time":"2022-03-25T16:11:24+00:00","og_image":[{"width":2560,"height":960,"url":"https:\/\/www.haatik.com\/wp-content\/uploads\/LAIDA_web_HIK_DANTZA_LANDU_2021-scaled.jpg","type":"image\/jpeg"}],"twitter_card":"summary_large_image","twitter_site":"@Haatik_Dantza","twitter_misc":{"Tiempo de lectura":"1 minuto"},"schema":{"@context":"https:\/\/schema.org","@graph":[{"@type":"WebPage","@id":"https:\/\/www.haatik.com\/es\/hik-dantza\/landu_es\/laida-aldaz\/","url":"https:\/\/www.haatik.com\/es\/hik-dantza\/landu_es\/laida-aldaz\/","name":"Laida Aldaz | haatik","isPartOf":{"@id":"https:\/\/www.haatik.com\/eu\/#website"},"primaryImageOfPage":{"@id":"https:\/\/www.haatik.com\/es\/hik-dantza\/landu_es\/laida-aldaz\/#primaryimage"},"image":{"@id":"https:\/\/www.haatik.com\/es\/hik-dantza\/landu_es\/laida-aldaz\/#primaryimage"},"thumbnailUrl":"https:\/\/www.haatik.com\/wp-content\/uploads\/LAIDA_web_HIK_DANTZA_LANDU_2021-scaled.jpg","datePublished":"2021-04-12T08:03:57+00:00","dateModified":"2022-03-25T16:11:24+00:00","breadcrumb":{"@id":"https:\/\/www.haatik.com\/es\/hik-dantza\/landu_es\/laida-aldaz\/#breadcrumb"},"inLanguage":"es","potentialAction":[{"@type":"ReadAction","target":["https:\/\/www.haatik.com\/es\/hik-dantza\/landu_es\/laida-aldaz\/"]}]},{"@type":"ImageObject","inLanguage":"es","@id":"https:\/\/www.haatik.com\/es\/hik-dantza\/landu_es\/laida-aldaz\/#primaryimage","url":"https:\/\/www.haatik.com\/wp-content\/uploads\/LAIDA_web_HIK_DANTZA_LANDU_2021-scaled.jpg","contentUrl":"https:\/\/www.haatik.com\/wp-content\/uploads\/LAIDA_web_HIK_DANTZA_LANDU_2021-scaled.jpg","width":2560,"height":960},{"@type":"BreadcrumbList","@id":"https:\/\/www.haatik.com\/es\/hik-dantza\/landu_es\/laida-aldaz\/#breadcrumb","itemListElement":[{"@type":"ListItem","position":1,"name":"Home","item":"https:\/\/www.haatik.com\/es\/"},{"@type":"ListItem","position":2,"name":"HiK Dantza","item":"https:\/\/www.haatik.com\/es\/hik-dantza\/"},{"@type":"ListItem","position":3,"name":"Landu","item":"https:\/\/www.haatik.com\/es\/hik-dantza\/landu_es\/"},{"@type":"ListItem","position":4,"name":"Laida Aldaz"}]},{"@type":"WebSite","@id":"https:\/\/www.haatik.com\/eu\/#website","url":"https:\/\/www.haatik.com\/eu\/","name":"haatik","description":"haatik dantza konpainia","publisher":{"@id":"https:\/\/www.haatik.com\/eu\/#organization"},"potentialAction":[{"@type":"SearchAction","target":{"@type":"EntryPoint","urlTemplate":"https:\/\/www.haatik.com\/eu\/?s={search_term_string}"},"query-input":{"@type":"PropertyValueSpecification","valueRequired":true,"valueName":"search_term_string"}}],"inLanguage":"es"},{"@type":"Organization","@id":"https:\/\/www.haatik.com\/eu\/#organization","name":"haatik","url":"https:\/\/www.haatik.com\/eu\/","logo":{"@type":"ImageObject","inLanguage":"es","@id":"https:\/\/www.haatik.com\/eu\/#\/schema\/logo\/image\/","url":"https:\/\/www.haatik.com\/wp-content\/uploads\/logo_haatik_2016-01.png","contentUrl":"https:\/\/www.haatik.com\/wp-content\/uploads\/logo_haatik_2016-01.png","width":1036,"height":493,"caption":"haatik"},"image":{"@id":"https:\/\/www.haatik.com\/eu\/#\/schema\/logo\/image\/"},"sameAs":["https:\/\/www.facebook.com\/HaatikDantzaKonpainia\/","https:\/\/x.com\/Haatik_Dantza","https:\/\/instagram.com\/haatikdantzakonpainia"]}]}},"_links":{"self":[{"href":"https:\/\/www.haatik.com\/es\/wp-json\/wp\/v2\/pages\/6551","targetHints":{"allow":["GET"]}}],"collection":[{"href":"https:\/\/www.haatik.com\/es\/wp-json\/wp\/v2\/pages"}],"about":[{"href":"https:\/\/www.haatik.com\/es\/wp-json\/wp\/v2\/types\/page"}],"author":[{"embeddable":true,"href":"https:\/\/www.haatik.com\/es\/wp-json\/wp\/v2\/users\/3"}],"replies":[{"embeddable":true,"href":"https:\/\/www.haatik.com\/es\/wp-json\/wp\/v2\/comments?post=6551"}],"version-history":[{"count":4,"href":"https:\/\/www.haatik.com\/es\/wp-json\/wp\/v2\/pages\/6551\/revisions"}],"predecessor-version":[{"id":7345,"href":"https:\/\/www.haatik.com\/es\/wp-json\/wp\/v2\/pages\/6551\/revisions\/7345"}],"up":[{"embeddable":true,"href":"https:\/\/www.haatik.com\/es\/wp-json\/wp\/v2\/pages\/6161"}],"wp:featuredmedia":[{"embeddable":true,"href":"https:\/\/www.haatik.com\/es\/wp-json\/wp\/v2\/media\/6530"}],"wp:attachment":[{"href":"https:\/\/www.haatik.com\/es\/wp-json\/wp\/v2\/media?parent=6551"}],"curies":[{"name":"wp","href":"https:\/\/api.w.org\/{rel}","templated":true}]}}