{"id":6184,"date":"2020-07-29T08:08:37","date_gmt":"2020-07-29T08:08:37","guid":{"rendered":"http:\/\/www.haatik.com\/hik-dantza\/landu_es\/diego-sinniger\/"},"modified":"2021-01-13T11:01:11","modified_gmt":"2021-01-13T11:01:11","slug":"diego-sinniger_es","status":"publish","type":"page","link":"https:\/\/www.haatik.com\/es\/hik-dantza\/landu_es\/diego-sinniger_es\/","title":{"rendered":"Diego Sinniger"},"content":{"rendered":"<p class=\"p1\"><strong>NUEVA FECHA!<\/strong> \/ 6 y 7 de febrero. De 10h a \u00a014h<br \/>\nLugar:\u00a0<strong>Dantzagunea<\/strong>. Pelotarien kalea z\/g (Niessen eriakina) 20100 Errenteria<br \/>\n<strong>Dirigido a<\/strong>: Bailarines y artistas del movimiento.<\/p>\n<p class=\"p1\"><strong>Precio<\/strong>: 60\u20ac (50\u20ac Socios de\u00a0<strong>ADDE<\/strong> y <strong>ARTEKALE<\/strong>)<\/p>\n<p>&nbsp;<\/p>\n<table class=\" aligncenter\" style=\"height: 76px;\" width=\"171\">\n<tbody>\n<tr>\n<td bgcolor=\"black\">\n<h3 style=\"text-align: center;\"><span style=\"color: #ffffff;\"><a style=\"color: #ffffff;\" href=\"https:\/\/forms.gle\/jXzo9VdnRUDE5k7JA\" target=\"_blank\" rel=\"noopener noreferrer\">Inscripci\u00f3n<\/a><\/span><\/h3>\n<\/td>\n<\/tr>\n<\/tbody>\n<\/table>\n<p>&nbsp;<\/p>\n<hr \/>\n<div>\n<h4 class=\"p1\"><b>Consciencia muscular<\/b><\/h4>\n<p>&nbsp;<\/p>\n<\/div>\n<div class=\"page\" title=\"Page 10\">\n<div class=\"section\">\n<div class=\"layoutArea\">\n<div class=\"column\">\n<p>Lo que se propone en este workshop, son diferentes acciones\/ejercicios, para desarrollar desde la consciencia un material que conlleve a la sucesi\u00f3n de movimientos por el espacio sin dejar que el juicio intervenga en la realizaci\u00f3n del movimiento.<\/p>\n<p>En mis a\u00f1os como pedagogo, veo cada vez m\u00e1s como el bailar\u00edn est\u00e1 en una b\u00fasqueda interna de lo que podr\u00edamos denominar como \u201cmovimiento personal\u201d. Para cada individuo es todo un universo, su universo. Por ello durante el workshop pasamos por peque\u00f1as pinceladas de teatro he interpretaci\u00f3n, para poder desinhibirnos m\u00e1s y adquirir un estado el cual se refleje \u00fanicamente a trav\u00e9s del movimiento, y no a trav\u00e9s de una est\u00e9tica o una superficialidad que no genere ning\u00fan tipo de emoci\u00f3n.<\/p>\n<\/div>\n<\/div>\n<\/div>\n<\/div>\n<hr \/>\n<div class=\"page\" title=\"Page 9\">\n<div class=\"section\">\n<div class=\"layoutArea\">\n<div class=\"column\">\n<div class=\"page\" title=\"Page 10\">\n<div class=\"section\">\n<div class=\"layoutArea\">\n<div class=\"column\">\n<p><strong>Diego Sinniger:\u00a0<\/strong>Me apasiona cualquiera forma de expresi\u00f3n art\u00edstica que profundice dentro de la sensibilidad del individuo. El desarrollo de mi movimiento proviene de una t\u00e9cnica que denomino <i>consciencia muscular<\/i> (una mezcla de la suma de a\u00f1os viajando entre diferentes culturas como la danza contempor\u00e1nea, el hip hop, el circo o incluso las artes marciales). Empec\u00e9 dentro de las danzas urbanas form\u00e1ndome principalmente en Espa\u00f1a y Nueva York. Trabajando en proyectos nacionales e internacionales, tales como Brodas Bros, Uniq, Dblock, a base de bases, entre otros\u2026 Paralelamente me forme en danza contempor\u00e1nea en diferentes pa\u00edses; Espa\u00f1a, Francia, B\u00e9lgica y Alemania. Cursando diferentes formaciones y festivales como Varium (Barcelona) Cobosmika seeds (Palamos), festival Deltebre danza, etc. las piezas que he coreografiado son DISCONNECT, LIOV y PAH. Y en diferentes compa\u00f1\u00edas, como Lali Ayguade Company, CIA. Roser Lopez Espinosa, CIA. Ziomara Hormaetxe, C\u00eda. Cobosmika, entre otras\u2026 Hoy en d\u00eda, me intereso mucho por el teatro y m\u00e9todos de interpretaci\u00f3n como el m\u00e9todo Stanislavski o m\u00e1s aun, el m\u00e9todo Lecoq (Jacque Lecoq). <i>\u201cSiempre puedes descubrir o tomar consciencia de alg\u00fan m\u00fasculo de tu cuerpo que te dar\u00e1 infinitas posibilidades de movimiento.\u201d<\/i><\/p>\n<\/div>\n<\/div>\n<\/div>\n<\/div>\n<\/div>\n<\/div>\n<\/div>\n<\/div>\n","protected":false},"excerpt":{"rendered":"<p>NUEVA FECHA! \/ 6 y 7 de febrero. De 10h a \u00a014h Lugar:\u00a0Dantzagunea. Pelotarien kalea z\/g (Niessen eriakina) 20100 Errenteria [&hellip;]<\/p>\n","protected":false},"author":3,"featured_media":6457,"parent":6161,"menu_order":0,"comment_status":"closed","ping_status":"closed","template":"","meta":{"_acf_changed":false,"footnotes":""},"class_list":["post-6184","page","type-page","status-publish","has-post-thumbnail","hentry"],"acf":[],"yoast_head":"<!-- This site is optimized with the Yoast SEO plugin v24.2 - https:\/\/yoast.com\/wordpress\/plugins\/seo\/ -->\n<title>Diego Sinniger | haatik<\/title>\n<meta name=\"robots\" content=\"index, follow, max-snippet:-1, max-image-preview:large, max-video-preview:-1\" \/>\n<link rel=\"canonical\" href=\"https:\/\/www.haatik.com\/es\/hik-dantza\/landu_es\/diego-sinniger_es\/\" \/>\n<meta property=\"og:locale\" content=\"es_ES\" \/>\n<meta property=\"og:type\" content=\"article\" \/>\n<meta property=\"og:title\" content=\"Diego Sinniger | haatik\" \/>\n<meta property=\"og:description\" content=\"NUEVA FECHA! \/ 6 y 7 de febrero. De 10h a \u00a014h Lugar:\u00a0Dantzagunea. Pelotarien kalea z\/g (Niessen eriakina) 20100 Errenteria [&hellip;]\" \/>\n<meta property=\"og:url\" content=\"https:\/\/www.haatik.com\/es\/hik-dantza\/landu_es\/diego-sinniger_es\/\" \/>\n<meta property=\"og:site_name\" content=\"haatik\" \/>\n<meta property=\"article:publisher\" content=\"https:\/\/www.facebook.com\/HaatikDantzaKonpainia\/\" \/>\n<meta property=\"article:modified_time\" content=\"2021-01-13T11:01:11+00:00\" \/>\n<meta property=\"og:image\" content=\"https:\/\/www.haatik.com\/wp-content\/uploads\/data_berria_SINEGER.png\" \/>\n\t<meta property=\"og:image:width\" content=\"1550\" \/>\n\t<meta property=\"og:image:height\" content=\"1668\" \/>\n\t<meta property=\"og:image:type\" content=\"image\/png\" \/>\n<meta name=\"twitter:card\" content=\"summary_large_image\" \/>\n<meta name=\"twitter:site\" content=\"@Haatik_Dantza\" \/>\n<meta name=\"twitter:label1\" content=\"Tiempo de lectura\" \/>\n\t<meta name=\"twitter:data1\" content=\"2 minutos\" \/>\n<script type=\"application\/ld+json\" class=\"yoast-schema-graph\">{\"@context\":\"https:\/\/schema.org\",\"@graph\":[{\"@type\":\"WebPage\",\"@id\":\"https:\/\/www.haatik.com\/es\/hik-dantza\/landu_es\/diego-sinniger_es\/\",\"url\":\"https:\/\/www.haatik.com\/es\/hik-dantza\/landu_es\/diego-sinniger_es\/\",\"name\":\"Diego Sinniger | haatik\",\"isPartOf\":{\"@id\":\"https:\/\/www.haatik.com\/eu\/#website\"},\"primaryImageOfPage\":{\"@id\":\"https:\/\/www.haatik.com\/es\/hik-dantza\/landu_es\/diego-sinniger_es\/#primaryimage\"},\"image\":{\"@id\":\"https:\/\/www.haatik.com\/es\/hik-dantza\/landu_es\/diego-sinniger_es\/#primaryimage\"},\"thumbnailUrl\":\"https:\/\/www.haatik.com\/wp-content\/uploads\/data_berria_SINEGER.png\",\"datePublished\":\"2020-07-29T08:08:37+00:00\",\"dateModified\":\"2021-01-13T11:01:11+00:00\",\"breadcrumb\":{\"@id\":\"https:\/\/www.haatik.com\/es\/hik-dantza\/landu_es\/diego-sinniger_es\/#breadcrumb\"},\"inLanguage\":\"es\",\"potentialAction\":[{\"@type\":\"ReadAction\",\"target\":[\"https:\/\/www.haatik.com\/es\/hik-dantza\/landu_es\/diego-sinniger_es\/\"]}]},{\"@type\":\"ImageObject\",\"inLanguage\":\"es\",\"@id\":\"https:\/\/www.haatik.com\/es\/hik-dantza\/landu_es\/diego-sinniger_es\/#primaryimage\",\"url\":\"https:\/\/www.haatik.com\/wp-content\/uploads\/data_berria_SINEGER.png\",\"contentUrl\":\"https:\/\/www.haatik.com\/wp-content\/uploads\/data_berria_SINEGER.png\",\"width\":1550,\"height\":1668},{\"@type\":\"BreadcrumbList\",\"@id\":\"https:\/\/www.haatik.com\/es\/hik-dantza\/landu_es\/diego-sinniger_es\/#breadcrumb\",\"itemListElement\":[{\"@type\":\"ListItem\",\"position\":1,\"name\":\"Home\",\"item\":\"https:\/\/www.haatik.com\/es\/\"},{\"@type\":\"ListItem\",\"position\":2,\"name\":\"HiK Dantza\",\"item\":\"https:\/\/www.haatik.com\/es\/hik-dantza\/\"},{\"@type\":\"ListItem\",\"position\":3,\"name\":\"Landu\",\"item\":\"https:\/\/www.haatik.com\/es\/hik-dantza\/landu_es\/\"},{\"@type\":\"ListItem\",\"position\":4,\"name\":\"Diego Sinniger\"}]},{\"@type\":\"WebSite\",\"@id\":\"https:\/\/www.haatik.com\/eu\/#website\",\"url\":\"https:\/\/www.haatik.com\/eu\/\",\"name\":\"haatik\",\"description\":\"haatik dantza konpainia\",\"publisher\":{\"@id\":\"https:\/\/www.haatik.com\/eu\/#organization\"},\"potentialAction\":[{\"@type\":\"SearchAction\",\"target\":{\"@type\":\"EntryPoint\",\"urlTemplate\":\"https:\/\/www.haatik.com\/eu\/?s={search_term_string}\"},\"query-input\":{\"@type\":\"PropertyValueSpecification\",\"valueRequired\":true,\"valueName\":\"search_term_string\"}}],\"inLanguage\":\"es\"},{\"@type\":\"Organization\",\"@id\":\"https:\/\/www.haatik.com\/eu\/#organization\",\"name\":\"haatik\",\"url\":\"https:\/\/www.haatik.com\/eu\/\",\"logo\":{\"@type\":\"ImageObject\",\"inLanguage\":\"es\",\"@id\":\"https:\/\/www.haatik.com\/eu\/#\/schema\/logo\/image\/\",\"url\":\"https:\/\/www.haatik.com\/wp-content\/uploads\/logo_haatik_2016-01.png\",\"contentUrl\":\"https:\/\/www.haatik.com\/wp-content\/uploads\/logo_haatik_2016-01.png\",\"width\":1036,\"height\":493,\"caption\":\"haatik\"},\"image\":{\"@id\":\"https:\/\/www.haatik.com\/eu\/#\/schema\/logo\/image\/\"},\"sameAs\":[\"https:\/\/www.facebook.com\/HaatikDantzaKonpainia\/\",\"https:\/\/x.com\/Haatik_Dantza\",\"https:\/\/instagram.com\/haatikdantzakonpainia\"]}]}<\/script>\n<!-- \/ Yoast SEO plugin. -->","yoast_head_json":{"title":"Diego Sinniger | haatik","robots":{"index":"index","follow":"follow","max-snippet":"max-snippet:-1","max-image-preview":"max-image-preview:large","max-video-preview":"max-video-preview:-1"},"canonical":"https:\/\/www.haatik.com\/es\/hik-dantza\/landu_es\/diego-sinniger_es\/","og_locale":"es_ES","og_type":"article","og_title":"Diego Sinniger | haatik","og_description":"NUEVA FECHA! \/ 6 y 7 de febrero. De 10h a \u00a014h Lugar:\u00a0Dantzagunea. Pelotarien kalea z\/g (Niessen eriakina) 20100 Errenteria [&hellip;]","og_url":"https:\/\/www.haatik.com\/es\/hik-dantza\/landu_es\/diego-sinniger_es\/","og_site_name":"haatik","article_publisher":"https:\/\/www.facebook.com\/HaatikDantzaKonpainia\/","article_modified_time":"2021-01-13T11:01:11+00:00","og_image":[{"width":1550,"height":1668,"url":"https:\/\/www.haatik.com\/wp-content\/uploads\/data_berria_SINEGER.png","type":"image\/png"}],"twitter_card":"summary_large_image","twitter_site":"@Haatik_Dantza","twitter_misc":{"Tiempo de lectura":"2 minutos"},"schema":{"@context":"https:\/\/schema.org","@graph":[{"@type":"WebPage","@id":"https:\/\/www.haatik.com\/es\/hik-dantza\/landu_es\/diego-sinniger_es\/","url":"https:\/\/www.haatik.com\/es\/hik-dantza\/landu_es\/diego-sinniger_es\/","name":"Diego Sinniger | haatik","isPartOf":{"@id":"https:\/\/www.haatik.com\/eu\/#website"},"primaryImageOfPage":{"@id":"https:\/\/www.haatik.com\/es\/hik-dantza\/landu_es\/diego-sinniger_es\/#primaryimage"},"image":{"@id":"https:\/\/www.haatik.com\/es\/hik-dantza\/landu_es\/diego-sinniger_es\/#primaryimage"},"thumbnailUrl":"https:\/\/www.haatik.com\/wp-content\/uploads\/data_berria_SINEGER.png","datePublished":"2020-07-29T08:08:37+00:00","dateModified":"2021-01-13T11:01:11+00:00","breadcrumb":{"@id":"https:\/\/www.haatik.com\/es\/hik-dantza\/landu_es\/diego-sinniger_es\/#breadcrumb"},"inLanguage":"es","potentialAction":[{"@type":"ReadAction","target":["https:\/\/www.haatik.com\/es\/hik-dantza\/landu_es\/diego-sinniger_es\/"]}]},{"@type":"ImageObject","inLanguage":"es","@id":"https:\/\/www.haatik.com\/es\/hik-dantza\/landu_es\/diego-sinniger_es\/#primaryimage","url":"https:\/\/www.haatik.com\/wp-content\/uploads\/data_berria_SINEGER.png","contentUrl":"https:\/\/www.haatik.com\/wp-content\/uploads\/data_berria_SINEGER.png","width":1550,"height":1668},{"@type":"BreadcrumbList","@id":"https:\/\/www.haatik.com\/es\/hik-dantza\/landu_es\/diego-sinniger_es\/#breadcrumb","itemListElement":[{"@type":"ListItem","position":1,"name":"Home","item":"https:\/\/www.haatik.com\/es\/"},{"@type":"ListItem","position":2,"name":"HiK Dantza","item":"https:\/\/www.haatik.com\/es\/hik-dantza\/"},{"@type":"ListItem","position":3,"name":"Landu","item":"https:\/\/www.haatik.com\/es\/hik-dantza\/landu_es\/"},{"@type":"ListItem","position":4,"name":"Diego Sinniger"}]},{"@type":"WebSite","@id":"https:\/\/www.haatik.com\/eu\/#website","url":"https:\/\/www.haatik.com\/eu\/","name":"haatik","description":"haatik dantza konpainia","publisher":{"@id":"https:\/\/www.haatik.com\/eu\/#organization"},"potentialAction":[{"@type":"SearchAction","target":{"@type":"EntryPoint","urlTemplate":"https:\/\/www.haatik.com\/eu\/?s={search_term_string}"},"query-input":{"@type":"PropertyValueSpecification","valueRequired":true,"valueName":"search_term_string"}}],"inLanguage":"es"},{"@type":"Organization","@id":"https:\/\/www.haatik.com\/eu\/#organization","name":"haatik","url":"https:\/\/www.haatik.com\/eu\/","logo":{"@type":"ImageObject","inLanguage":"es","@id":"https:\/\/www.haatik.com\/eu\/#\/schema\/logo\/image\/","url":"https:\/\/www.haatik.com\/wp-content\/uploads\/logo_haatik_2016-01.png","contentUrl":"https:\/\/www.haatik.com\/wp-content\/uploads\/logo_haatik_2016-01.png","width":1036,"height":493,"caption":"haatik"},"image":{"@id":"https:\/\/www.haatik.com\/eu\/#\/schema\/logo\/image\/"},"sameAs":["https:\/\/www.facebook.com\/HaatikDantzaKonpainia\/","https:\/\/x.com\/Haatik_Dantza","https:\/\/instagram.com\/haatikdantzakonpainia"]}]}},"_links":{"self":[{"href":"https:\/\/www.haatik.com\/es\/wp-json\/wp\/v2\/pages\/6184","targetHints":{"allow":["GET"]}}],"collection":[{"href":"https:\/\/www.haatik.com\/es\/wp-json\/wp\/v2\/pages"}],"about":[{"href":"https:\/\/www.haatik.com\/es\/wp-json\/wp\/v2\/types\/page"}],"author":[{"embeddable":true,"href":"https:\/\/www.haatik.com\/es\/wp-json\/wp\/v2\/users\/3"}],"replies":[{"embeddable":true,"href":"https:\/\/www.haatik.com\/es\/wp-json\/wp\/v2\/comments?post=6184"}],"version-history":[{"count":6,"href":"https:\/\/www.haatik.com\/es\/wp-json\/wp\/v2\/pages\/6184\/revisions"}],"predecessor-version":[{"id":6467,"href":"https:\/\/www.haatik.com\/es\/wp-json\/wp\/v2\/pages\/6184\/revisions\/6467"}],"up":[{"embeddable":true,"href":"https:\/\/www.haatik.com\/es\/wp-json\/wp\/v2\/pages\/6161"}],"wp:featuredmedia":[{"embeddable":true,"href":"https:\/\/www.haatik.com\/es\/wp-json\/wp\/v2\/media\/6457"}],"wp:attachment":[{"href":"https:\/\/www.haatik.com\/es\/wp-json\/wp\/v2\/media?parent=6184"}],"curies":[{"name":"wp","href":"https:\/\/api.w.org\/{rel}","templated":true}]}}