{"id":6179,"date":"2020-07-29T08:01:35","date_gmt":"2020-07-29T08:01:35","guid":{"rendered":"http:\/\/www.haatik.com\/hik-dantza\/landu_es\/carmen-larraz\/"},"modified":"2020-08-07T07:17:54","modified_gmt":"2020-08-07T07:17:54","slug":"carmen-larraz_es","status":"publish","type":"page","link":"https:\/\/www.haatik.com\/es\/hik-dantza\/landu_es\/carmen-larraz_es\/","title":{"rendered":"Carmen Larraz"},"content":{"rendered":"<p>&nbsp;<\/p>\n<p class=\"p1\"><strong>Del 21 al 22 de Noviembre\u00a0<\/strong>\u00a0\/ 10h a 14h.<br \/>\nLugar:\u00a0<strong>Dantzagunea<\/strong>. Pelotarien kalea z\/g (Niessen eriakina) 20100 Errenteria<br \/>\n<strong>Dirigido a<\/strong>: Bailarines y artistas del movimiento.<\/p>\n<p><strong>Precio<\/strong>: 60\u20ac (50\u20ac Socios de\u00a0<strong>ADDE<\/strong> y <strong>ARTEKALE<\/strong>)<\/p>\n<p>&nbsp;<\/p>\n<table class=\" aligncenter\" style=\"height: 76px;\" width=\"171\">\n<tbody>\n<tr>\n<td bgcolor=\"black\">\n<h3 style=\"text-align: center;\"><span style=\"color: #ffffff;\"><a style=\"color: #ffffff;\" href=\"https:\/\/forms.gle\/tsxubZ4HdrsBvpGV9\" target=\"_blank\" rel=\"noopener noreferrer\">Inscripc\u00f3n<\/a><\/span><\/h3>\n<\/td>\n<\/tr>\n<\/tbody>\n<\/table>\n<p>&nbsp;<\/p>\n<hr \/>\n<div>\n<h4 class=\"p1\"><strong>Cuerpo el\u00e9ctrico<\/strong><\/h4>\n<p>&nbsp;<\/p>\n<\/div>\n<p><span style=\"font-weight: 400;\">Partiendo de la idea de que nuestro cuerpo genera constantemente impulsos el\u00e9ctricos, durante este taller jugaremos con la posibilidad de esculpir con energ\u00eda a trav\u00e9s del movimiento.<\/span><\/p>\n<p><span style=\"font-weight: 400;\">A trav\u00e9s de secuencias coreogr\u00e1ficas y pautas de improvisaci\u00f3n que se ir\u00e1n alternando, trabajaremos con la mec\u00e1nica articular, potenciando el trabajo de tendones como generadores de energ\u00eda. El objetivo es preparar el cuerpo en un estado de alerta, que active la concentraci\u00f3n interna y la disponibilidad f\u00edsica para un trabajo din\u00e1mico.\u00a0<\/span><\/p>\n<p><span style=\"font-weight: 400;\">El uso del suelo ser\u00e1 una herramienta \u00edntegra en este trabajo, difuminando la diferencia entre trabajo de suelo o vertical.<\/span><\/p>\n<p><span style=\"font-weight: 400;\">La fase m\u00e1s t\u00e9cnica ir\u00e1 transform\u00e1ndose hacia una parte de laboratorio, para trabajar con herramientas de creaci\u00f3n desarrolladas durante el proceso creativo de Elektrical Body.<\/span><\/p>\n<p><span style=\"font-weight: 400;\">Jugaremos con la idea de generar un campo magn\u00e9tico como grupo, y estudiar de qu\u00e9 manera afecta este campo a cada acci\u00f3n f\u00edsica que desarrollamos con individuos en el colectivo, e igualmente, c\u00f3mo cada decisi\u00f3n individual afecta al colectivo.\u00a0<\/span><\/p>\n<p><span style=\"font-weight: 400;\">Utilizaremos esta idea del magnetismo para generar un lenguaje personal y abrir diversas maneras de interaccionar con otros cuerpos a trav\u00e9s del movimiento.<\/span><\/p>\n<hr \/>\n<div class=\"page\" title=\"Page 9\">\n<div class=\"section\">\n<div class=\"layoutArea\">\n<div class=\"column\">\n<p><strong>Carmen Larraz <\/strong>s<span style=\"font-weight: 400;\">e forma en Parts (Bruselas) y baila durante unos a\u00f1os para: Frey faust, Deja Donne, Rital Brocante, EN-Knap Iztok Kovac, Salva Sanchis.Tambi\u00e9n, Bertha Berm\u00fadez, Marta Coronado y David Zambrano.<\/span><\/p>\n<p><span style=\"font-weight: 400;\">En 2013 forma la c\u00eda Dinamo Danza como plataforma de investigaci\u00f3n y creaci\u00f3n con la que gira por diversos festivales.<\/span><\/p>\n<p><span style=\"font-weight: 400;\">Desde 2016 crea y dirige el festival de calle Danzad Danzad Malditos.<\/span><\/p>\n<p><span style=\"font-weight: 400;\">En 2019 junto a Laida Aldaz y Carmen crea y co- dirige La Faktoria Choreographic Center, espacio de formaci\u00f3n, creaci\u00f3n e investigaci\u00f3n.<\/span><\/p>\n<p>&nbsp;<\/p>\n<p>&nbsp;<\/p>\n<\/div>\n<\/div>\n<\/div>\n<\/div>\n","protected":false},"excerpt":{"rendered":"<p>&nbsp; Del 21 al 22 de Noviembre\u00a0\u00a0\/ 10h a 14h. Lugar:\u00a0Dantzagunea. Pelotarien kalea z\/g (Niessen eriakina) 20100 Errenteria Dirigido a: [&hellip;]<\/p>\n","protected":false},"author":3,"featured_media":6093,"parent":6161,"menu_order":0,"comment_status":"closed","ping_status":"closed","template":"","meta":{"_acf_changed":false,"footnotes":""},"class_list":["post-6179","page","type-page","status-publish","has-post-thumbnail","hentry"],"acf":[],"yoast_head":"<!-- This site is optimized with the Yoast SEO plugin v24.2 - https:\/\/yoast.com\/wordpress\/plugins\/seo\/ -->\n<title>Carmen Larraz | haatik<\/title>\n<meta name=\"robots\" content=\"index, follow, max-snippet:-1, max-image-preview:large, max-video-preview:-1\" \/>\n<link rel=\"canonical\" href=\"https:\/\/www.haatik.com\/es\/hik-dantza\/landu_es\/carmen-larraz_es\/\" \/>\n<meta property=\"og:locale\" content=\"es_ES\" \/>\n<meta property=\"og:type\" content=\"article\" \/>\n<meta property=\"og:title\" content=\"Carmen Larraz | haatik\" \/>\n<meta property=\"og:description\" content=\"&nbsp; Del 21 al 22 de Noviembre\u00a0\u00a0\/ 10h a 14h. Lugar:\u00a0Dantzagunea. Pelotarien kalea z\/g (Niessen eriakina) 20100 Errenteria Dirigido a: [&hellip;]\" \/>\n<meta property=\"og:url\" content=\"https:\/\/www.haatik.com\/es\/hik-dantza\/landu_es\/carmen-larraz_es\/\" \/>\n<meta property=\"og:site_name\" content=\"haatik\" \/>\n<meta property=\"article:publisher\" content=\"https:\/\/www.facebook.com\/HaatikDantzaKonpainia\/\" \/>\n<meta property=\"article:modified_time\" content=\"2020-08-07T07:17:54+00:00\" \/>\n<meta property=\"og:image\" content=\"https:\/\/www.haatik.com\/wp-content\/uploads\/carmen_WEB_HikDantzaLandu_2020.jpg\" \/>\n\t<meta property=\"og:image:width\" content=\"2346\" \/>\n\t<meta property=\"og:image:height\" content=\"800\" \/>\n\t<meta property=\"og:image:type\" content=\"image\/jpeg\" \/>\n<meta name=\"twitter:card\" content=\"summary_large_image\" \/>\n<meta name=\"twitter:site\" content=\"@Haatik_Dantza\" \/>\n<meta name=\"twitter:label1\" content=\"Tiempo de lectura\" \/>\n\t<meta name=\"twitter:data1\" content=\"2 minutos\" \/>\n<script type=\"application\/ld+json\" class=\"yoast-schema-graph\">{\"@context\":\"https:\/\/schema.org\",\"@graph\":[{\"@type\":\"WebPage\",\"@id\":\"https:\/\/www.haatik.com\/es\/hik-dantza\/landu_es\/carmen-larraz_es\/\",\"url\":\"https:\/\/www.haatik.com\/es\/hik-dantza\/landu_es\/carmen-larraz_es\/\",\"name\":\"Carmen Larraz | haatik\",\"isPartOf\":{\"@id\":\"https:\/\/www.haatik.com\/eu\/#website\"},\"primaryImageOfPage\":{\"@id\":\"https:\/\/www.haatik.com\/es\/hik-dantza\/landu_es\/carmen-larraz_es\/#primaryimage\"},\"image\":{\"@id\":\"https:\/\/www.haatik.com\/es\/hik-dantza\/landu_es\/carmen-larraz_es\/#primaryimage\"},\"thumbnailUrl\":\"https:\/\/www.haatik.com\/wp-content\/uploads\/carmen_WEB_HikDantzaLandu_2020.jpg\",\"datePublished\":\"2020-07-29T08:01:35+00:00\",\"dateModified\":\"2020-08-07T07:17:54+00:00\",\"breadcrumb\":{\"@id\":\"https:\/\/www.haatik.com\/es\/hik-dantza\/landu_es\/carmen-larraz_es\/#breadcrumb\"},\"inLanguage\":\"es\",\"potentialAction\":[{\"@type\":\"ReadAction\",\"target\":[\"https:\/\/www.haatik.com\/es\/hik-dantza\/landu_es\/carmen-larraz_es\/\"]}]},{\"@type\":\"ImageObject\",\"inLanguage\":\"es\",\"@id\":\"https:\/\/www.haatik.com\/es\/hik-dantza\/landu_es\/carmen-larraz_es\/#primaryimage\",\"url\":\"https:\/\/www.haatik.com\/wp-content\/uploads\/carmen_WEB_HikDantzaLandu_2020.jpg\",\"contentUrl\":\"https:\/\/www.haatik.com\/wp-content\/uploads\/carmen_WEB_HikDantzaLandu_2020.jpg\",\"width\":2346,\"height\":800},{\"@type\":\"BreadcrumbList\",\"@id\":\"https:\/\/www.haatik.com\/es\/hik-dantza\/landu_es\/carmen-larraz_es\/#breadcrumb\",\"itemListElement\":[{\"@type\":\"ListItem\",\"position\":1,\"name\":\"Home\",\"item\":\"https:\/\/www.haatik.com\/es\/\"},{\"@type\":\"ListItem\",\"position\":2,\"name\":\"HiK Dantza\",\"item\":\"https:\/\/www.haatik.com\/es\/hik-dantza\/\"},{\"@type\":\"ListItem\",\"position\":3,\"name\":\"Landu\",\"item\":\"https:\/\/www.haatik.com\/es\/hik-dantza\/landu_es\/\"},{\"@type\":\"ListItem\",\"position\":4,\"name\":\"Carmen Larraz\"}]},{\"@type\":\"WebSite\",\"@id\":\"https:\/\/www.haatik.com\/eu\/#website\",\"url\":\"https:\/\/www.haatik.com\/eu\/\",\"name\":\"haatik\",\"description\":\"haatik dantza konpainia\",\"publisher\":{\"@id\":\"https:\/\/www.haatik.com\/eu\/#organization\"},\"potentialAction\":[{\"@type\":\"SearchAction\",\"target\":{\"@type\":\"EntryPoint\",\"urlTemplate\":\"https:\/\/www.haatik.com\/eu\/?s={search_term_string}\"},\"query-input\":{\"@type\":\"PropertyValueSpecification\",\"valueRequired\":true,\"valueName\":\"search_term_string\"}}],\"inLanguage\":\"es\"},{\"@type\":\"Organization\",\"@id\":\"https:\/\/www.haatik.com\/eu\/#organization\",\"name\":\"haatik\",\"url\":\"https:\/\/www.haatik.com\/eu\/\",\"logo\":{\"@type\":\"ImageObject\",\"inLanguage\":\"es\",\"@id\":\"https:\/\/www.haatik.com\/eu\/#\/schema\/logo\/image\/\",\"url\":\"https:\/\/www.haatik.com\/wp-content\/uploads\/logo_haatik_2016-01.png\",\"contentUrl\":\"https:\/\/www.haatik.com\/wp-content\/uploads\/logo_haatik_2016-01.png\",\"width\":1036,\"height\":493,\"caption\":\"haatik\"},\"image\":{\"@id\":\"https:\/\/www.haatik.com\/eu\/#\/schema\/logo\/image\/\"},\"sameAs\":[\"https:\/\/www.facebook.com\/HaatikDantzaKonpainia\/\",\"https:\/\/x.com\/Haatik_Dantza\",\"https:\/\/instagram.com\/haatikdantzakonpainia\"]}]}<\/script>\n<!-- \/ Yoast SEO plugin. -->","yoast_head_json":{"title":"Carmen Larraz | haatik","robots":{"index":"index","follow":"follow","max-snippet":"max-snippet:-1","max-image-preview":"max-image-preview:large","max-video-preview":"max-video-preview:-1"},"canonical":"https:\/\/www.haatik.com\/es\/hik-dantza\/landu_es\/carmen-larraz_es\/","og_locale":"es_ES","og_type":"article","og_title":"Carmen Larraz | haatik","og_description":"&nbsp; Del 21 al 22 de Noviembre\u00a0\u00a0\/ 10h a 14h. Lugar:\u00a0Dantzagunea. Pelotarien kalea z\/g (Niessen eriakina) 20100 Errenteria Dirigido a: [&hellip;]","og_url":"https:\/\/www.haatik.com\/es\/hik-dantza\/landu_es\/carmen-larraz_es\/","og_site_name":"haatik","article_publisher":"https:\/\/www.facebook.com\/HaatikDantzaKonpainia\/","article_modified_time":"2020-08-07T07:17:54+00:00","og_image":[{"width":2346,"height":800,"url":"https:\/\/www.haatik.com\/wp-content\/uploads\/carmen_WEB_HikDantzaLandu_2020.jpg","type":"image\/jpeg"}],"twitter_card":"summary_large_image","twitter_site":"@Haatik_Dantza","twitter_misc":{"Tiempo de lectura":"2 minutos"},"schema":{"@context":"https:\/\/schema.org","@graph":[{"@type":"WebPage","@id":"https:\/\/www.haatik.com\/es\/hik-dantza\/landu_es\/carmen-larraz_es\/","url":"https:\/\/www.haatik.com\/es\/hik-dantza\/landu_es\/carmen-larraz_es\/","name":"Carmen Larraz | haatik","isPartOf":{"@id":"https:\/\/www.haatik.com\/eu\/#website"},"primaryImageOfPage":{"@id":"https:\/\/www.haatik.com\/es\/hik-dantza\/landu_es\/carmen-larraz_es\/#primaryimage"},"image":{"@id":"https:\/\/www.haatik.com\/es\/hik-dantza\/landu_es\/carmen-larraz_es\/#primaryimage"},"thumbnailUrl":"https:\/\/www.haatik.com\/wp-content\/uploads\/carmen_WEB_HikDantzaLandu_2020.jpg","datePublished":"2020-07-29T08:01:35+00:00","dateModified":"2020-08-07T07:17:54+00:00","breadcrumb":{"@id":"https:\/\/www.haatik.com\/es\/hik-dantza\/landu_es\/carmen-larraz_es\/#breadcrumb"},"inLanguage":"es","potentialAction":[{"@type":"ReadAction","target":["https:\/\/www.haatik.com\/es\/hik-dantza\/landu_es\/carmen-larraz_es\/"]}]},{"@type":"ImageObject","inLanguage":"es","@id":"https:\/\/www.haatik.com\/es\/hik-dantza\/landu_es\/carmen-larraz_es\/#primaryimage","url":"https:\/\/www.haatik.com\/wp-content\/uploads\/carmen_WEB_HikDantzaLandu_2020.jpg","contentUrl":"https:\/\/www.haatik.com\/wp-content\/uploads\/carmen_WEB_HikDantzaLandu_2020.jpg","width":2346,"height":800},{"@type":"BreadcrumbList","@id":"https:\/\/www.haatik.com\/es\/hik-dantza\/landu_es\/carmen-larraz_es\/#breadcrumb","itemListElement":[{"@type":"ListItem","position":1,"name":"Home","item":"https:\/\/www.haatik.com\/es\/"},{"@type":"ListItem","position":2,"name":"HiK Dantza","item":"https:\/\/www.haatik.com\/es\/hik-dantza\/"},{"@type":"ListItem","position":3,"name":"Landu","item":"https:\/\/www.haatik.com\/es\/hik-dantza\/landu_es\/"},{"@type":"ListItem","position":4,"name":"Carmen Larraz"}]},{"@type":"WebSite","@id":"https:\/\/www.haatik.com\/eu\/#website","url":"https:\/\/www.haatik.com\/eu\/","name":"haatik","description":"haatik dantza konpainia","publisher":{"@id":"https:\/\/www.haatik.com\/eu\/#organization"},"potentialAction":[{"@type":"SearchAction","target":{"@type":"EntryPoint","urlTemplate":"https:\/\/www.haatik.com\/eu\/?s={search_term_string}"},"query-input":{"@type":"PropertyValueSpecification","valueRequired":true,"valueName":"search_term_string"}}],"inLanguage":"es"},{"@type":"Organization","@id":"https:\/\/www.haatik.com\/eu\/#organization","name":"haatik","url":"https:\/\/www.haatik.com\/eu\/","logo":{"@type":"ImageObject","inLanguage":"es","@id":"https:\/\/www.haatik.com\/eu\/#\/schema\/logo\/image\/","url":"https:\/\/www.haatik.com\/wp-content\/uploads\/logo_haatik_2016-01.png","contentUrl":"https:\/\/www.haatik.com\/wp-content\/uploads\/logo_haatik_2016-01.png","width":1036,"height":493,"caption":"haatik"},"image":{"@id":"https:\/\/www.haatik.com\/eu\/#\/schema\/logo\/image\/"},"sameAs":["https:\/\/www.facebook.com\/HaatikDantzaKonpainia\/","https:\/\/x.com\/Haatik_Dantza","https:\/\/instagram.com\/haatikdantzakonpainia"]}]}},"_links":{"self":[{"href":"https:\/\/www.haatik.com\/es\/wp-json\/wp\/v2\/pages\/6179","targetHints":{"allow":["GET"]}}],"collection":[{"href":"https:\/\/www.haatik.com\/es\/wp-json\/wp\/v2\/pages"}],"about":[{"href":"https:\/\/www.haatik.com\/es\/wp-json\/wp\/v2\/types\/page"}],"author":[{"embeddable":true,"href":"https:\/\/www.haatik.com\/es\/wp-json\/wp\/v2\/users\/3"}],"replies":[{"embeddable":true,"href":"https:\/\/www.haatik.com\/es\/wp-json\/wp\/v2\/comments?post=6179"}],"version-history":[{"count":5,"href":"https:\/\/www.haatik.com\/es\/wp-json\/wp\/v2\/pages\/6179\/revisions"}],"predecessor-version":[{"id":6220,"href":"https:\/\/www.haatik.com\/es\/wp-json\/wp\/v2\/pages\/6179\/revisions\/6220"}],"up":[{"embeddable":true,"href":"https:\/\/www.haatik.com\/es\/wp-json\/wp\/v2\/pages\/6161"}],"wp:featuredmedia":[{"embeddable":true,"href":"https:\/\/www.haatik.com\/es\/wp-json\/wp\/v2\/media\/6093"}],"wp:attachment":[{"href":"https:\/\/www.haatik.com\/es\/wp-json\/wp\/v2\/media?parent=6179"}],"curies":[{"name":"wp","href":"https:\/\/api.w.org\/{rel}","templated":true}]}}