{"id":6173,"date":"2020-07-29T07:43:57","date_gmt":"2020-07-29T07:43:57","guid":{"rendered":"http:\/\/www.haatik.com\/hik-dantza\/landu_es\/laia-santanch\/"},"modified":"2020-11-07T19:04:10","modified_gmt":"2020-11-07T19:04:10","slug":"laia-santanch_es","status":"publish","type":"page","link":"https:\/\/www.haatik.com\/es\/hik-dantza\/landu_es\/laia-santanch_es\/","title":{"rendered":"Laia Santanch"},"content":{"rendered":"<div>\n<p><strong>Physical tools<\/strong><\/p>\n<p><span style=\"font-weight: 400;\">Propone una clase empezando con un calentamiento activo para preparar el cuerpo y poder llegar al final de la clase con el m\u00e1ximo rendimiento f\u00edsico explorando los l\u00edmites del cuerpo en movimiento.\u00a0<\/span><\/p>\n<p><span style=\"font-weight: 400;\">Para ello combina elementos de distintas t\u00e9cnicas contempor\u00e1neas trabajando el suelo y de pi\u00e9.<\/span><\/p>\n<p><span style=\"font-weight: 400;\">Trabajamos el torso, las espirales, torsiones, desequilibrios y suspensiones, as\u00ed como las din\u00e1micas en el movimiento y su musicalidad.<\/span><\/p>\n<p><span style=\"font-weight: 400;\">La clase se dividi\u00f3 en dos enfoques; trabajando frases guiadas alternando pautas de improvisaci\u00f3n y composici\u00f3n en relaci\u00f3n al material y las herramientas de la l\u00ednea de trabajo investigado, dando mucha atenci\u00f3n a la propia personalidad de cada participante para potenciarla interpretativamente y en creaci\u00f3n.\u00a0<\/span><\/p>\n<\/div>\n","protected":false},"excerpt":{"rendered":"<p>Physical tools Propone una clase empezando con un calentamiento activo para preparar el cuerpo y poder llegar al final de [&hellip;]<\/p>\n","protected":false},"author":3,"featured_media":6096,"parent":6161,"menu_order":0,"comment_status":"closed","ping_status":"closed","template":"","meta":{"_acf_changed":false,"footnotes":""},"class_list":["post-6173","page","type-page","status-publish","has-post-thumbnail","hentry"],"acf":[],"yoast_head":"<!-- This site is optimized with the Yoast SEO plugin v24.2 - https:\/\/yoast.com\/wordpress\/plugins\/seo\/ -->\n<title>Laia Santanch | haatik<\/title>\n<meta name=\"robots\" content=\"index, follow, max-snippet:-1, max-image-preview:large, max-video-preview:-1\" \/>\n<link rel=\"canonical\" href=\"https:\/\/www.haatik.com\/es\/hik-dantza\/landu_es\/laia-santanch_es\/\" \/>\n<meta property=\"og:locale\" content=\"es_ES\" \/>\n<meta property=\"og:type\" content=\"article\" \/>\n<meta property=\"og:title\" content=\"Laia Santanch | haatik\" \/>\n<meta property=\"og:description\" content=\"Physical tools Propone una clase empezando con un calentamiento activo para preparar el cuerpo y poder llegar al final de [&hellip;]\" \/>\n<meta property=\"og:url\" content=\"https:\/\/www.haatik.com\/es\/hik-dantza\/landu_es\/laia-santanch_es\/\" \/>\n<meta property=\"og:site_name\" content=\"haatik\" \/>\n<meta property=\"article:publisher\" content=\"https:\/\/www.facebook.com\/HaatikDantzaKonpainia\/\" \/>\n<meta property=\"article:modified_time\" content=\"2020-11-07T19:04:10+00:00\" \/>\n<meta property=\"og:image\" content=\"https:\/\/www.haatik.com\/wp-content\/uploads\/laia_WEB_HikDantzaLandu_2020.jpg\" \/>\n\t<meta property=\"og:image:width\" content=\"2346\" \/>\n\t<meta property=\"og:image:height\" content=\"800\" \/>\n\t<meta property=\"og:image:type\" content=\"image\/jpeg\" \/>\n<meta name=\"twitter:card\" content=\"summary_large_image\" \/>\n<meta name=\"twitter:site\" content=\"@Haatik_Dantza\" \/>\n<meta name=\"twitter:label1\" content=\"Tiempo de lectura\" \/>\n\t<meta name=\"twitter:data1\" content=\"1 minuto\" \/>\n<script type=\"application\/ld+json\" class=\"yoast-schema-graph\">{\"@context\":\"https:\/\/schema.org\",\"@graph\":[{\"@type\":\"WebPage\",\"@id\":\"https:\/\/www.haatik.com\/es\/hik-dantza\/landu_es\/laia-santanch_es\/\",\"url\":\"https:\/\/www.haatik.com\/es\/hik-dantza\/landu_es\/laia-santanch_es\/\",\"name\":\"Laia Santanch | haatik\",\"isPartOf\":{\"@id\":\"https:\/\/www.haatik.com\/eu\/#website\"},\"primaryImageOfPage\":{\"@id\":\"https:\/\/www.haatik.com\/es\/hik-dantza\/landu_es\/laia-santanch_es\/#primaryimage\"},\"image\":{\"@id\":\"https:\/\/www.haatik.com\/es\/hik-dantza\/landu_es\/laia-santanch_es\/#primaryimage\"},\"thumbnailUrl\":\"https:\/\/www.haatik.com\/wp-content\/uploads\/laia_WEB_HikDantzaLandu_2020.jpg\",\"datePublished\":\"2020-07-29T07:43:57+00:00\",\"dateModified\":\"2020-11-07T19:04:10+00:00\",\"breadcrumb\":{\"@id\":\"https:\/\/www.haatik.com\/es\/hik-dantza\/landu_es\/laia-santanch_es\/#breadcrumb\"},\"inLanguage\":\"es\",\"potentialAction\":[{\"@type\":\"ReadAction\",\"target\":[\"https:\/\/www.haatik.com\/es\/hik-dantza\/landu_es\/laia-santanch_es\/\"]}]},{\"@type\":\"ImageObject\",\"inLanguage\":\"es\",\"@id\":\"https:\/\/www.haatik.com\/es\/hik-dantza\/landu_es\/laia-santanch_es\/#primaryimage\",\"url\":\"https:\/\/www.haatik.com\/wp-content\/uploads\/laia_WEB_HikDantzaLandu_2020.jpg\",\"contentUrl\":\"https:\/\/www.haatik.com\/wp-content\/uploads\/laia_WEB_HikDantzaLandu_2020.jpg\",\"width\":2346,\"height\":800},{\"@type\":\"BreadcrumbList\",\"@id\":\"https:\/\/www.haatik.com\/es\/hik-dantza\/landu_es\/laia-santanch_es\/#breadcrumb\",\"itemListElement\":[{\"@type\":\"ListItem\",\"position\":1,\"name\":\"Home\",\"item\":\"https:\/\/www.haatik.com\/es\/\"},{\"@type\":\"ListItem\",\"position\":2,\"name\":\"HiK Dantza\",\"item\":\"https:\/\/www.haatik.com\/es\/hik-dantza\/\"},{\"@type\":\"ListItem\",\"position\":3,\"name\":\"Landu\",\"item\":\"https:\/\/www.haatik.com\/es\/hik-dantza\/landu_es\/\"},{\"@type\":\"ListItem\",\"position\":4,\"name\":\"Laia Santanch\"}]},{\"@type\":\"WebSite\",\"@id\":\"https:\/\/www.haatik.com\/eu\/#website\",\"url\":\"https:\/\/www.haatik.com\/eu\/\",\"name\":\"haatik\",\"description\":\"haatik dantza konpainia\",\"publisher\":{\"@id\":\"https:\/\/www.haatik.com\/eu\/#organization\"},\"potentialAction\":[{\"@type\":\"SearchAction\",\"target\":{\"@type\":\"EntryPoint\",\"urlTemplate\":\"https:\/\/www.haatik.com\/eu\/?s={search_term_string}\"},\"query-input\":{\"@type\":\"PropertyValueSpecification\",\"valueRequired\":true,\"valueName\":\"search_term_string\"}}],\"inLanguage\":\"es\"},{\"@type\":\"Organization\",\"@id\":\"https:\/\/www.haatik.com\/eu\/#organization\",\"name\":\"haatik\",\"url\":\"https:\/\/www.haatik.com\/eu\/\",\"logo\":{\"@type\":\"ImageObject\",\"inLanguage\":\"es\",\"@id\":\"https:\/\/www.haatik.com\/eu\/#\/schema\/logo\/image\/\",\"url\":\"https:\/\/www.haatik.com\/wp-content\/uploads\/logo_haatik_2016-01.png\",\"contentUrl\":\"https:\/\/www.haatik.com\/wp-content\/uploads\/logo_haatik_2016-01.png\",\"width\":1036,\"height\":493,\"caption\":\"haatik\"},\"image\":{\"@id\":\"https:\/\/www.haatik.com\/eu\/#\/schema\/logo\/image\/\"},\"sameAs\":[\"https:\/\/www.facebook.com\/HaatikDantzaKonpainia\/\",\"https:\/\/x.com\/Haatik_Dantza\",\"https:\/\/instagram.com\/haatikdantzakonpainia\"]}]}<\/script>\n<!-- \/ Yoast SEO plugin. -->","yoast_head_json":{"title":"Laia Santanch | haatik","robots":{"index":"index","follow":"follow","max-snippet":"max-snippet:-1","max-image-preview":"max-image-preview:large","max-video-preview":"max-video-preview:-1"},"canonical":"https:\/\/www.haatik.com\/es\/hik-dantza\/landu_es\/laia-santanch_es\/","og_locale":"es_ES","og_type":"article","og_title":"Laia Santanch | haatik","og_description":"Physical tools Propone una clase empezando con un calentamiento activo para preparar el cuerpo y poder llegar al final de [&hellip;]","og_url":"https:\/\/www.haatik.com\/es\/hik-dantza\/landu_es\/laia-santanch_es\/","og_site_name":"haatik","article_publisher":"https:\/\/www.facebook.com\/HaatikDantzaKonpainia\/","article_modified_time":"2020-11-07T19:04:10+00:00","og_image":[{"width":2346,"height":800,"url":"https:\/\/www.haatik.com\/wp-content\/uploads\/laia_WEB_HikDantzaLandu_2020.jpg","type":"image\/jpeg"}],"twitter_card":"summary_large_image","twitter_site":"@Haatik_Dantza","twitter_misc":{"Tiempo de lectura":"1 minuto"},"schema":{"@context":"https:\/\/schema.org","@graph":[{"@type":"WebPage","@id":"https:\/\/www.haatik.com\/es\/hik-dantza\/landu_es\/laia-santanch_es\/","url":"https:\/\/www.haatik.com\/es\/hik-dantza\/landu_es\/laia-santanch_es\/","name":"Laia Santanch | haatik","isPartOf":{"@id":"https:\/\/www.haatik.com\/eu\/#website"},"primaryImageOfPage":{"@id":"https:\/\/www.haatik.com\/es\/hik-dantza\/landu_es\/laia-santanch_es\/#primaryimage"},"image":{"@id":"https:\/\/www.haatik.com\/es\/hik-dantza\/landu_es\/laia-santanch_es\/#primaryimage"},"thumbnailUrl":"https:\/\/www.haatik.com\/wp-content\/uploads\/laia_WEB_HikDantzaLandu_2020.jpg","datePublished":"2020-07-29T07:43:57+00:00","dateModified":"2020-11-07T19:04:10+00:00","breadcrumb":{"@id":"https:\/\/www.haatik.com\/es\/hik-dantza\/landu_es\/laia-santanch_es\/#breadcrumb"},"inLanguage":"es","potentialAction":[{"@type":"ReadAction","target":["https:\/\/www.haatik.com\/es\/hik-dantza\/landu_es\/laia-santanch_es\/"]}]},{"@type":"ImageObject","inLanguage":"es","@id":"https:\/\/www.haatik.com\/es\/hik-dantza\/landu_es\/laia-santanch_es\/#primaryimage","url":"https:\/\/www.haatik.com\/wp-content\/uploads\/laia_WEB_HikDantzaLandu_2020.jpg","contentUrl":"https:\/\/www.haatik.com\/wp-content\/uploads\/laia_WEB_HikDantzaLandu_2020.jpg","width":2346,"height":800},{"@type":"BreadcrumbList","@id":"https:\/\/www.haatik.com\/es\/hik-dantza\/landu_es\/laia-santanch_es\/#breadcrumb","itemListElement":[{"@type":"ListItem","position":1,"name":"Home","item":"https:\/\/www.haatik.com\/es\/"},{"@type":"ListItem","position":2,"name":"HiK Dantza","item":"https:\/\/www.haatik.com\/es\/hik-dantza\/"},{"@type":"ListItem","position":3,"name":"Landu","item":"https:\/\/www.haatik.com\/es\/hik-dantza\/landu_es\/"},{"@type":"ListItem","position":4,"name":"Laia Santanch"}]},{"@type":"WebSite","@id":"https:\/\/www.haatik.com\/eu\/#website","url":"https:\/\/www.haatik.com\/eu\/","name":"haatik","description":"haatik dantza konpainia","publisher":{"@id":"https:\/\/www.haatik.com\/eu\/#organization"},"potentialAction":[{"@type":"SearchAction","target":{"@type":"EntryPoint","urlTemplate":"https:\/\/www.haatik.com\/eu\/?s={search_term_string}"},"query-input":{"@type":"PropertyValueSpecification","valueRequired":true,"valueName":"search_term_string"}}],"inLanguage":"es"},{"@type":"Organization","@id":"https:\/\/www.haatik.com\/eu\/#organization","name":"haatik","url":"https:\/\/www.haatik.com\/eu\/","logo":{"@type":"ImageObject","inLanguage":"es","@id":"https:\/\/www.haatik.com\/eu\/#\/schema\/logo\/image\/","url":"https:\/\/www.haatik.com\/wp-content\/uploads\/logo_haatik_2016-01.png","contentUrl":"https:\/\/www.haatik.com\/wp-content\/uploads\/logo_haatik_2016-01.png","width":1036,"height":493,"caption":"haatik"},"image":{"@id":"https:\/\/www.haatik.com\/eu\/#\/schema\/logo\/image\/"},"sameAs":["https:\/\/www.facebook.com\/HaatikDantzaKonpainia\/","https:\/\/x.com\/Haatik_Dantza","https:\/\/instagram.com\/haatikdantzakonpainia"]}]}},"_links":{"self":[{"href":"https:\/\/www.haatik.com\/es\/wp-json\/wp\/v2\/pages\/6173","targetHints":{"allow":["GET"]}}],"collection":[{"href":"https:\/\/www.haatik.com\/es\/wp-json\/wp\/v2\/pages"}],"about":[{"href":"https:\/\/www.haatik.com\/es\/wp-json\/wp\/v2\/types\/page"}],"author":[{"embeddable":true,"href":"https:\/\/www.haatik.com\/es\/wp-json\/wp\/v2\/users\/3"}],"replies":[{"embeddable":true,"href":"https:\/\/www.haatik.com\/es\/wp-json\/wp\/v2\/comments?post=6173"}],"version-history":[{"count":10,"href":"https:\/\/www.haatik.com\/es\/wp-json\/wp\/v2\/pages\/6173\/revisions"}],"predecessor-version":[{"id":6409,"href":"https:\/\/www.haatik.com\/es\/wp-json\/wp\/v2\/pages\/6173\/revisions\/6409"}],"up":[{"embeddable":true,"href":"https:\/\/www.haatik.com\/es\/wp-json\/wp\/v2\/pages\/6161"}],"wp:featuredmedia":[{"embeddable":true,"href":"https:\/\/www.haatik.com\/es\/wp-json\/wp\/v2\/media\/6096"}],"wp:attachment":[{"href":"https:\/\/www.haatik.com\/es\/wp-json\/wp\/v2\/media?parent=6173"}],"curies":[{"name":"wp","href":"https:\/\/api.w.org\/{rel}","templated":true}]}}