{"id":4467,"date":"2018-10-24T08:19:23","date_gmt":"2018-10-24T08:19:23","guid":{"rendered":"http:\/\/www.haatik.com\/laura-vilar\/"},"modified":"2020-11-07T18:51:07","modified_gmt":"2020-11-07T18:51:07","slug":"laura-vilar","status":"publish","type":"page","link":"https:\/\/www.haatik.com\/es\/laura-vilar\/","title":{"rendered":""},"content":{"rendered":"<p class=\"p1\"><em>\u00abMe gusta proponer una clase t\u00e9cnica de danza contempor\u00e1nea donde los alumnos est\u00e9n invitados a poner su atenci\u00f3n en las m\u00faltiples posibilidades que el cuerpo y el imaginario ofrecen.\u00a0<\/em><\/p>\n<p class=\"p1\"><em>Los elementos esenciales que tratamos tienen que ver con el uso del peso, la\u00a0fluidez, los cambios de energ\u00eda, el espacio, el volumen, el desequilibrio o la\u00a0espiral, siempre desde el placer del movimiento y la reflexi\u00f3n entorno a la capacidad comunicativa que tiene la danza.\u00bb<\/em><\/p>\n<div class=\"page\" title=\"Page 9\">\n<div class=\"section\">\n<div class=\"layoutArea\">\n<div class=\"column\">\n<p>&nbsp;<\/p>\n<\/div>\n<\/div>\n<\/div>\n<\/div>\n","protected":false},"excerpt":{"rendered":"<p>\u00abMe gusta proponer una clase t\u00e9cnica de danza contempor\u00e1nea donde los alumnos est\u00e9n invitados a poner su atenci\u00f3n en las [&hellip;]<\/p>\n","protected":false},"author":3,"featured_media":4464,"parent":0,"menu_order":0,"comment_status":"closed","ping_status":"closed","template":"","meta":{"_acf_changed":false,"footnotes":""},"class_list":["post-4467","page","type-page","status-publish","has-post-thumbnail","hentry"],"acf":[],"yoast_head":"<!-- This site is optimized with the Yoast SEO plugin v24.2 - https:\/\/yoast.com\/wordpress\/plugins\/seo\/ -->\n<title>| haatik<\/title>\n<meta name=\"robots\" content=\"index, follow, max-snippet:-1, max-image-preview:large, max-video-preview:-1\" \/>\n<link rel=\"canonical\" href=\"https:\/\/www.haatik.com\/es\/laura-vilar\/\" \/>\n<meta property=\"og:locale\" content=\"es_ES\" \/>\n<meta property=\"og:type\" content=\"article\" \/>\n<meta property=\"og:title\" content=\"| haatik\" \/>\n<meta property=\"og:description\" content=\"\u00abMe gusta proponer una clase t\u00e9cnica de danza contempor\u00e1nea donde los alumnos est\u00e9n invitados a poner su atenci\u00f3n en las [&hellip;]\" \/>\n<meta property=\"og:url\" content=\"https:\/\/www.haatik.com\/es\/laura-vilar\/\" \/>\n<meta property=\"og:site_name\" content=\"haatik\" \/>\n<meta property=\"article:publisher\" content=\"https:\/\/www.facebook.com\/HaatikDantzaKonpainia\/\" \/>\n<meta property=\"article:modified_time\" content=\"2020-11-07T18:51:07+00:00\" \/>\n<meta property=\"og:image\" content=\"https:\/\/www.haatik.com\/wp-content\/uploads\/img_laura_vilar.jpg\" \/>\n\t<meta property=\"og:image:width\" content=\"1920\" \/>\n\t<meta property=\"og:image:height\" content=\"623\" \/>\n\t<meta property=\"og:image:type\" content=\"image\/jpeg\" \/>\n<meta name=\"twitter:card\" content=\"summary_large_image\" \/>\n<meta name=\"twitter:site\" content=\"@Haatik_Dantza\" \/>\n<script type=\"application\/ld+json\" class=\"yoast-schema-graph\">{\"@context\":\"https:\/\/schema.org\",\"@graph\":[{\"@type\":\"WebPage\",\"@id\":\"https:\/\/www.haatik.com\/es\/laura-vilar\/\",\"url\":\"https:\/\/www.haatik.com\/es\/laura-vilar\/\",\"name\":\"| haatik\",\"isPartOf\":{\"@id\":\"https:\/\/www.haatik.com\/eu\/#website\"},\"primaryImageOfPage\":{\"@id\":\"https:\/\/www.haatik.com\/es\/laura-vilar\/#primaryimage\"},\"image\":{\"@id\":\"https:\/\/www.haatik.com\/es\/laura-vilar\/#primaryimage\"},\"thumbnailUrl\":\"https:\/\/www.haatik.com\/wp-content\/uploads\/img_laura_vilar.jpg\",\"datePublished\":\"2018-10-24T08:19:23+00:00\",\"dateModified\":\"2020-11-07T18:51:07+00:00\",\"inLanguage\":\"es\",\"potentialAction\":[{\"@type\":\"ReadAction\",\"target\":[\"https:\/\/www.haatik.com\/es\/laura-vilar\/\"]}]},{\"@type\":\"ImageObject\",\"inLanguage\":\"es\",\"@id\":\"https:\/\/www.haatik.com\/es\/laura-vilar\/#primaryimage\",\"url\":\"https:\/\/www.haatik.com\/wp-content\/uploads\/img_laura_vilar.jpg\",\"contentUrl\":\"https:\/\/www.haatik.com\/wp-content\/uploads\/img_laura_vilar.jpg\",\"width\":1920,\"height\":623},{\"@type\":\"WebSite\",\"@id\":\"https:\/\/www.haatik.com\/eu\/#website\",\"url\":\"https:\/\/www.haatik.com\/eu\/\",\"name\":\"haatik\",\"description\":\"haatik dantza konpainia\",\"publisher\":{\"@id\":\"https:\/\/www.haatik.com\/eu\/#organization\"},\"potentialAction\":[{\"@type\":\"SearchAction\",\"target\":{\"@type\":\"EntryPoint\",\"urlTemplate\":\"https:\/\/www.haatik.com\/eu\/?s={search_term_string}\"},\"query-input\":{\"@type\":\"PropertyValueSpecification\",\"valueRequired\":true,\"valueName\":\"search_term_string\"}}],\"inLanguage\":\"es\"},{\"@type\":\"Organization\",\"@id\":\"https:\/\/www.haatik.com\/eu\/#organization\",\"name\":\"haatik\",\"url\":\"https:\/\/www.haatik.com\/eu\/\",\"logo\":{\"@type\":\"ImageObject\",\"inLanguage\":\"es\",\"@id\":\"https:\/\/www.haatik.com\/eu\/#\/schema\/logo\/image\/\",\"url\":\"https:\/\/www.haatik.com\/wp-content\/uploads\/logo_haatik_2016-01.png\",\"contentUrl\":\"https:\/\/www.haatik.com\/wp-content\/uploads\/logo_haatik_2016-01.png\",\"width\":1036,\"height\":493,\"caption\":\"haatik\"},\"image\":{\"@id\":\"https:\/\/www.haatik.com\/eu\/#\/schema\/logo\/image\/\"},\"sameAs\":[\"https:\/\/www.facebook.com\/HaatikDantzaKonpainia\/\",\"https:\/\/x.com\/Haatik_Dantza\",\"https:\/\/instagram.com\/haatikdantzakonpainia\"]}]}<\/script>\n<!-- \/ Yoast SEO plugin. -->","yoast_head_json":{"title":"| haatik","robots":{"index":"index","follow":"follow","max-snippet":"max-snippet:-1","max-image-preview":"max-image-preview:large","max-video-preview":"max-video-preview:-1"},"canonical":"https:\/\/www.haatik.com\/es\/laura-vilar\/","og_locale":"es_ES","og_type":"article","og_title":"| haatik","og_description":"\u00abMe gusta proponer una clase t\u00e9cnica de danza contempor\u00e1nea donde los alumnos est\u00e9n invitados a poner su atenci\u00f3n en las [&hellip;]","og_url":"https:\/\/www.haatik.com\/es\/laura-vilar\/","og_site_name":"haatik","article_publisher":"https:\/\/www.facebook.com\/HaatikDantzaKonpainia\/","article_modified_time":"2020-11-07T18:51:07+00:00","og_image":[{"width":1920,"height":623,"url":"https:\/\/www.haatik.com\/wp-content\/uploads\/img_laura_vilar.jpg","type":"image\/jpeg"}],"twitter_card":"summary_large_image","twitter_site":"@Haatik_Dantza","schema":{"@context":"https:\/\/schema.org","@graph":[{"@type":"WebPage","@id":"https:\/\/www.haatik.com\/es\/laura-vilar\/","url":"https:\/\/www.haatik.com\/es\/laura-vilar\/","name":"| haatik","isPartOf":{"@id":"https:\/\/www.haatik.com\/eu\/#website"},"primaryImageOfPage":{"@id":"https:\/\/www.haatik.com\/es\/laura-vilar\/#primaryimage"},"image":{"@id":"https:\/\/www.haatik.com\/es\/laura-vilar\/#primaryimage"},"thumbnailUrl":"https:\/\/www.haatik.com\/wp-content\/uploads\/img_laura_vilar.jpg","datePublished":"2018-10-24T08:19:23+00:00","dateModified":"2020-11-07T18:51:07+00:00","inLanguage":"es","potentialAction":[{"@type":"ReadAction","target":["https:\/\/www.haatik.com\/es\/laura-vilar\/"]}]},{"@type":"ImageObject","inLanguage":"es","@id":"https:\/\/www.haatik.com\/es\/laura-vilar\/#primaryimage","url":"https:\/\/www.haatik.com\/wp-content\/uploads\/img_laura_vilar.jpg","contentUrl":"https:\/\/www.haatik.com\/wp-content\/uploads\/img_laura_vilar.jpg","width":1920,"height":623},{"@type":"WebSite","@id":"https:\/\/www.haatik.com\/eu\/#website","url":"https:\/\/www.haatik.com\/eu\/","name":"haatik","description":"haatik dantza konpainia","publisher":{"@id":"https:\/\/www.haatik.com\/eu\/#organization"},"potentialAction":[{"@type":"SearchAction","target":{"@type":"EntryPoint","urlTemplate":"https:\/\/www.haatik.com\/eu\/?s={search_term_string}"},"query-input":{"@type":"PropertyValueSpecification","valueRequired":true,"valueName":"search_term_string"}}],"inLanguage":"es"},{"@type":"Organization","@id":"https:\/\/www.haatik.com\/eu\/#organization","name":"haatik","url":"https:\/\/www.haatik.com\/eu\/","logo":{"@type":"ImageObject","inLanguage":"es","@id":"https:\/\/www.haatik.com\/eu\/#\/schema\/logo\/image\/","url":"https:\/\/www.haatik.com\/wp-content\/uploads\/logo_haatik_2016-01.png","contentUrl":"https:\/\/www.haatik.com\/wp-content\/uploads\/logo_haatik_2016-01.png","width":1036,"height":493,"caption":"haatik"},"image":{"@id":"https:\/\/www.haatik.com\/eu\/#\/schema\/logo\/image\/"},"sameAs":["https:\/\/www.facebook.com\/HaatikDantzaKonpainia\/","https:\/\/x.com\/Haatik_Dantza","https:\/\/instagram.com\/haatikdantzakonpainia"]}]}},"_links":{"self":[{"href":"https:\/\/www.haatik.com\/es\/wp-json\/wp\/v2\/pages\/4467","targetHints":{"allow":["GET"]}}],"collection":[{"href":"https:\/\/www.haatik.com\/es\/wp-json\/wp\/v2\/pages"}],"about":[{"href":"https:\/\/www.haatik.com\/es\/wp-json\/wp\/v2\/types\/page"}],"author":[{"embeddable":true,"href":"https:\/\/www.haatik.com\/es\/wp-json\/wp\/v2\/users\/3"}],"replies":[{"embeddable":true,"href":"https:\/\/www.haatik.com\/es\/wp-json\/wp\/v2\/comments?post=4467"}],"version-history":[{"count":5,"href":"https:\/\/www.haatik.com\/es\/wp-json\/wp\/v2\/pages\/4467\/revisions"}],"predecessor-version":[{"id":6401,"href":"https:\/\/www.haatik.com\/es\/wp-json\/wp\/v2\/pages\/4467\/revisions\/6401"}],"wp:featuredmedia":[{"embeddable":true,"href":"https:\/\/www.haatik.com\/es\/wp-json\/wp\/v2\/media\/4464"}],"wp:attachment":[{"href":"https:\/\/www.haatik.com\/es\/wp-json\/wp\/v2\/media?parent=4467"}],"curies":[{"name":"wp","href":"https:\/\/api.w.org\/{rel}","templated":true}]}}