{"id":4372,"date":"2018-09-16T20:51:04","date_gmt":"2018-09-16T20:51:04","guid":{"rendered":"http:\/\/www.haatik.com\/abhilashningappa\/"},"modified":"2020-11-07T18:40:20","modified_gmt":"2020-11-07T18:40:20","slug":"abhilashningappa","status":"publish","type":"page","link":"https:\/\/www.haatik.com\/es\/abhilashningappa\/","title":{"rendered":""},"content":{"rendered":"<div title=\"Page 1\"><\/div>\n<div title=\"Page 1\"><strong>El taller se centr\u00f3 en el trabajo de improvisaci\u00f3n y en fundamentos como la respiraci\u00f3n,\u00a0 la velocidad y la energ\u00eda, que implican la estructura del n\u00facleo del cuerpo influenciados por diferentes m\u00e9todos de Payattu Kalari y otras artes marciales combinadas, centr\u00e1ndose principalmente en la relaci\u00f3n de los bailarines con el espacio y con su entorno.<\/strong><\/div>\n","protected":false},"excerpt":{"rendered":"<p>El taller se centr\u00f3 en el trabajo de improvisaci\u00f3n y en fundamentos como la respiraci\u00f3n,\u00a0 la velocidad y la energ\u00eda, [&hellip;]<\/p>\n","protected":false},"author":3,"featured_media":4351,"parent":0,"menu_order":0,"comment_status":"closed","ping_status":"closed","template":"","meta":{"_acf_changed":false,"footnotes":""},"class_list":["post-4372","page","type-page","status-publish","has-post-thumbnail","hentry"],"acf":[],"yoast_head":"<!-- This site is optimized with the Yoast SEO plugin v24.2 - https:\/\/yoast.com\/wordpress\/plugins\/seo\/ -->\n<title>| haatik<\/title>\n<meta name=\"robots\" content=\"index, follow, max-snippet:-1, max-image-preview:large, max-video-preview:-1\" \/>\n<link rel=\"canonical\" href=\"https:\/\/www.haatik.com\/es\/abhilashningappa\/\" \/>\n<meta property=\"og:locale\" content=\"es_ES\" \/>\n<meta property=\"og:type\" content=\"article\" \/>\n<meta property=\"og:title\" content=\"| haatik\" \/>\n<meta property=\"og:description\" content=\"El taller se centr\u00f3 en el trabajo de improvisaci\u00f3n y en fundamentos como la respiraci\u00f3n,\u00a0 la velocidad y la energ\u00eda, [&hellip;]\" \/>\n<meta property=\"og:url\" content=\"https:\/\/www.haatik.com\/es\/abhilashningappa\/\" \/>\n<meta property=\"og:site_name\" content=\"haatik\" \/>\n<meta property=\"article:publisher\" content=\"https:\/\/www.facebook.com\/HaatikDantzaKonpainia\/\" \/>\n<meta property=\"article:modified_time\" content=\"2020-11-07T18:40:20+00:00\" \/>\n<meta property=\"og:image\" content=\"https:\/\/www.haatik.com\/wp-content\/uploads\/img_abhilash_2.jpg\" \/>\n\t<meta property=\"og:image:width\" content=\"1920\" \/>\n\t<meta property=\"og:image:height\" content=\"623\" \/>\n\t<meta property=\"og:image:type\" content=\"image\/jpeg\" \/>\n<meta name=\"twitter:card\" content=\"summary_large_image\" \/>\n<meta name=\"twitter:site\" content=\"@Haatik_Dantza\" \/>\n<script type=\"application\/ld+json\" class=\"yoast-schema-graph\">{\"@context\":\"https:\/\/schema.org\",\"@graph\":[{\"@type\":\"WebPage\",\"@id\":\"https:\/\/www.haatik.com\/es\/abhilashningappa\/\",\"url\":\"https:\/\/www.haatik.com\/es\/abhilashningappa\/\",\"name\":\"| haatik\",\"isPartOf\":{\"@id\":\"https:\/\/www.haatik.com\/eu\/#website\"},\"primaryImageOfPage\":{\"@id\":\"https:\/\/www.haatik.com\/es\/abhilashningappa\/#primaryimage\"},\"image\":{\"@id\":\"https:\/\/www.haatik.com\/es\/abhilashningappa\/#primaryimage\"},\"thumbnailUrl\":\"https:\/\/www.haatik.com\/wp-content\/uploads\/img_abhilash_2.jpg\",\"datePublished\":\"2018-09-16T20:51:04+00:00\",\"dateModified\":\"2020-11-07T18:40:20+00:00\",\"inLanguage\":\"es\",\"potentialAction\":[{\"@type\":\"ReadAction\",\"target\":[\"https:\/\/www.haatik.com\/es\/abhilashningappa\/\"]}]},{\"@type\":\"ImageObject\",\"inLanguage\":\"es\",\"@id\":\"https:\/\/www.haatik.com\/es\/abhilashningappa\/#primaryimage\",\"url\":\"https:\/\/www.haatik.com\/wp-content\/uploads\/img_abhilash_2.jpg\",\"contentUrl\":\"https:\/\/www.haatik.com\/wp-content\/uploads\/img_abhilash_2.jpg\",\"width\":1920,\"height\":623,\"caption\":\"Hik, Dantza, Haatik, formazio, sensibilizazio, zabalkunderako, egitasmoa, euskal herria\"},{\"@type\":\"WebSite\",\"@id\":\"https:\/\/www.haatik.com\/eu\/#website\",\"url\":\"https:\/\/www.haatik.com\/eu\/\",\"name\":\"haatik\",\"description\":\"haatik dantza konpainia\",\"publisher\":{\"@id\":\"https:\/\/www.haatik.com\/eu\/#organization\"},\"potentialAction\":[{\"@type\":\"SearchAction\",\"target\":{\"@type\":\"EntryPoint\",\"urlTemplate\":\"https:\/\/www.haatik.com\/eu\/?s={search_term_string}\"},\"query-input\":{\"@type\":\"PropertyValueSpecification\",\"valueRequired\":true,\"valueName\":\"search_term_string\"}}],\"inLanguage\":\"es\"},{\"@type\":\"Organization\",\"@id\":\"https:\/\/www.haatik.com\/eu\/#organization\",\"name\":\"haatik\",\"url\":\"https:\/\/www.haatik.com\/eu\/\",\"logo\":{\"@type\":\"ImageObject\",\"inLanguage\":\"es\",\"@id\":\"https:\/\/www.haatik.com\/eu\/#\/schema\/logo\/image\/\",\"url\":\"https:\/\/www.haatik.com\/wp-content\/uploads\/logo_haatik_2016-01.png\",\"contentUrl\":\"https:\/\/www.haatik.com\/wp-content\/uploads\/logo_haatik_2016-01.png\",\"width\":1036,\"height\":493,\"caption\":\"haatik\"},\"image\":{\"@id\":\"https:\/\/www.haatik.com\/eu\/#\/schema\/logo\/image\/\"},\"sameAs\":[\"https:\/\/www.facebook.com\/HaatikDantzaKonpainia\/\",\"https:\/\/x.com\/Haatik_Dantza\",\"https:\/\/instagram.com\/haatikdantzakonpainia\"]}]}<\/script>\n<!-- \/ Yoast SEO plugin. -->","yoast_head_json":{"title":"| haatik","robots":{"index":"index","follow":"follow","max-snippet":"max-snippet:-1","max-image-preview":"max-image-preview:large","max-video-preview":"max-video-preview:-1"},"canonical":"https:\/\/www.haatik.com\/es\/abhilashningappa\/","og_locale":"es_ES","og_type":"article","og_title":"| haatik","og_description":"El taller se centr\u00f3 en el trabajo de improvisaci\u00f3n y en fundamentos como la respiraci\u00f3n,\u00a0 la velocidad y la energ\u00eda, [&hellip;]","og_url":"https:\/\/www.haatik.com\/es\/abhilashningappa\/","og_site_name":"haatik","article_publisher":"https:\/\/www.facebook.com\/HaatikDantzaKonpainia\/","article_modified_time":"2020-11-07T18:40:20+00:00","og_image":[{"width":1920,"height":623,"url":"https:\/\/www.haatik.com\/wp-content\/uploads\/img_abhilash_2.jpg","type":"image\/jpeg"}],"twitter_card":"summary_large_image","twitter_site":"@Haatik_Dantza","schema":{"@context":"https:\/\/schema.org","@graph":[{"@type":"WebPage","@id":"https:\/\/www.haatik.com\/es\/abhilashningappa\/","url":"https:\/\/www.haatik.com\/es\/abhilashningappa\/","name":"| haatik","isPartOf":{"@id":"https:\/\/www.haatik.com\/eu\/#website"},"primaryImageOfPage":{"@id":"https:\/\/www.haatik.com\/es\/abhilashningappa\/#primaryimage"},"image":{"@id":"https:\/\/www.haatik.com\/es\/abhilashningappa\/#primaryimage"},"thumbnailUrl":"https:\/\/www.haatik.com\/wp-content\/uploads\/img_abhilash_2.jpg","datePublished":"2018-09-16T20:51:04+00:00","dateModified":"2020-11-07T18:40:20+00:00","inLanguage":"es","potentialAction":[{"@type":"ReadAction","target":["https:\/\/www.haatik.com\/es\/abhilashningappa\/"]}]},{"@type":"ImageObject","inLanguage":"es","@id":"https:\/\/www.haatik.com\/es\/abhilashningappa\/#primaryimage","url":"https:\/\/www.haatik.com\/wp-content\/uploads\/img_abhilash_2.jpg","contentUrl":"https:\/\/www.haatik.com\/wp-content\/uploads\/img_abhilash_2.jpg","width":1920,"height":623,"caption":"Hik, Dantza, Haatik, formazio, sensibilizazio, zabalkunderako, egitasmoa, euskal herria"},{"@type":"WebSite","@id":"https:\/\/www.haatik.com\/eu\/#website","url":"https:\/\/www.haatik.com\/eu\/","name":"haatik","description":"haatik dantza konpainia","publisher":{"@id":"https:\/\/www.haatik.com\/eu\/#organization"},"potentialAction":[{"@type":"SearchAction","target":{"@type":"EntryPoint","urlTemplate":"https:\/\/www.haatik.com\/eu\/?s={search_term_string}"},"query-input":{"@type":"PropertyValueSpecification","valueRequired":true,"valueName":"search_term_string"}}],"inLanguage":"es"},{"@type":"Organization","@id":"https:\/\/www.haatik.com\/eu\/#organization","name":"haatik","url":"https:\/\/www.haatik.com\/eu\/","logo":{"@type":"ImageObject","inLanguage":"es","@id":"https:\/\/www.haatik.com\/eu\/#\/schema\/logo\/image\/","url":"https:\/\/www.haatik.com\/wp-content\/uploads\/logo_haatik_2016-01.png","contentUrl":"https:\/\/www.haatik.com\/wp-content\/uploads\/logo_haatik_2016-01.png","width":1036,"height":493,"caption":"haatik"},"image":{"@id":"https:\/\/www.haatik.com\/eu\/#\/schema\/logo\/image\/"},"sameAs":["https:\/\/www.facebook.com\/HaatikDantzaKonpainia\/","https:\/\/x.com\/Haatik_Dantza","https:\/\/instagram.com\/haatikdantzakonpainia"]}]}},"_links":{"self":[{"href":"https:\/\/www.haatik.com\/es\/wp-json\/wp\/v2\/pages\/4372","targetHints":{"allow":["GET"]}}],"collection":[{"href":"https:\/\/www.haatik.com\/es\/wp-json\/wp\/v2\/pages"}],"about":[{"href":"https:\/\/www.haatik.com\/es\/wp-json\/wp\/v2\/types\/page"}],"author":[{"embeddable":true,"href":"https:\/\/www.haatik.com\/es\/wp-json\/wp\/v2\/users\/3"}],"replies":[{"embeddable":true,"href":"https:\/\/www.haatik.com\/es\/wp-json\/wp\/v2\/comments?post=4372"}],"version-history":[{"count":11,"href":"https:\/\/www.haatik.com\/es\/wp-json\/wp\/v2\/pages\/4372\/revisions"}],"predecessor-version":[{"id":6393,"href":"https:\/\/www.haatik.com\/es\/wp-json\/wp\/v2\/pages\/4372\/revisions\/6393"}],"wp:featuredmedia":[{"embeddable":true,"href":"https:\/\/www.haatik.com\/es\/wp-json\/wp\/v2\/media\/4351"}],"wp:attachment":[{"href":"https:\/\/www.haatik.com\/es\/wp-json\/wp\/v2\/media?parent=4372"}],"curies":[{"name":"wp","href":"https:\/\/api.w.org\/{rel}","templated":true}]}}