{"id":4283,"date":"2018-06-14T06:47:42","date_gmt":"2018-06-14T06:47:42","guid":{"rendered":"http:\/\/www.haatik.com\/hik-dantza\/"},"modified":"2025-06-26T09:25:11","modified_gmt":"2025-06-26T09:25:11","slug":"hik-dantza","status":"publish","type":"page","link":"https:\/\/www.haatik.com\/es\/hik-dantza\/","title":{"rendered":"HiK Dantza"},"content":{"rendered":"<h2 style=\"text-align: center;\">DESCUBRE, APRENDE, SIENTE&#8230;<span style=\"color: #ffffff;\">.<\/span><\/h2>\n<h5 style=\"text-align: center;\"><span style=\"color: #ffffff;\">\u00a0.<\/span><\/h5>\n<h1 style=\"text-align: center;\"><strong>Plan para la formaci\u00f3n, sensibilizaci\u00f3n y difusi\u00f3n de la danza.<\/strong><\/h1>\n<p>&nbsp;<\/p>\n<p>&nbsp;<\/p>\n","protected":false},"excerpt":{"rendered":"<p>DESCUBRE, APRENDE, SIENTE&#8230;. \u00a0. Plan para la formaci\u00f3n, sensibilizaci\u00f3n y difusi\u00f3n de la danza. &nbsp; &nbsp;<\/p>\n","protected":false},"author":3,"featured_media":11114,"parent":0,"menu_order":0,"comment_status":"closed","ping_status":"closed","template":"","meta":{"_acf_changed":false,"footnotes":""},"class_list":["post-4283","page","type-page","status-publish","has-post-thumbnail","hentry"],"acf":[],"yoast_head":"<!-- This site is optimized with the Yoast SEO plugin v24.2 - https:\/\/yoast.com\/wordpress\/plugins\/seo\/ -->\n<title>haatik I (H)ik dantza<\/title>\n<meta name=\"description\" content=\"EZAGUTU, SENTITU, IKASI, LANDU, ZABALDU... Dantzaren formazio, sentsibilizazio eta zabalkunderako egitasmoa.\" \/>\n<meta name=\"robots\" content=\"index, follow, max-snippet:-1, max-image-preview:large, max-video-preview:-1\" \/>\n<link rel=\"canonical\" href=\"https:\/\/www.haatik.com\/es\/hik-dantza\/\" \/>\n<meta property=\"og:locale\" content=\"es_ES\" \/>\n<meta property=\"og:type\" content=\"article\" \/>\n<meta property=\"og:title\" content=\"haatik I (H)ik dantza\" \/>\n<meta property=\"og:description\" content=\"EZAGUTU, SENTITU, IKASI, LANDU, ZABALDU... Dantzaren formazio, sentsibilizazio eta zabalkunderako egitasmoa.\" \/>\n<meta property=\"og:url\" content=\"https:\/\/www.haatik.com\/es\/hik-dantza\/\" \/>\n<meta property=\"og:site_name\" content=\"haatik\" \/>\n<meta property=\"article:publisher\" content=\"https:\/\/www.facebook.com\/HaatikDantzaKonpainia\/\" \/>\n<meta property=\"article:modified_time\" content=\"2025-06-26T09:25:11+00:00\" \/>\n<meta property=\"og:image\" content=\"http:\/\/www.haatik.com\/wp-content\/uploads\/Captura-de-pantalla-2018-07-09-a-las-12.11.38.png\" \/>\n<meta name=\"twitter:card\" content=\"summary_large_image\" \/>\n<meta name=\"twitter:title\" content=\"haatik I (H)ik dantza\" \/>\n<meta name=\"twitter:description\" content=\"EZAGUTU, SENTITU, IKASI, LANDU, ZABALDU... Dantzaren formazio, sentsibilizazio eta zabalkunderako egitasmoa.\" \/>\n<meta name=\"twitter:image\" content=\"http:\/\/www.haatik.com\/wp-content\/uploads\/Captura-de-pantalla-2018-07-09-a-las-12.11.38.png\" \/>\n<meta name=\"twitter:site\" content=\"@Haatik_Dantza\" \/>\n<meta name=\"twitter:label1\" content=\"Tiempo de lectura\" \/>\n\t<meta name=\"twitter:data1\" content=\"1 minuto\" \/>\n<script type=\"application\/ld+json\" class=\"yoast-schema-graph\">{\"@context\":\"https:\/\/schema.org\",\"@graph\":[{\"@type\":\"WebPage\",\"@id\":\"https:\/\/www.haatik.com\/es\/hik-dantza\/\",\"url\":\"https:\/\/www.haatik.com\/es\/hik-dantza\/\",\"name\":\"haatik I (H)ik dantza\",\"isPartOf\":{\"@id\":\"https:\/\/www.haatik.com\/eu\/#website\"},\"primaryImageOfPage\":{\"@id\":\"https:\/\/www.haatik.com\/es\/hik-dantza\/#primaryimage\"},\"image\":{\"@id\":\"https:\/\/www.haatik.com\/es\/hik-dantza\/#primaryimage\"},\"thumbnailUrl\":\"https:\/\/www.haatik.com\/wp-content\/uploads\/HIKdantza.jpg\",\"datePublished\":\"2018-06-14T06:47:42+00:00\",\"dateModified\":\"2025-06-26T09:25:11+00:00\",\"description\":\"EZAGUTU, SENTITU, IKASI, LANDU, ZABALDU... Dantzaren formazio, sentsibilizazio eta zabalkunderako egitasmoa.\",\"breadcrumb\":{\"@id\":\"https:\/\/www.haatik.com\/es\/hik-dantza\/#breadcrumb\"},\"inLanguage\":\"es\",\"potentialAction\":[{\"@type\":\"ReadAction\",\"target\":[\"https:\/\/www.haatik.com\/es\/hik-dantza\/\"]}]},{\"@type\":\"ImageObject\",\"inLanguage\":\"es\",\"@id\":\"https:\/\/www.haatik.com\/es\/hik-dantza\/#primaryimage\",\"url\":\"https:\/\/www.haatik.com\/wp-content\/uploads\/HIKdantza.jpg\",\"contentUrl\":\"https:\/\/www.haatik.com\/wp-content\/uploads\/HIKdantza.jpg\",\"width\":1920,\"height\":623},{\"@type\":\"BreadcrumbList\",\"@id\":\"https:\/\/www.haatik.com\/es\/hik-dantza\/#breadcrumb\",\"itemListElement\":[{\"@type\":\"ListItem\",\"position\":1,\"name\":\"Home\",\"item\":\"https:\/\/www.haatik.com\/es\/\"},{\"@type\":\"ListItem\",\"position\":2,\"name\":\"HiK Dantza\"}]},{\"@type\":\"WebSite\",\"@id\":\"https:\/\/www.haatik.com\/eu\/#website\",\"url\":\"https:\/\/www.haatik.com\/eu\/\",\"name\":\"haatik\",\"description\":\"haatik dantza konpainia\",\"publisher\":{\"@id\":\"https:\/\/www.haatik.com\/eu\/#organization\"},\"potentialAction\":[{\"@type\":\"SearchAction\",\"target\":{\"@type\":\"EntryPoint\",\"urlTemplate\":\"https:\/\/www.haatik.com\/eu\/?s={search_term_string}\"},\"query-input\":{\"@type\":\"PropertyValueSpecification\",\"valueRequired\":true,\"valueName\":\"search_term_string\"}}],\"inLanguage\":\"es\"},{\"@type\":\"Organization\",\"@id\":\"https:\/\/www.haatik.com\/eu\/#organization\",\"name\":\"haatik\",\"url\":\"https:\/\/www.haatik.com\/eu\/\",\"logo\":{\"@type\":\"ImageObject\",\"inLanguage\":\"es\",\"@id\":\"https:\/\/www.haatik.com\/eu\/#\/schema\/logo\/image\/\",\"url\":\"https:\/\/www.haatik.com\/wp-content\/uploads\/logo_haatik_2016-01.png\",\"contentUrl\":\"https:\/\/www.haatik.com\/wp-content\/uploads\/logo_haatik_2016-01.png\",\"width\":1036,\"height\":493,\"caption\":\"haatik\"},\"image\":{\"@id\":\"https:\/\/www.haatik.com\/eu\/#\/schema\/logo\/image\/\"},\"sameAs\":[\"https:\/\/www.facebook.com\/HaatikDantzaKonpainia\/\",\"https:\/\/x.com\/Haatik_Dantza\",\"https:\/\/instagram.com\/haatikdantzakonpainia\"]}]}<\/script>\n<!-- \/ Yoast SEO plugin. -->","yoast_head_json":{"title":"haatik I (H)ik dantza","description":"EZAGUTU, SENTITU, IKASI, LANDU, ZABALDU... Dantzaren formazio, sentsibilizazio eta zabalkunderako egitasmoa.","robots":{"index":"index","follow":"follow","max-snippet":"max-snippet:-1","max-image-preview":"max-image-preview:large","max-video-preview":"max-video-preview:-1"},"canonical":"https:\/\/www.haatik.com\/es\/hik-dantza\/","og_locale":"es_ES","og_type":"article","og_title":"haatik I (H)ik dantza","og_description":"EZAGUTU, SENTITU, IKASI, LANDU, ZABALDU... Dantzaren formazio, sentsibilizazio eta zabalkunderako egitasmoa.","og_url":"https:\/\/www.haatik.com\/es\/hik-dantza\/","og_site_name":"haatik","article_publisher":"https:\/\/www.facebook.com\/HaatikDantzaKonpainia\/","article_modified_time":"2025-06-26T09:25:11+00:00","og_image":[{"url":"http:\/\/www.haatik.com\/wp-content\/uploads\/Captura-de-pantalla-2018-07-09-a-las-12.11.38.png","type":"","width":"","height":""}],"twitter_card":"summary_large_image","twitter_title":"haatik I (H)ik dantza","twitter_description":"EZAGUTU, SENTITU, IKASI, LANDU, ZABALDU... Dantzaren formazio, sentsibilizazio eta zabalkunderako egitasmoa.","twitter_image":"http:\/\/www.haatik.com\/wp-content\/uploads\/Captura-de-pantalla-2018-07-09-a-las-12.11.38.png","twitter_site":"@Haatik_Dantza","twitter_misc":{"Tiempo de lectura":"1 minuto"},"schema":{"@context":"https:\/\/schema.org","@graph":[{"@type":"WebPage","@id":"https:\/\/www.haatik.com\/es\/hik-dantza\/","url":"https:\/\/www.haatik.com\/es\/hik-dantza\/","name":"haatik I (H)ik dantza","isPartOf":{"@id":"https:\/\/www.haatik.com\/eu\/#website"},"primaryImageOfPage":{"@id":"https:\/\/www.haatik.com\/es\/hik-dantza\/#primaryimage"},"image":{"@id":"https:\/\/www.haatik.com\/es\/hik-dantza\/#primaryimage"},"thumbnailUrl":"https:\/\/www.haatik.com\/wp-content\/uploads\/HIKdantza.jpg","datePublished":"2018-06-14T06:47:42+00:00","dateModified":"2025-06-26T09:25:11+00:00","description":"EZAGUTU, SENTITU, IKASI, LANDU, ZABALDU... Dantzaren formazio, sentsibilizazio eta zabalkunderako egitasmoa.","breadcrumb":{"@id":"https:\/\/www.haatik.com\/es\/hik-dantza\/#breadcrumb"},"inLanguage":"es","potentialAction":[{"@type":"ReadAction","target":["https:\/\/www.haatik.com\/es\/hik-dantza\/"]}]},{"@type":"ImageObject","inLanguage":"es","@id":"https:\/\/www.haatik.com\/es\/hik-dantza\/#primaryimage","url":"https:\/\/www.haatik.com\/wp-content\/uploads\/HIKdantza.jpg","contentUrl":"https:\/\/www.haatik.com\/wp-content\/uploads\/HIKdantza.jpg","width":1920,"height":623},{"@type":"BreadcrumbList","@id":"https:\/\/www.haatik.com\/es\/hik-dantza\/#breadcrumb","itemListElement":[{"@type":"ListItem","position":1,"name":"Home","item":"https:\/\/www.haatik.com\/es\/"},{"@type":"ListItem","position":2,"name":"HiK Dantza"}]},{"@type":"WebSite","@id":"https:\/\/www.haatik.com\/eu\/#website","url":"https:\/\/www.haatik.com\/eu\/","name":"haatik","description":"haatik dantza konpainia","publisher":{"@id":"https:\/\/www.haatik.com\/eu\/#organization"},"potentialAction":[{"@type":"SearchAction","target":{"@type":"EntryPoint","urlTemplate":"https:\/\/www.haatik.com\/eu\/?s={search_term_string}"},"query-input":{"@type":"PropertyValueSpecification","valueRequired":true,"valueName":"search_term_string"}}],"inLanguage":"es"},{"@type":"Organization","@id":"https:\/\/www.haatik.com\/eu\/#organization","name":"haatik","url":"https:\/\/www.haatik.com\/eu\/","logo":{"@type":"ImageObject","inLanguage":"es","@id":"https:\/\/www.haatik.com\/eu\/#\/schema\/logo\/image\/","url":"https:\/\/www.haatik.com\/wp-content\/uploads\/logo_haatik_2016-01.png","contentUrl":"https:\/\/www.haatik.com\/wp-content\/uploads\/logo_haatik_2016-01.png","width":1036,"height":493,"caption":"haatik"},"image":{"@id":"https:\/\/www.haatik.com\/eu\/#\/schema\/logo\/image\/"},"sameAs":["https:\/\/www.facebook.com\/HaatikDantzaKonpainia\/","https:\/\/x.com\/Haatik_Dantza","https:\/\/instagram.com\/haatikdantzakonpainia"]}]}},"_links":{"self":[{"href":"https:\/\/www.haatik.com\/es\/wp-json\/wp\/v2\/pages\/4283","targetHints":{"allow":["GET"]}}],"collection":[{"href":"https:\/\/www.haatik.com\/es\/wp-json\/wp\/v2\/pages"}],"about":[{"href":"https:\/\/www.haatik.com\/es\/wp-json\/wp\/v2\/types\/page"}],"author":[{"embeddable":true,"href":"https:\/\/www.haatik.com\/es\/wp-json\/wp\/v2\/users\/3"}],"replies":[{"embeddable":true,"href":"https:\/\/www.haatik.com\/es\/wp-json\/wp\/v2\/comments?post=4283"}],"version-history":[{"count":67,"href":"https:\/\/www.haatik.com\/es\/wp-json\/wp\/v2\/pages\/4283\/revisions"}],"predecessor-version":[{"id":12736,"href":"https:\/\/www.haatik.com\/es\/wp-json\/wp\/v2\/pages\/4283\/revisions\/12736"}],"wp:featuredmedia":[{"embeddable":true,"href":"https:\/\/www.haatik.com\/es\/wp-json\/wp\/v2\/media\/11114"}],"wp:attachment":[{"href":"https:\/\/www.haatik.com\/es\/wp-json\/wp\/v2\/media?parent=4283"}],"curies":[{"name":"wp","href":"https:\/\/api.w.org\/{rel}","templated":true}]}}