{"id":3487,"date":"2017-02-24T22:57:56","date_gmt":"2017-02-24T22:57:56","guid":{"rendered":"http:\/\/www.haatik.com\/konpainia\/"},"modified":"2024-12-20T17:04:39","modified_gmt":"2024-12-20T17:04:39","slug":"konpainia","status":"publish","type":"page","link":"https:\/\/www.haatik.com\/es\/konpainia\/","title":{"rendered":"COMPA\u00d1\u00cdA"},"content":{"rendered":"<p><strong>Haatik Dantza Konpainiak<\/strong> fue fundada en 2011 por <strong>Aiert Beobide Ega\u00f1a<\/strong>, con el objetivo de aportar una perspectiva nueva y diversa al mundo de la danza. A lo largo de estos a\u00f1os, la compa\u00f1\u00eda ha trabajado distintos estilos, fusionando la elegancia de las danzas cl\u00e1sicas con la expresividad de la danza contempor\u00e1nea, siempre preservando y celebrando <strong>la esencia de las danzas vascas.<\/strong><\/p>\n<p><strong>El euskara y la cultura vasca<\/strong> son la base de la identidad de Haatik Dantza Konpainia. Nuestros trabajos construyen puentes entre las ra\u00edces y los lenguajes contempor\u00e1neos, <strong>uniendo tradici\u00f3n e innovaci\u00f3n<\/strong> para ofrecer al p\u00fablico una experiencia art\u00edstica \u00fanica. En nuestras creaciones, la danza se convierte en un lenguaje universal, siendo la principal herramienta para emocionar al p\u00fablico y contar historias a trav\u00e9s del movimiento.<\/p>\n<p>Los espect\u00e1culos que hemos presentado en escenarios nacionales e internacionales reflejan nuestra filosof\u00eda: fusionar tradici\u00f3n e innovaci\u00f3n, inspirar a la audiencia y explorar el arte de la danza de nuevas maneras. Hemos ofrecido actuaciones en la <strong>pen\u00ednsula ib\u00e9rica, en las Islas Canarias, en Francia y tambi\u00e9n en Portugal<\/strong>. Nuestros \u00faltimos trabajos han logrado cinco <strong>nominaciones en los Premios Max<\/strong> y han sido seleccionados en la red de festivales de danza contempor\u00e1nea <strong>ACIELOABIERTO<\/strong>.<\/p>\n<p>A trav\u00e9s del programa <strong>HIK DANTZA<\/strong>, promovemos el trabajo en equipo, la disciplina art\u00edstica, la inclusividad y la constante evoluci\u00f3n de la danza, acerc\u00e1ndola a la sociedad y atendiendo las<strong> necesidades del sector de las artes esc\u00e9nicas<\/strong>. En este proyecto, trabajamos en diferentes l\u00edneas de formaci\u00f3n, sensibilizaci\u00f3n y divulgaci\u00f3n de la danza, fortaleciendo la comunidad art\u00edstica y expandiendo la presencia de la danza.<\/p>\n","protected":false},"excerpt":{"rendered":"<p>Haatik Dantza Konpainiak fue fundada en 2011 por Aiert Beobide Ega\u00f1a, con el objetivo de aportar una perspectiva nueva y [&hellip;]<\/p>\n","protected":false},"author":1,"featured_media":11774,"parent":0,"menu_order":0,"comment_status":"closed","ping_status":"closed","template":"","meta":{"_acf_changed":false,"footnotes":""},"class_list":["post-3487","page","type-page","status-publish","has-post-thumbnail","hentry"],"acf":[],"yoast_head":"<!-- This site is optimized with the Yoast SEO plugin v24.2 - https:\/\/yoast.com\/wordpress\/plugins\/seo\/ -->\n<title>Haatik Dantza Konpainia I Euskal Dantza Garaikidea<\/title>\n<meta name=\"description\" content=\"2011. urtetik, Dantza konpainia gipuzkoarrak sorkuntza propioetan lan egiteaz gain, hainbat sortzaileekin elkarlanean aritzen da. Haatik Dantza Konpainia\" \/>\n<meta name=\"robots\" content=\"index, follow, max-snippet:-1, max-image-preview:large, max-video-preview:-1\" \/>\n<link rel=\"canonical\" href=\"https:\/\/www.haatik.com\/eu\/konpainia\/\" \/>\n<meta property=\"og:locale\" content=\"es_ES\" \/>\n<meta property=\"og:type\" content=\"article\" \/>\n<meta property=\"og:title\" content=\"Haatik Dantza Konpainia I Euskal Dantza Garaikidea\" \/>\n<meta property=\"og:description\" content=\"2011. urtetik, Dantza konpainia gipuzkoarrak sorkuntza propioetan lan egiteaz gain, hainbat sortzaileekin elkarlanean aritzen da. Haatik Dantza Konpainia\" \/>\n<meta property=\"og:url\" content=\"https:\/\/www.haatik.com\/eu\/konpainia\/\" \/>\n<meta property=\"og:site_name\" content=\"haatik\" \/>\n<meta property=\"article:publisher\" content=\"https:\/\/www.facebook.com\/HaatikDantzaKonpainia\/\" \/>\n<meta property=\"article:modified_time\" content=\"2024-12-20T17:04:39+00:00\" \/>\n<meta property=\"og:image\" content=\"https:\/\/www.haatik.com\/wp-content\/uploads\/463058115_1074187327968514_5558928018995265853_n.jpg\" \/>\n\t<meta property=\"og:image:width\" content=\"1334\" \/>\n\t<meta property=\"og:image:height\" content=\"750\" \/>\n\t<meta property=\"og:image:type\" content=\"image\/jpeg\" \/>\n<meta name=\"twitter:card\" content=\"summary_large_image\" \/>\n<meta name=\"twitter:site\" content=\"@Haatik_Dantza\" \/>\n<meta name=\"twitter:label1\" content=\"Tiempo de lectura\" \/>\n\t<meta name=\"twitter:data1\" content=\"2 minutos\" \/>\n<script type=\"application\/ld+json\" class=\"yoast-schema-graph\">{\"@context\":\"https:\/\/schema.org\",\"@graph\":[{\"@type\":\"WebPage\",\"@id\":\"https:\/\/www.haatik.com\/eu\/konpainia\/\",\"url\":\"https:\/\/www.haatik.com\/eu\/konpainia\/\",\"name\":\"Haatik Dantza Konpainia I Euskal Dantza Garaikidea\",\"isPartOf\":{\"@id\":\"https:\/\/www.haatik.com\/eu\/#website\"},\"primaryImageOfPage\":{\"@id\":\"https:\/\/www.haatik.com\/eu\/konpainia\/#primaryimage\"},\"image\":{\"@id\":\"https:\/\/www.haatik.com\/eu\/konpainia\/#primaryimage\"},\"thumbnailUrl\":\"https:\/\/www.haatik.com\/wp-content\/uploads\/463058115_1074187327968514_5558928018995265853_n.jpg\",\"datePublished\":\"2017-02-24T22:57:56+00:00\",\"dateModified\":\"2024-12-20T17:04:39+00:00\",\"description\":\"2011. urtetik, Dantza konpainia gipuzkoarrak sorkuntza propioetan lan egiteaz gain, hainbat sortzaileekin elkarlanean aritzen da. Haatik Dantza Konpainia\",\"breadcrumb\":{\"@id\":\"https:\/\/www.haatik.com\/eu\/konpainia\/#breadcrumb\"},\"inLanguage\":\"es\",\"potentialAction\":[{\"@type\":\"ReadAction\",\"target\":[\"https:\/\/www.haatik.com\/eu\/konpainia\/\"]}]},{\"@type\":\"ImageObject\",\"inLanguage\":\"es\",\"@id\":\"https:\/\/www.haatik.com\/eu\/konpainia\/#primaryimage\",\"url\":\"https:\/\/www.haatik.com\/wp-content\/uploads\/463058115_1074187327968514_5558928018995265853_n.jpg\",\"contentUrl\":\"https:\/\/www.haatik.com\/wp-content\/uploads\/463058115_1074187327968514_5558928018995265853_n.jpg\",\"width\":1334,\"height\":750},{\"@type\":\"BreadcrumbList\",\"@id\":\"https:\/\/www.haatik.com\/eu\/konpainia\/#breadcrumb\",\"itemListElement\":[{\"@type\":\"ListItem\",\"position\":1,\"name\":\"Home\",\"item\":\"https:\/\/www.haatik.com\/es\/\"},{\"@type\":\"ListItem\",\"position\":2,\"name\":\"COMPA\u00d1\u00cdA\"}]},{\"@type\":\"WebSite\",\"@id\":\"https:\/\/www.haatik.com\/eu\/#website\",\"url\":\"https:\/\/www.haatik.com\/eu\/\",\"name\":\"haatik\",\"description\":\"haatik dantza konpainia\",\"publisher\":{\"@id\":\"https:\/\/www.haatik.com\/eu\/#organization\"},\"potentialAction\":[{\"@type\":\"SearchAction\",\"target\":{\"@type\":\"EntryPoint\",\"urlTemplate\":\"https:\/\/www.haatik.com\/eu\/?s={search_term_string}\"},\"query-input\":{\"@type\":\"PropertyValueSpecification\",\"valueRequired\":true,\"valueName\":\"search_term_string\"}}],\"inLanguage\":\"es\"},{\"@type\":\"Organization\",\"@id\":\"https:\/\/www.haatik.com\/eu\/#organization\",\"name\":\"haatik\",\"url\":\"https:\/\/www.haatik.com\/eu\/\",\"logo\":{\"@type\":\"ImageObject\",\"inLanguage\":\"es\",\"@id\":\"https:\/\/www.haatik.com\/eu\/#\/schema\/logo\/image\/\",\"url\":\"https:\/\/www.haatik.com\/wp-content\/uploads\/logo_haatik_2016-01.png\",\"contentUrl\":\"https:\/\/www.haatik.com\/wp-content\/uploads\/logo_haatik_2016-01.png\",\"width\":1036,\"height\":493,\"caption\":\"haatik\"},\"image\":{\"@id\":\"https:\/\/www.haatik.com\/eu\/#\/schema\/logo\/image\/\"},\"sameAs\":[\"https:\/\/www.facebook.com\/HaatikDantzaKonpainia\/\",\"https:\/\/x.com\/Haatik_Dantza\",\"https:\/\/instagram.com\/haatikdantzakonpainia\"]}]}<\/script>\n<!-- \/ Yoast SEO plugin. -->","yoast_head_json":{"title":"Haatik Dantza Konpainia I Euskal Dantza Garaikidea","description":"2011. urtetik, Dantza konpainia gipuzkoarrak sorkuntza propioetan lan egiteaz gain, hainbat sortzaileekin elkarlanean aritzen da. Haatik Dantza Konpainia","robots":{"index":"index","follow":"follow","max-snippet":"max-snippet:-1","max-image-preview":"max-image-preview:large","max-video-preview":"max-video-preview:-1"},"canonical":"https:\/\/www.haatik.com\/eu\/konpainia\/","og_locale":"es_ES","og_type":"article","og_title":"Haatik Dantza Konpainia I Euskal Dantza Garaikidea","og_description":"2011. urtetik, Dantza konpainia gipuzkoarrak sorkuntza propioetan lan egiteaz gain, hainbat sortzaileekin elkarlanean aritzen da. Haatik Dantza Konpainia","og_url":"https:\/\/www.haatik.com\/eu\/konpainia\/","og_site_name":"haatik","article_publisher":"https:\/\/www.facebook.com\/HaatikDantzaKonpainia\/","article_modified_time":"2024-12-20T17:04:39+00:00","og_image":[{"width":1334,"height":750,"url":"https:\/\/www.haatik.com\/wp-content\/uploads\/463058115_1074187327968514_5558928018995265853_n.jpg","type":"image\/jpeg"}],"twitter_card":"summary_large_image","twitter_site":"@Haatik_Dantza","twitter_misc":{"Tiempo de lectura":"2 minutos"},"schema":{"@context":"https:\/\/schema.org","@graph":[{"@type":"WebPage","@id":"https:\/\/www.haatik.com\/eu\/konpainia\/","url":"https:\/\/www.haatik.com\/eu\/konpainia\/","name":"Haatik Dantza Konpainia I Euskal Dantza Garaikidea","isPartOf":{"@id":"https:\/\/www.haatik.com\/eu\/#website"},"primaryImageOfPage":{"@id":"https:\/\/www.haatik.com\/eu\/konpainia\/#primaryimage"},"image":{"@id":"https:\/\/www.haatik.com\/eu\/konpainia\/#primaryimage"},"thumbnailUrl":"https:\/\/www.haatik.com\/wp-content\/uploads\/463058115_1074187327968514_5558928018995265853_n.jpg","datePublished":"2017-02-24T22:57:56+00:00","dateModified":"2024-12-20T17:04:39+00:00","description":"2011. urtetik, Dantza konpainia gipuzkoarrak sorkuntza propioetan lan egiteaz gain, hainbat sortzaileekin elkarlanean aritzen da. Haatik Dantza Konpainia","breadcrumb":{"@id":"https:\/\/www.haatik.com\/eu\/konpainia\/#breadcrumb"},"inLanguage":"es","potentialAction":[{"@type":"ReadAction","target":["https:\/\/www.haatik.com\/eu\/konpainia\/"]}]},{"@type":"ImageObject","inLanguage":"es","@id":"https:\/\/www.haatik.com\/eu\/konpainia\/#primaryimage","url":"https:\/\/www.haatik.com\/wp-content\/uploads\/463058115_1074187327968514_5558928018995265853_n.jpg","contentUrl":"https:\/\/www.haatik.com\/wp-content\/uploads\/463058115_1074187327968514_5558928018995265853_n.jpg","width":1334,"height":750},{"@type":"BreadcrumbList","@id":"https:\/\/www.haatik.com\/eu\/konpainia\/#breadcrumb","itemListElement":[{"@type":"ListItem","position":1,"name":"Home","item":"https:\/\/www.haatik.com\/es\/"},{"@type":"ListItem","position":2,"name":"COMPA\u00d1\u00cdA"}]},{"@type":"WebSite","@id":"https:\/\/www.haatik.com\/eu\/#website","url":"https:\/\/www.haatik.com\/eu\/","name":"haatik","description":"haatik dantza konpainia","publisher":{"@id":"https:\/\/www.haatik.com\/eu\/#organization"},"potentialAction":[{"@type":"SearchAction","target":{"@type":"EntryPoint","urlTemplate":"https:\/\/www.haatik.com\/eu\/?s={search_term_string}"},"query-input":{"@type":"PropertyValueSpecification","valueRequired":true,"valueName":"search_term_string"}}],"inLanguage":"es"},{"@type":"Organization","@id":"https:\/\/www.haatik.com\/eu\/#organization","name":"haatik","url":"https:\/\/www.haatik.com\/eu\/","logo":{"@type":"ImageObject","inLanguage":"es","@id":"https:\/\/www.haatik.com\/eu\/#\/schema\/logo\/image\/","url":"https:\/\/www.haatik.com\/wp-content\/uploads\/logo_haatik_2016-01.png","contentUrl":"https:\/\/www.haatik.com\/wp-content\/uploads\/logo_haatik_2016-01.png","width":1036,"height":493,"caption":"haatik"},"image":{"@id":"https:\/\/www.haatik.com\/eu\/#\/schema\/logo\/image\/"},"sameAs":["https:\/\/www.facebook.com\/HaatikDantzaKonpainia\/","https:\/\/x.com\/Haatik_Dantza","https:\/\/instagram.com\/haatikdantzakonpainia"]}]}},"_links":{"self":[{"href":"https:\/\/www.haatik.com\/es\/wp-json\/wp\/v2\/pages\/3487","targetHints":{"allow":["GET"]}}],"collection":[{"href":"https:\/\/www.haatik.com\/es\/wp-json\/wp\/v2\/pages"}],"about":[{"href":"https:\/\/www.haatik.com\/es\/wp-json\/wp\/v2\/types\/page"}],"author":[{"embeddable":true,"href":"https:\/\/www.haatik.com\/es\/wp-json\/wp\/v2\/users\/1"}],"replies":[{"embeddable":true,"href":"https:\/\/www.haatik.com\/es\/wp-json\/wp\/v2\/comments?post=3487"}],"version-history":[{"count":46,"href":"https:\/\/www.haatik.com\/es\/wp-json\/wp\/v2\/pages\/3487\/revisions"}],"predecessor-version":[{"id":11914,"href":"https:\/\/www.haatik.com\/es\/wp-json\/wp\/v2\/pages\/3487\/revisions\/11914"}],"wp:featuredmedia":[{"embeddable":true,"href":"https:\/\/www.haatik.com\/es\/wp-json\/wp\/v2\/media\/11774"}],"wp:attachment":[{"href":"https:\/\/www.haatik.com\/es\/wp-json\/wp\/v2\/media?parent=3487"}],"curies":[{"name":"wp","href":"https:\/\/api.w.org\/{rel}","templated":true}]}}